{"id":136,"date":"2023-03-30T07:34:15","date_gmt":"2023-03-30T07:34:15","guid":{"rendered":"https:\/\/factum-omibu.es\/abaq\/?page_id=136"},"modified":"2026-04-14T07:10:42","modified_gmt":"2026-04-14T07:10:42","slug":"espana","status":"publish","type":"page","link":"https:\/\/abaqdmc.com\/es\/spain\/","title":{"rendered":"Espa\u00f1a"},"content":{"rendered":"<h1>\n\t\t\tDESTINOS EN ESPA\u00d1A\t<\/h1>\n\t<p>Espa\u00f1a es un pa\u00eds diverso y encantador que ofrece infinitas posibilidades a los visitantes. Desde el rico patrimonio cultural y la deliciosa gastronom\u00eda hasta los impresionantes paisajes y las vibrantes ciudades, hay algo para todos los gustos.<\/p>\n<h2>\n\t\t\tCULTURA\t<\/h2>\n\t<p>Espa\u00f1a es un pa\u00eds con una historia y una cultura muy arraigadas que han dejado su huella en el mundo. Del flamenco a la Tomatina, de la arquitectura modernista de Gaud\u00ed a la herencia \u00e1rabe de Andaluc\u00eda, hay muchas formas de experimentar la riqueza cultural de Espa\u00f1a.<\/p>\n\t<p>\"Viajar es encontrar esas cosas que nunca supiste que estabas buscando\"<\/p>\n\t<p>An\u00f3nimo<\/p>\n<h2>\n\t\t\tGASTRONOM\u00cdA\t<\/h2>\n\t<p>La cocina espa\u00f1ola es conocida por su diversidad y sabor. Desde el pescado fresco de Andaluc\u00eda, pasando por los contundentes guisos de Castilla y Le\u00f3n, hasta la mundialmente conocida paella valenciana, hay algo para satisfacer todos los paladares. Aparte de la tradici\u00f3n, Espa\u00f1a tambi\u00e9n es conocida por su cocina innovadora y moderna. Los chefs espa\u00f1oles est\u00e1n constantemente superando los l\u00edmites y experimentando con nuevas t\u00e9cnicas y sabores, lo que convierte al pa\u00eds en un destino de primer orden para los amantes de la gastronom\u00eda.<\/p>\n<p>En general, el panorama gastron\u00f3mico espa\u00f1ol es diverso y est\u00e1 en constante evoluci\u00f3n, con multitud de opciones tanto de cocina tradicional como moderna. Tanto si buscas una paella cl\u00e1sica como una experiencia culinaria vanguardista, Espa\u00f1a tiene algo para todos.<\/p>\n<h2>\n\t\t\tLOS MEJORES LUGARES PARA VISITAR EN ESPA\u00d1A\t<\/h2>\n\t<p>Espa\u00f1a tiene abundantes destinos impresionantes que explorar. Algunos de los mejores lugares para visitar son:<\/p>\n<figure itemscope itemtype=\"https:\/\/schema.org\/ImageObject\">\n\t\t\t\t<img decoding=\"async\" src=\"https:\/\/abaqdmc.com\/wp-content\/uploads\/2023\/03\/img-6.png\" alt=\"img\" height=\"620\" width=\"615\" title=\"img\" onerror=\"this.style.display='none'\" loading=\"lazy\" \/>\n\t<\/figure>\n<h3>\n\t\t\tANDALUC\u00cdA\t<\/h3>\n\t<p>Andaluc\u00eda es una regi\u00f3n del sur de Espa\u00f1a conocida por su rico patrimonio cultural, sus impresionantes paisajes y su deliciosa cocina. Algunos de los principales destinos que visitar en Andaluc\u00eda son Granada, con su famoso palacio de la Alhambra y sus jardines, el encantador barrio del Albayz\u00edn y el animado barrio del Sacromonte. C\u00f3rdoba alberga la magn\u00edfica Mezquita-Catedral, y Sevilla cuenta con la torre de la Giralda, el Real Alc\u00e1zar y la Plaza de Espa\u00f1a. En Andaluc\u00eda tambi\u00e9n se encuentran Sierra Nevada y la comarca de la Alpujarra.\u00a0<\/p>\n<p>Andaluc\u00eda tiene una rica historia de coexistencia cultural, con tres culturas principales -la isl\u00e1mica, la jud\u00eda y la cristiana- que han dejado un impacto duradero en la arquitectura, el arte y las tradiciones de la regi\u00f3n. Aunque al principio los gitanos eran n\u00f3madas, acabaron asent\u00e1ndose en Andaluc\u00eda y otras partes de Espa\u00f1a. La coexistencia de estas culturas ha dado lugar a una mezcla \u00fanica de costumbres y tradiciones, que puede experimentarse a trav\u00e9s del arte, la m\u00fasica y los festivales de Andaluc\u00eda.<\/p>\n\t<p><a href=\"https:\/\/abaqdmc.com\/es\/servicios-a-medida\/\">o dise\u00f1a tu propia experiencia <img decoding=\"async\" src=\"https:\/\/abaqdmc.com\/wp-content\/uploads\/2023\/03\/IcVBZXon.png.webp\" alt=\"\" width=\"16\" height=\"16\" \/><\/a><\/p>\n<h3>\n\t\t\tBARCELONA\t<\/h3>\n\t<p>Barcelona es una ciudad vibrante y cosmopolita del noreste de Espa\u00f1a. Conocida por su arquitectura, incluidas las famosas obras de Antoni Gaud\u00ed, como la Sagrada Familia y el Park G\u00fcell, la ciudad es tambi\u00e9n un centro de arte y cultura, con un pr\u00f3spero panorama gastron\u00f3mico.<\/p>\n\t<p><a href=\"https:\/\/abaqdmc.com\/es\/servicios-a-medida\/\">o dise\u00f1a tu propia experiencia <img decoding=\"async\" src=\"https:\/\/abaqdmc.com\/wp-content\/uploads\/2023\/03\/IcVBZXon.png.webp\" alt=\"\" width=\"16\" height=\"16\" \/><\/a><\/p>\n<figure itemscope itemtype=\"https:\/\/schema.org\/ImageObject\">\n\t\t\t\t<img decoding=\"async\" src=\"https:\/\/abaqdmc.com\/wp-content\/uploads\/2023\/03\/img-1-2.png\" alt=\"img-1\" height=\"620\" width=\"615\" title=\"img-1\" onerror=\"this.style.display='none'\" loading=\"lazy\" \/>\n\t<\/figure>\n<figure itemscope itemtype=\"https:\/\/schema.org\/ImageObject\">\n\t\t\t\t<img decoding=\"async\" src=\"https:\/\/abaqdmc.com\/wp-content\/uploads\/2023\/03\/img-2-1.png\" alt=\"img-2\" height=\"620\" width=\"615\" title=\"img-2\" onerror=\"this.style.display='none'\" loading=\"lazy\" \/>\n\t<\/figure>\n<h3>\n\t\t\tMADRID\t<\/h3>\n\t<p>Madrid es la capital de Espa\u00f1a y un centro neur\u00e1lgico de arte, cultura y entretenimiento. Sede de museos mundialmente famosos como el Prado y el Reina Sof\u00eda, la ciudad es tambi\u00e9n conocida por su animada vida nocturna, sus excelentes restaurantes y sus hermosos parques.<\/p>\n\t<p><a href=\"https:\/\/abaqdmc.com\/es\/servicios-a-medida\/\">o dise\u00f1a tu propia experiencia <img decoding=\"async\" src=\"https:\/\/abaqdmc.com\/wp-content\/uploads\/2023\/03\/IcVBZXon.png.webp\" alt=\"\" width=\"16\" height=\"16\" \/><\/a><\/p>\n<h3>\n\t\t\tTOLEDO\t<\/h3>\n\t<p>Toledo es una ciudad hist\u00f3rica del centro de Espa\u00f1a que fue capital del pa\u00eds. Es conocida por su rico patrimonio cultural y su bella arquitectura, como la impresionante Catedral de Toledo y el Alc\u00e1zar de Toledo.<\/p>\n\t<p><a href=\"https:\/\/abaqdmc.com\/es\/servicios-a-medida\/\">o dise\u00f1a tu propia experiencia <img decoding=\"async\" src=\"https:\/\/abaqdmc.com\/wp-content\/uploads\/2023\/03\/IcVBZXon.png.webp\" alt=\"\" width=\"16\" height=\"16\" \/><\/a><\/p>\n<figure itemscope itemtype=\"https:\/\/schema.org\/ImageObject\">\n\t\t\t\t<img decoding=\"async\" src=\"https:\/\/abaqdmc.com\/wp-content\/uploads\/2023\/03\/img-3-1.png\" alt=\"img-3\" height=\"620\" width=\"615\" title=\"img-3\" onerror=\"this.style.display='none'\" loading=\"lazy\" \/>\n\t<\/figure>\n<figure itemscope itemtype=\"https:\/\/schema.org\/ImageObject\">\n\t\t\t\t<img decoding=\"async\" src=\"https:\/\/abaqdmc.com\/wp-content\/uploads\/2023\/03\/img-4-1.png\" alt=\"img-4\" height=\"620\" width=\"615\" title=\"img-4\" onerror=\"this.style.display='none'\" loading=\"lazy\" \/>\n\t<\/figure>\n<h3>\n\t\t\tEXTREMADURA\t<\/h3>\n\t<p>Extremadura es una regi\u00f3n del oeste de Espa\u00f1a conocida por sus bellos paisajes, como el Parque Nacional de Monfrag\u00fce y el Valle del Jerte, as\u00ed como por su patrimonio hist\u00f3rico, con ciudades como C\u00e1ceres y M\u00e9rida, con sus ruinas romanas de fama mundial.<\/p>\n\t<p><a href=\"https:\/\/abaqdmc.com\/es\/servicios-a-medida\/\">o dise\u00f1a tu propia experiencia <img decoding=\"async\" src=\"https:\/\/abaqdmc.com\/wp-content\/uploads\/2023\/03\/IcVBZXon.png.webp\" alt=\"\" width=\"16\" height=\"16\" \/><\/a><\/p>\n<h3>\n\t\t\tGALICIA\t<\/h3>\n\t<p>Galicia es una regi\u00f3n del noroeste de Espa\u00f1a conocida por su escarpada costa, su delicioso marisco y sus vinos de fama mundial. La ciudad de Santiago de Compostela, con su hermosa catedral y su casco hist\u00f3rico, es un destino de visita obligada.<\/p>\n\t<p><a href=\"https:\/\/abaqdmc.com\/es\/servicios-a-medida\/\">o dise\u00f1a tu propia experiencia <img decoding=\"async\" src=\"https:\/\/abaqdmc.com\/wp-content\/uploads\/2023\/03\/IcVBZXon.png.webp\" alt=\"\" width=\"16\" height=\"16\" \/><\/a><\/p>\n<figure itemscope itemtype=\"https:\/\/schema.org\/ImageObject\">\n\t\t\t\t<img decoding=\"async\" src=\"https:\/\/abaqdmc.com\/wp-content\/uploads\/2023\/03\/img-5-1.png\" alt=\"img-5\" height=\"620\" width=\"615\" title=\"img-5\" onerror=\"this.style.display='none'\" loading=\"lazy\" \/>\n\t<\/figure>\n<figure itemscope itemtype=\"https:\/\/schema.org\/ImageObject\">\n\t\t\t\t<img decoding=\"async\" src=\"https:\/\/abaqdmc.com\/wp-content\/uploads\/2023\/03\/img-6-1.png\" alt=\"img-6\" height=\"620\" width=\"615\" title=\"img-6\" onerror=\"this.style.display='none'\" loading=\"lazy\" \/>\n\t<\/figure>\n<h3>\n\t\t\tValencia\t<\/h3>\n\t<p>Valencia, una cautivadora regi\u00f3n enclavada en la costa oriental de Espa\u00f1a, es famosa por su vibrante cultura, sus impresionantes playas y una escena culinaria que deleita el paladar. La propia ciudad de Valencia es una joya radiante, que combina a la perfecci\u00f3n la historia antigua con la innovaci\u00f3n contempor\u00e1nea, ofreciendo un delicioso fest\u00edn para los sentidos.<\/p>\n<p>No se puede mencionar Valencia sin rendir homenaje a su ic\u00f3nico tesoro gastron\u00f3mico, la mundialmente famosa paella. Este delicioso plato de arroz, rebosante de sabores y fragancias, se ha convertido en sin\u00f3nimo de la regi\u00f3n. Valencia se enorgullece de su rico patrimonio culinario, y saborear una aut\u00e9ntica paella valenciana es una experiencia que te transporta a un mundo de sabrosa indulgencia.<\/p>\n\t<p><a href=\"https:\/\/abaqdmc.com\/es\/servicios-a-medida\/\">o dise\u00f1a tu propia experiencia <img decoding=\"async\" src=\"https:\/\/abaqdmc.com\/wp-content\/uploads\/2023\/03\/IcVBZXon.png.webp\" alt=\"\" width=\"16\" height=\"16\" \/><\/a><\/p>\n<h3>\n\t\t\tPA\u00cdS VASCO\t<\/h3>\n\t<p>El Pa\u00eds Vasco, enclavado en el norte de Espa\u00f1a, es una regi\u00f3n cautivadora famosa por su rico patrimonio cultural, sus impresionantes paisajes y su exquisita gastronom\u00eda. El atractivo del Pa\u00eds Vasco reside en su mezcla \u00fanica de tradiciones ancestrales y encanto contempor\u00e1neo, que lo convierten en un destino verdaderamente fascinante.<\/p>\n<p>Lo m\u00e1s destacado del Pa\u00eds Vasco es su escena gastron\u00f3mica, conocida en todo el mundo por su excelencia culinaria. San Sebasti\u00e1n, una joya costera, es un para\u00edso gastron\u00f3mico con m\u00e1s restaurantes con estrellas Michelin per c\u00e1pita que ning\u00fan otro lugar del mundo. Los bares de pintxos de la ciudad atraen a los visitantes con tentadoras creaciones del tama\u00f1o de un bocado, mostrando la pasi\u00f3n vasca por la gastronom\u00eda. Del\u00e9itate con los famosos platos de la regi\u00f3n, como el bacalao al pil-pil o el txangurro, y deja que tus papilas gustativas se transporten al para\u00edso culinario.<\/p>\n\t<p><a href=\"https:\/\/abaqdmc.com\/es\/servicios-a-medida\/\">o dise\u00f1a tu propia experiencia <img decoding=\"async\" src=\"https:\/\/abaqdmc.com\/wp-content\/uploads\/2023\/03\/IcVBZXon.png.webp\" alt=\"\" width=\"16\" height=\"16\" \/><\/a><\/p>\n<figure itemscope itemtype=\"https:\/\/schema.org\/ImageObject\">\n\t\t\t\t<img decoding=\"async\" src=\"https:\/\/abaqdmc.com\/wp-content\/uploads\/2023\/03\/img-7.png\" alt=\"img-7\" height=\"620\" width=\"615\" title=\"img-7\" onerror=\"this.style.display='none'\" loading=\"lazy\" \/>\n\t<\/figure>\n<h3>\n\t\t\tEXPERIENCIAS A MEDIDA EN ESPA\u00d1A\t<\/h3>\n\t<p>En ABAQ DMC, creemos en la creaci\u00f3n de experiencias inolvidables que se adapten a tus preferencias e intereses. Tanto si te interesa el patrimonio cultural, la gastronom\u00eda o la naturaleza, podemos dise\u00f1ar una experiencia personalizada que supere tus expectativas. Desde visitas privadas a experiencias gastron\u00f3micas exclusivas, colaboraremos contigo para desarrollar un itinerario ideal para tu visita a Espa\u00f1a.<\/p>","protected":false},"excerpt":{"rendered":"<p>DESTINOS DE ESPA\u00d1A Espa\u00f1a es un pa\u00eds diverso y encantador que ofrece infinitas posibilidades a los visitantes. Desde el rico patrimonio cultural y la deliciosa gastronom\u00eda hasta los impresionantes paisajes y las vibrantes ciudades, hay algo para todos los gustos. CULTURA Espa\u00f1a es un pa\u00eds con una historia y una cultura muy arraigadas que han dejado su huella en el mundo. Desde el flamenco ... <a title=\"Espa\u00f1a\" class=\"read-more\" href=\"https:\/\/abaqdmc.com\/es\/spain\/\" aria-label=\"Leer m\u00e1s sobre Espa\u00f1a\">Leer m\u00e1s<\/a><\/p>","protected":false},"author":8,"featured_media":0,"parent":0,"menu_order":0,"comment_status":"closed","ping_status":"closed","template":"","meta":{"footnotes":""},"class_list":["post-136","page","type-page","status-publish"],"yoast_head":"<!-- This site is optimized with the Yoast SEO plugin v27.5 - https:\/\/yoast.com\/product\/yoast-seo-wordpress\/ -->\n<title>Discover Spain - ABAQ DMC<\/title>\n<meta name=\"description\" content=\"Uncover the wonders of Spain with ABAQ DMC. Immerse yourself in the vibrant culture of one of the best tourist destinations worldwide.\" \/>\n<meta name=\"robots\" content=\"index, follow, max-snippet:-1, max-image-preview:large, max-video-preview:-1\" \/>\n<link rel=\"canonical\" href=\"https:\/\/abaqdmc.com\/es\/espana\/\" \/>\n<meta property=\"og:locale\" content=\"es_ES\" \/>\n<meta property=\"og:type\" content=\"article\" \/>\n<meta property=\"og:title\" content=\"Discover Spain - ABAQ DMC\" \/>\n<meta property=\"og:description\" content=\"Uncover the wonders of Spain with ABAQ DMC. Immerse yourself in the vibrant culture of one of the best tourist destinations worldwide.\" \/>\n<meta property=\"og:url\" content=\"https:\/\/abaqdmc.com\/es\/espana\/\" \/>\n<meta property=\"og:site_name\" content=\"ABAQ\" \/>\n<meta property=\"article:modified_time\" content=\"2026-04-14T07:10:42+00:00\" \/>\n<meta property=\"og:image\" content=\"https:\/\/abaqdmc.com\/wp-content\/uploads\/2023\/03\/img-6.png\" \/>\n<meta name=\"twitter:card\" content=\"summary_large_image\" \/>\n<meta name=\"twitter:label1\" content=\"Tiempo de lectura\" \/>\n\t<meta name=\"twitter:data1\" content=\"8 minutos\" \/>\n<script type=\"application\/ld+json\" class=\"yoast-schema-graph\">{\"@context\":\"https:\\\/\\\/schema.org\",\"@graph\":[{\"@type\":\"WebPage\",\"@id\":\"https:\\\/\\\/abaqdmc.com\\\/spain\\\/\",\"url\":\"https:\\\/\\\/abaqdmc.com\\\/spain\\\/\",\"name\":\"Discover Spain - ABAQ DMC\",\"isPartOf\":{\"@id\":\"https:\\\/\\\/abaqdmc.com\\\/#website\"},\"primaryImageOfPage\":{\"@id\":\"https:\\\/\\\/abaqdmc.com\\\/spain\\\/#primaryimage\"},\"image\":{\"@id\":\"https:\\\/\\\/abaqdmc.com\\\/spain\\\/#primaryimage\"},\"thumbnailUrl\":\"https:\\\/\\\/abaqdmc.com\\\/wp-content\\\/uploads\\\/2023\\\/03\\\/img-6.png\",\"datePublished\":\"2023-03-30T07:34:15+00:00\",\"dateModified\":\"2026-04-14T07:10:42+00:00\",\"description\":\"Uncover the wonders of Spain with ABAQ DMC. Immerse yourself in the vibrant culture of one of the best tourist destinations worldwide.\",\"breadcrumb\":{\"@id\":\"https:\\\/\\\/abaqdmc.com\\\/spain\\\/#breadcrumb\"},\"inLanguage\":\"es\",\"potentialAction\":[{\"@type\":\"ReadAction\",\"target\":[\"https:\\\/\\\/abaqdmc.com\\\/spain\\\/\"]}]},{\"@type\":\"ImageObject\",\"inLanguage\":\"es\",\"@id\":\"https:\\\/\\\/abaqdmc.com\\\/spain\\\/#primaryimage\",\"url\":\"https:\\\/\\\/abaqdmc.com\\\/wp-content\\\/uploads\\\/2023\\\/03\\\/img-6.png\",\"contentUrl\":\"https:\\\/\\\/abaqdmc.com\\\/wp-content\\\/uploads\\\/2023\\\/03\\\/img-6.png\"},{\"@type\":\"BreadcrumbList\",\"@id\":\"https:\\\/\\\/abaqdmc.com\\\/spain\\\/#breadcrumb\",\"itemListElement\":[{\"@type\":\"ListItem\",\"position\":1,\"name\":\"Portada\",\"item\":\"https:\\\/\\\/abaqdmc.com\\\/\"},{\"@type\":\"ListItem\",\"position\":2,\"name\":\"Spain\"}]},{\"@type\":\"WebSite\",\"@id\":\"https:\\\/\\\/abaqdmc.com\\\/#website\",\"url\":\"https:\\\/\\\/abaqdmc.com\\\/\",\"name\":\"ABAQ DMC\",\"description\":\"ABAQ DMC is a Destination Management Company based in Granada, Spain.\",\"publisher\":{\"@id\":\"https:\\\/\\\/abaqdmc.com\\\/#organization\"},\"alternateName\":\"ABAQ Destination Management Company\",\"potentialAction\":[{\"@type\":\"SearchAction\",\"target\":{\"@type\":\"EntryPoint\",\"urlTemplate\":\"https:\\\/\\\/abaqdmc.com\\\/?s={search_term_string}\"},\"query-input\":{\"@type\":\"PropertyValueSpecification\",\"valueRequired\":true,\"valueName\":\"search_term_string\"}}],\"inLanguage\":\"es\"},{\"@type\":\"Organization\",\"@id\":\"https:\\\/\\\/abaqdmc.com\\\/#organization\",\"name\":\"ABAQ\",\"alternateName\":\"ABAQ Destination Management Company\",\"url\":\"https:\\\/\\\/abaqdmc.com\\\/\",\"logo\":{\"@type\":\"ImageObject\",\"inLanguage\":\"es\",\"@id\":\"https:\\\/\\\/abaqdmc.com\\\/#\\\/schema\\\/logo\\\/image\\\/\",\"url\":\"https:\\\/\\\/abaqdmc.com\\\/wp-content\\\/uploads\\\/2023\\\/04\\\/abaq-black-1.png\",\"contentUrl\":\"https:\\\/\\\/abaqdmc.com\\\/wp-content\\\/uploads\\\/2023\\\/04\\\/abaq-black-1.png\",\"width\":100,\"height\":42,\"caption\":\"ABAQ\"},\"image\":{\"@id\":\"https:\\\/\\\/abaqdmc.com\\\/#\\\/schema\\\/logo\\\/image\\\/\"}}]}<\/script>\n<!-- \/ Yoast SEO plugin. -->","yoast_head_json":{"title":"Descubre Espa\u00f1a - ABAQ DMC","description":"Descubre las maravillas de Espa\u00f1a con ABAQ DMC. Sum\u00e9rgete en la vibrante cultura de uno de los mejores destinos tur\u00edsticos del mundo.","robots":{"index":"index","follow":"follow","max-snippet":"max-snippet:-1","max-image-preview":"max-image-preview:large","max-video-preview":"max-video-preview:-1"},"canonical":"https:\/\/abaqdmc.com\/es\/espana\/","og_locale":"es_ES","og_type":"article","og_title":"Discover Spain - ABAQ DMC","og_description":"Uncover the wonders of Spain with ABAQ DMC. Immerse yourself in the vibrant culture of one of the best tourist destinations worldwide.","og_url":"https:\/\/abaqdmc.com\/es\/espana\/","og_site_name":"ABAQ","article_modified_time":"2026-04-14T07:10:42+00:00","og_image":[{"url":"https:\/\/abaqdmc.com\/wp-content\/uploads\/2023\/03\/img-6.png","type":"","width":"","height":""}],"twitter_card":"summary_large_image","twitter_misc":{"Tiempo de lectura":"8 minutos"},"schema":{"@context":"https:\/\/schema.org","@graph":[{"@type":"WebPage","@id":"https:\/\/abaqdmc.com\/spain\/","url":"https:\/\/abaqdmc.com\/spain\/","name":"Descubre Espa\u00f1a - ABAQ DMC","isPartOf":{"@id":"https:\/\/abaqdmc.com\/#website"},"primaryImageOfPage":{"@id":"https:\/\/abaqdmc.com\/spain\/#primaryimage"},"image":{"@id":"https:\/\/abaqdmc.com\/spain\/#primaryimage"},"thumbnailUrl":"https:\/\/abaqdmc.com\/wp-content\/uploads\/2023\/03\/img-6.png","datePublished":"2023-03-30T07:34:15+00:00","dateModified":"2026-04-14T07:10:42+00:00","description":"Descubre las maravillas de Espa\u00f1a con ABAQ DMC. Sum\u00e9rgete en la vibrante cultura de uno de los mejores destinos tur\u00edsticos del mundo.","breadcrumb":{"@id":"https:\/\/abaqdmc.com\/spain\/#breadcrumb"},"inLanguage":"es","potentialAction":[{"@type":"ReadAction","target":["https:\/\/abaqdmc.com\/spain\/"]}]},{"@type":"ImageObject","inLanguage":"es","@id":"https:\/\/abaqdmc.com\/spain\/#primaryimage","url":"https:\/\/abaqdmc.com\/wp-content\/uploads\/2023\/03\/img-6.png","contentUrl":"https:\/\/abaqdmc.com\/wp-content\/uploads\/2023\/03\/img-6.png"},{"@type":"BreadcrumbList","@id":"https:\/\/abaqdmc.com\/spain\/#breadcrumb","itemListElement":[{"@type":"ListItem","position":1,"name":"Portada","item":"https:\/\/abaqdmc.com\/"},{"@type":"ListItem","position":2,"name":"Spain"}]},{"@type":"WebSite","@id":"https:\/\/abaqdmc.com\/#website","url":"https:\/\/abaqdmc.com\/","name":"ABAQ DMC","description":"ABAQ DMC es una empresa de gesti\u00f3n de destinos con sede en Granada, Espa\u00f1a.","publisher":{"@id":"https:\/\/abaqdmc.com\/#organization"},"alternateName":"ABAQ Destination Management Company","potentialAction":[{"@type":"SearchAction","target":{"@type":"EntryPoint","urlTemplate":"https:\/\/abaqdmc.com\/?s={search_term_string}"},"query-input":{"@type":"PropertyValueSpecification","valueRequired":true,"valueName":"search_term_string"}}],"inLanguage":"es"},{"@type":"Organization","@id":"https:\/\/abaqdmc.com\/#organization","name":"ABAQ","alternateName":"ABAQ Destination Management Company","url":"https:\/\/abaqdmc.com\/","logo":{"@type":"ImageObject","inLanguage":"es","@id":"https:\/\/abaqdmc.com\/#\/schema\/logo\/image\/","url":"https:\/\/abaqdmc.com\/wp-content\/uploads\/2023\/04\/abaq-black-1.png","contentUrl":"https:\/\/abaqdmc.com\/wp-content\/uploads\/2023\/04\/abaq-black-1.png","width":100,"height":42,"caption":"ABAQ"},"image":{"@id":"https:\/\/abaqdmc.com\/#\/schema\/logo\/image\/"}}]}},"_links":{"self":[{"href":"https:\/\/abaqdmc.com\/es\/wp-json\/wp\/v2\/pages\/136","targetHints":{"allow":["GET"]}}],"collection":[{"href":"https:\/\/abaqdmc.com\/es\/wp-json\/wp\/v2\/pages"}],"about":[{"href":"https:\/\/abaqdmc.com\/es\/wp-json\/wp\/v2\/types\/page"}],"author":[{"embeddable":true,"href":"https:\/\/abaqdmc.com\/es\/wp-json\/wp\/v2\/users\/8"}],"replies":[{"embeddable":true,"href":"https:\/\/abaqdmc.com\/es\/wp-json\/wp\/v2\/comments?post=136"}],"version-history":[{"count":13,"href":"https:\/\/abaqdmc.com\/es\/wp-json\/wp\/v2\/pages\/136\/revisions"}],"predecessor-version":[{"id":2140,"href":"https:\/\/abaqdmc.com\/es\/wp-json\/wp\/v2\/pages\/136\/revisions\/2140"}],"wp:attachment":[{"href":"https:\/\/abaqdmc.com\/es\/wp-json\/wp\/v2\/media?parent=136"}],"curies":[{"name":"wp","href":"https:\/\/api.w.org\/{rel}","templated":true}]}}