{"id":15,"date":"2023-03-29T07:59:57","date_gmt":"2023-03-29T07:59:57","guid":{"rendered":"https:\/\/factum-omibu.es\/abaq\/?page_id=15"},"modified":"2026-04-29T10:47:26","modified_gmt":"2026-04-29T10:47:26","slug":"inicio","status":"publish","type":"page","link":"https:\/\/abaqdmc.com\/es\/","title":{"rendered":"Inicio"},"content":{"rendered":"<figure itemscope itemtype=\"https:\/\/schema.org\/ImageObject\">\n\t\t\t\t<img decoding=\"async\" src=\"https:\/\/abaqdmc.com\/wp-content\/uploads\/2026\/04\/logo-abaq-beige-cabecera.png\" alt=\"Abaq DMC\" height=\"494\" width=\"525\" onerror=\"this.style.display='none'\" loading=\"lazy\" \/>\n\t<\/figure>\n<h1>\n\t\t\tABAQ<br \/>Destination<br \/>Management<br \/>Empresa<br \/>Espa\u00f1a\t<\/h1>\n<h3>\n\t\t\tnuestros destinos\t<\/h3>\n\t<p><a href=\"https:\/\/abaqdmc.com\/es\/destinos\/\">Insp\u00edrese y descubra nuestros destinos <img decoding=\"async\" src=\"https:\/\/abaqdmc.com\/wp-content\/uploads\/2023\/03\/Icfgdon.png.webp\" alt=\"\" width=\"16\" height=\"16\" \/><\/a><\/p>\n<h3>\n\t\t\tDise\u00f1e su propia experiencia\t<\/h3>\n\t<p><a href=\"https:\/\/abaqdmc.com\/es\/servicios-a-medida\/\"><strong>Una experiencia perfecta hecha para usted <img decoding=\"async\" src=\"https:\/\/abaqdmc.com\/wp-content\/uploads\/2023\/03\/Icfgdon.png.webp\" alt=\"\" width=\"16\" height=\"16\" \/><\/strong><\/a><\/p>\n<h3>\n\t\t\tponte en contacto con nosotros\t<\/h3>\n\t<p><a href=\"https:\/\/abaqdmc.com\/es\/contacta-con-nosotros\/\">contacte con nosotros si necesita m\u00e1s informaci\u00f3n <img decoding=\"async\" src=\"https:\/\/abaqdmc.com\/wp-content\/uploads\/2023\/03\/Icfgdon.png.webp\" alt=\"\" width=\"16\" height=\"16\" \/><\/a><\/p>\n\t<p>ABAQ es un DMC espa\u00f1ol especializado en servicios a medida para viajes de ocio, visitas culturales, incentivos y eventos en toda Espa\u00f1a, con especial atenci\u00f3n en Andaluc\u00eda.<\/p>\n\t<p>Gestionamos circuitos, proyectos de viaje o servicios espec\u00edficos por toda Andaluc\u00eda o incluyendo los destinos espa\u00f1oles m\u00e1s importantes como Barcelona, Madrid, Toledo, Valencia o San Sebasti\u00e1n, para contar con los mayores Aeropuertos internacionales de la pen\u00ednsula adem\u00e1s de M\u00e1laga para aquellos clientes que necesiten entrar o salir de nuestro Pa\u00eds desde diferentes lugares o busquen la experiencia de \"explorar Espa\u00f1a\".<\/p>\n<p>En pocas palabras, ABAQ DMC es un socio local de primera calidad, fiable y con experiencia para aquellos que buscan crear una experiencia memorable en Andaluc\u00eda o Espa\u00f1a.<\/p>\n<h2>\n\t\t\tDESTINOS\t<\/h2>\n\t<p>Somos expertos en destinos andaluces como Granada, Sevilla, C\u00f3rdoba y M\u00e1laga, y en los destinos m\u00e1s visitados de Espa\u00f1a, como Madrid, Barcelona, Valencia, Galicia y Pa\u00eds Vasco.<\/p>\n\t<p>andaluc\u00eda:<\/p>\n\t<p><a href=\"https:\/\/abaqdmc.com\/es\/andalucia\/#granada\">GRANADA<\/a><\/p>\n<p><a href=\"https:\/\/abaqdmc.com\/es\/andalucia\/#malaga\">M\u00c1LAGA<\/a><\/p>\n<p><a href=\"https:\/\/abaqdmc.com\/es\/andalucia\/#seville\">SEVILLA<\/a><\/p>\n<p><a href=\"https:\/\/abaqdmc.com\/es\/andalucia\/#cordoba\">C\u00d3RDOBA<\/a><\/p>\n<p><a href=\"https:\/\/abaqdmc.com\/es\/andalucia\/#cadiz\">C\u00c1DIZ<\/a><\/p>\n<p><a href=\"https:\/\/abaqdmc.com\/es\/andalucia\/#almeria\">ALMER\u00cdA<\/a><\/p>\n<p><a href=\"https:\/\/abaqdmc.com\/es\/andalucia\/#jaen\">JA\u00c9N<\/a><\/p>\n<p><a href=\"https:\/\/abaqdmc.com\/es\/andalucia\/#huelva\">HUELVA<\/a><\/p>\n\t<p>Espa\u00f1a:<\/p>\n\t<p><a href=\"https:\/\/abaqdmc.com\/es\/espana\/#barcelona\">BARCELONA<\/a><\/p>\n<p><a href=\"https:\/\/abaqdmc.com\/es\/espana\/#madrid\">MADRID<\/a><\/p>\n<p><a href=\"https:\/\/abaqdmc.com\/es\/espana\/#toledo\">TOLEDO<\/a><\/p>\n<p><a href=\"https:\/\/abaqdmc.com\/es\/espana\/#extremadura\">EXTREMADURA<\/a><\/p>\n<p><a href=\"https:\/\/abaqdmc.com\/es\/espana\/#galicia\">GALICIA<\/a><\/p>\n<p><a href=\"https:\/\/abaqdmc.com\/es\/espana\/#valencia\">Valencia<\/a><\/p>\n<p><a href=\"https:\/\/abaqdmc.com\/es\/espana\/#vasco\">PA\u00cdS VASCO<\/a><\/p>\n<h2>\n\t\t\tRESUMEN DE EXPERIENCIAS\t<\/h2>\n\t<p>Dise\u00f1ados con la habilidad y el cari\u00f1o de un artesano, le presentamos los productos exclusivos y personalizados que abrir\u00e1n puertas que permanecen cerradas a ojos de la mayor\u00eda.\u00a0<\/p>\n<p>Recorriendo Andaluc\u00eda con los 5 sentidos, descubriendo monumentos guiados por profesionales especializados, descansando en alojamientos con encanto o disfrutando de servicios exclusivos de atenci\u00f3n personalizada, nuestros expertos locales extraen las excelencias de cada territorio y las comparten con el viajero, consiguiendo que la experiencia sea realmente inolvidable.<\/p>\n\t\t\t<a href=\"https:\/\/abaqdmc.com\/es\/contacta-con-nosotros\/\"  target=\"_self\">\n\t\t\t\t\t\t\tM\u00e1s informaci\u00f3n\n\t\t\t\t\t<\/a>\n\t<p><a href=\"https:\/\/abaqdmc.com\/es\/servicios-a-medida\/\">o DISE\u00d1A TU PROPIA EXPERIENCIA <img decoding=\"async\" src=\"https:\/\/abaqdmc.com\/wp-content\/uploads\/2023\/03\/IcVBZXon.png.webp\" alt=\"\" width=\"16\" height=\"16\" \/><\/a><\/p>\n<figure itemscope itemtype=\"https:\/\/schema.org\/ImageObject\">\n\t\t\t\t<img decoding=\"async\" src=\"https:\/\/abaqdmc.com\/wp-content\/uploads\/2023\/03\/Mask-xcvgroup.png\" alt=\"M\u00e1scara xcvgroup\" title=\"M\u00e1scara xcvgroup\" onerror=\"this.style.display='none'\" loading=\"lazy\" \/>\n\t<\/figure>\n<h3>\n\t\t\tANDALUC\u00cdA 5 SENTIDOS\t<\/h3>\n\t<p>Con este completo y exclusivo programa de experiencias, podr\u00e1 vivir y descubrir una de las regiones m\u00e1s bellas del mundo con los 5 sentidos.<\/p>\n<p>Una experiencia total y envolvente para conocer la cultura, las tradiciones y la gastronom\u00eda de Andaluc\u00eda mientras visita sus lugares y monumentos m\u00e1s destacados.<\/p>\n<figure itemscope itemtype=\"https:\/\/schema.org\/ImageObject\">\n\t\t\t\t<img decoding=\"async\" src=\"https:\/\/abaqdmc.com\/wp-content\/uploads\/2023\/03\/imagekjh.png\" alt=\"imagekjh\" title=\"imagekjh\" onerror=\"this.style.display='none'\" loading=\"lazy\" \/>\n\t<\/figure>\n<h3>\n\t\t\tCIRCUITOS A MEDIDA\t<\/h3>\n\t<p>Podemos adaptar y modificar cada experiencia a su gusto, elaborando una propuesta adaptada a sus preferencias. Cubrimos las principales ciudades de Espa\u00f1a, y tambi\u00e9n ofrecemos circuitos para acercar Espa\u00f1a a pa\u00edses como Portugal o Marruecos. <\/p>\n<figure itemscope itemtype=\"https:\/\/schema.org\/ImageObject\">\n\t\t\t\t<img decoding=\"async\" src=\"https:\/\/abaqdmc.com\/wp-content\/uploads\/2023\/03\/Mask-grovbup.png\" alt=\"M\u00e1scara grovbup\" title=\"M\u00e1scara grovbup\" onerror=\"this.style.display='none'\" loading=\"lazy\" \/>\n\t<\/figure>\n<h3>\n\t\t\tEXPERIENCIAS A MEDIDA\t<\/h3>\n\t<p>N\u00f3mbrelo y lo haremos realidad. Tenemos una enorme cartera de experiencias, tours, actividades, alojamientos y servicios en las principales ciudades de Andaluc\u00eda y Espa\u00f1a. Eche un vistazo a algunos de nuestros itinerarios accediendo a su \u00e1rea privada. Ten en cuenta que TODO se puede adaptar para que la experiencia sea \u00fanica e inolvidable.<\/p>\n<h2>\n\t\t\tSERVICIOS\t<\/h2>\n\t<p>En ABAQ DMC, nos enorgullecemos de nuestra capacidad para hacer realidad tus ideas de viaje. Tanto si se trata de un viaje de ocio, una visita cultural, un viaje de incentivo, una conferencia, un evento o una actividad de trabajo en grupo, tenemos los valores y las herramientas necesarias para ofrecer servicios a medida que satisfagan las necesidades de nuestros clientes.<\/p>\n<p>Nuestro equipo profesional de organizadores de eventos, consultores, analistas, agentes de viajes y gu\u00edas tur\u00edsticos oficiales permite una gesti\u00f3n integral y personalizada de los proyectos.<\/p>\n<h2>\n\t\t\tnuestro equipo\t<\/h2>\n<figure itemscope itemtype=\"https:\/\/schema.org\/ImageObject\">\n\t\t\t\t<img decoding=\"async\" src=\"https:\/\/abaqdmc.com\/wp-content\/uploads\/2023\/03\/jago-color.png\" alt=\"Jago Sermasi\" onerror=\"this.style.display='none'\" loading=\"lazy\" \/>\n\t<\/figure>\n\t<p>Jago Sermasi<\/p>\n<p>Socio fundador &amp; director de marketing<\/p>\n<figure itemscope itemtype=\"https:\/\/schema.org\/ImageObject\">\n\t\t\t\t<img decoding=\"async\" src=\"https:\/\/abaqdmc.com\/wp-content\/uploads\/2024\/12\/equipo_paula.jpg\" alt=\"Paula Garc\u00eda\" height=\"280\" width=\"400\" onerror=\"this.style.display='none'\" loading=\"lazy\" \/>\n\t<\/figure>\n\t<p>Paula Garc\u00eda<\/p>\n<p>Directora General, Dise\u00f1adora de Viajes y Gu\u00eda Oficial<\/p>\n<figure itemscope itemtype=\"https:\/\/schema.org\/ImageObject\">\n\t\t\t\t<img decoding=\"async\" src=\"https:\/\/abaqdmc.com\/wp-content\/uploads\/2024\/12\/equipo_eric.jpg\" alt=\"Eric Zint\" height=\"280\" width=\"400\" onerror=\"this.style.display='none'\" loading=\"lazy\" \/>\n\t<\/figure>\n\t<p>Eric Zint<\/p>\n<p>Co-founder &amp; Chief Financial Officer<\/p>\n<figure itemscope itemtype=\"https:\/\/schema.org\/ImageObject\">\n\t\t\t\t<img decoding=\"async\" src=\"https:\/\/abaqdmc.com\/wp-content\/uploads\/2024\/12\/equipo_bea.jpg\" alt=\"\" height=\"280\" width=\"400\" onerror=\"this.style.display='none'\" loading=\"lazy\" \/>\n\t<\/figure>\n\t<p>Beatriz Guti\u00e9rrez<\/p>\n<p>Dise\u00f1adora de Viajes y Gu\u00eda Oficial<\/p>\n<figure itemscope itemtype=\"https:\/\/schema.org\/ImageObject\">\n\t\t\t\t<img decoding=\"async\" src=\"https:\/\/abaqdmc.com\/wp-content\/uploads\/2023\/03\/juan-color.png\" alt=\"Juan Pedro Gonz\u00e1lez\" onerror=\"this.style.display='none'\" loading=\"lazy\" \/>\n\t<\/figure>\n\t<p>Juan Pedro Gonz\u00e1lez<\/p>\n<p>Socio fundador &amp; director de operaciones<\/p>\n<figure itemscope itemtype=\"https:\/\/schema.org\/ImageObject\">\n\t\t\t\t<img decoding=\"async\" src=\"https:\/\/abaqdmc.com\/wp-content\/uploads\/2023\/03\/marta-color.png\" alt=\"Marta de la Torre\" onerror=\"this.style.display='none'\" loading=\"lazy\" \/>\n\t<\/figure>\n\t<p>Marta de la Torre<\/p>\n<p>Gu\u00eda Oficial<\/p>\n<figure itemscope itemtype=\"https:\/\/schema.org\/ImageObject\">\n\t\t\t\t<img decoding=\"async\" src=\"https:\/\/abaqdmc.com\/wp-content\/uploads\/2024\/12\/equipo_elena.jpg\" alt=\"Elena Alabarces\" height=\"280\" width=\"400\" onerror=\"this.style.display='none'\" loading=\"lazy\" \/>\n\t<\/figure>\n\t<p>Elena Alabarces<\/p>\nDise\u00f1adora de viajes<br \/>\n\n<figure itemscope itemtype=\"https:\/\/schema.org\/ImageObject\">\n\t\t\t\t<img decoding=\"async\" src=\"https:\/\/abaqdmc.com\/wp-content\/uploads\/2024\/12\/equipo_marta.jpg\" alt=\"Marta S\u00e1nchez\" height=\"280\" width=\"400\" onerror=\"this.style.display='none'\" loading=\"lazy\" \/>\n\t<\/figure>\n\t<p>Marta S\u00e1nchez<\/p>\nGu\u00eda oficial<br \/>\n\n<figure itemscope itemtype=\"https:\/\/schema.org\/ImageObject\">\n\t\t\t\t<img decoding=\"async\" src=\"https:\/\/abaqdmc.com\/wp-content\/uploads\/2024\/12\/equipo_delfina.jpg\" alt=\"Delfina Alonso\" height=\"280\" width=\"400\" onerror=\"this.style.display='none'\" loading=\"lazy\" \/>\n\t<\/figure>\n\t<p>Delfina Alonso<\/p>\nDise\u00f1adora de Viajes y Gu\u00eda Oficial<br \/>\n\n<figure itemscope itemtype=\"https:\/\/schema.org\/ImageObject\">\n\t\t\t\t<img decoding=\"async\" src=\"https:\/\/abaqdmc.com\/wp-content\/uploads\/2026\/02\/equipo_monica.jpg\" alt=\"M\u00f3nica L\u00f3pez\" height=\"280\" width=\"400\" onerror=\"this.style.display='none'\" loading=\"lazy\" \/>\n\t<\/figure>\n\t<p>M\u00f3nica L\u00f3pez Dusablon<\/p>\n<p>Responsable de contabilidad<\/p>\n<figure itemscope itemtype=\"https:\/\/schema.org\/ImageObject\">\n\t\t\t\t<img decoding=\"async\" src=\"https:\/\/abaqdmc.com\/wp-content\/uploads\/2026\/02\/equipo_esperanza.jpg\" alt=\"Esperanza Fern\u00e1ndez\" height=\"280\" width=\"400\" onerror=\"this.style.display='none'\" loading=\"lazy\" \/>\n\t<\/figure>\n\t<p>Esperanza Fern\u00e1ndez G\u00f3mez<\/p>\n<p>Dise\u00f1adora de viajes<\/p>\n\t<p>D\u00edganos si necesita m\u00e1s informaci\u00f3n sobre nuestros servicios o destinos y estaremos encantados de ayudarle.<\/p>\n\t\t\t<a href=\"https:\/\/abaqdmc.com\/es\/contacta-con-nosotros\/\"  target=\"_self\">\n\t\t\t\t\t\t\tCont\u00e1ctanos\n\t\t\t\t\t<\/a>\n\t<p><a href=\"https:\/\/abaqdmc.com\/es\/servicios-a-medida\/\">o DISE\u00d1A TU PROPIA EXPERIENCIA <img decoding=\"async\" src=\"https:\/\/abaqdmc.com\/wp-content\/uploads\/2023\/03\/IcVBZXon.png.webp\" alt=\"\" width=\"16\" height=\"16\" \/><\/a><\/p>","protected":false},"excerpt":{"rendered":"<p>ABAQDestinationManagementCompanySpain our destinations Get inspired and discover our destinations Design your own experience A perfect experience made for you get in touch with us contact us if you need more info ABAQ is a Spanish DMC specialized in tailor-made services for leisure trips, cultural visits, incentives, and events all over Spain, with a particular focus &#8230; <a title=\"Inicio\" class=\"read-more\" href=\"https:\/\/abaqdmc.com\/es\/\" aria-label=\"Leer m\u00e1s sobre Inicio\">Leer m\u00e1s<\/a><\/p>","protected":false},"author":8,"featured_media":0,"parent":0,"menu_order":0,"comment_status":"closed","ping_status":"closed","template":"","meta":{"footnotes":""},"class_list":["post-15","page","type-page","status-publish"],"yoast_head":"<!-- This site is optimized with the Yoast SEO plugin v27.5 - https:\/\/yoast.com\/product\/yoast-seo-wordpress\/ -->\n<title>ABAQ DMC - Andalusia Destination Management Company<\/title>\n<meta name=\"description\" content=\"ABAQ DMC is a Destination Management Company based in Granada, Spain. Discover how can we help you design the perfect travel experience.\" \/>\n<meta name=\"robots\" content=\"index, follow, max-snippet:-1, max-image-preview:large, max-video-preview:-1\" \/>\n<link rel=\"canonical\" href=\"https:\/\/abaqdmc.com\/es\/\" \/>\n<meta property=\"og:locale\" content=\"es_ES\" \/>\n<meta property=\"og:type\" content=\"article\" \/>\n<meta property=\"og:title\" content=\"ABAQ DMC - Design the perfect travel experience in Spain\" \/>\n<meta property=\"og:description\" content=\"ABAQ DMC is a Destination Management Company based in Granada, Spain. Discover how can we help you design the perfect travel experience.\" \/>\n<meta property=\"og:url\" content=\"https:\/\/abaqdmc.com\/es\/\" \/>\n<meta property=\"og:site_name\" content=\"ABAQ\" \/>\n<meta property=\"article:modified_time\" content=\"2026-04-29T10:47:26+00:00\" \/>\n<meta property=\"og:image\" content=\"https:\/\/abaqdmc.com\/wp-content\/uploads\/2023\/03\/Mask-gvbroup.jpg\" \/>\n\t<meta property=\"og:image:width\" content=\"1920\" \/>\n\t<meta property=\"og:image:height\" content=\"1080\" \/>\n\t<meta property=\"og:image:type\" content=\"image\/jpeg\" \/>\n<meta name=\"twitter:card\" content=\"summary_large_image\" \/>\n<meta name=\"twitter:title\" content=\"ABAQ DMC - Design the perfect travel experience in Spain\" \/>\n<meta name=\"twitter:description\" content=\"ABAQ DMC is a Destination Management Company based in Granada, Spain. Discover how can we help you design the perfect travel experience.\" \/>\n<meta name=\"twitter:label1\" content=\"Tiempo de lectura\" \/>\n\t<meta name=\"twitter:data1\" content=\"6 minutos\" \/>\n<script type=\"application\/ld+json\" class=\"yoast-schema-graph\">{\"@context\":\"https:\\\/\\\/schema.org\",\"@graph\":[{\"@type\":\"WebPage\",\"@id\":\"https:\\\/\\\/abaqdmc.com\\\/\",\"url\":\"https:\\\/\\\/abaqdmc.com\\\/\",\"name\":\"ABAQ DMC - Andalusia Destination Management Company\",\"isPartOf\":{\"@id\":\"https:\\\/\\\/abaqdmc.com\\\/#website\"},\"primaryImageOfPage\":{\"@id\":\"https:\\\/\\\/abaqdmc.com\\\/#primaryimage\"},\"image\":{\"@id\":\"https:\\\/\\\/abaqdmc.com\\\/#primaryimage\"},\"thumbnailUrl\":\"https:\\\/\\\/abaqdmc.com\\\/wp-content\\\/uploads\\\/2026\\\/04\\\/logo-abaq-beige-cabecera.png\",\"datePublished\":\"2023-03-29T07:59:57+00:00\",\"dateModified\":\"2026-04-29T10:47:26+00:00\",\"description\":\"ABAQ DMC is a Destination Management Company based in Granada, Spain. Discover how can we help you design the perfect travel experience.\",\"breadcrumb\":{\"@id\":\"https:\\\/\\\/abaqdmc.com\\\/#breadcrumb\"},\"inLanguage\":\"es\",\"potentialAction\":[{\"@type\":\"ReadAction\",\"target\":[\"https:\\\/\\\/abaqdmc.com\\\/\"]}]},{\"@type\":\"ImageObject\",\"inLanguage\":\"es\",\"@id\":\"https:\\\/\\\/abaqdmc.com\\\/#primaryimage\",\"url\":\"https:\\\/\\\/abaqdmc.com\\\/wp-content\\\/uploads\\\/2026\\\/04\\\/logo-abaq-beige-cabecera.png\",\"contentUrl\":\"https:\\\/\\\/abaqdmc.com\\\/wp-content\\\/uploads\\\/2026\\\/04\\\/logo-abaq-beige-cabecera.png\"},{\"@type\":\"BreadcrumbList\",\"@id\":\"https:\\\/\\\/abaqdmc.com\\\/#breadcrumb\",\"itemListElement\":[{\"@type\":\"ListItem\",\"position\":1,\"name\":\"Portada\",\"item\":\"https:\\\/\\\/abaqdmc.com\\\/\"},{\"@type\":\"ListItem\",\"position\":2,\"name\":\"Home\"}]},{\"@type\":\"WebSite\",\"@id\":\"https:\\\/\\\/abaqdmc.com\\\/#website\",\"url\":\"https:\\\/\\\/abaqdmc.com\\\/\",\"name\":\"ABAQ DMC\",\"description\":\"ABAQ DMC is a Destination Management Company based in Granada, Spain.\",\"publisher\":{\"@id\":\"https:\\\/\\\/abaqdmc.com\\\/#organization\"},\"alternateName\":\"ABAQ Destination Management Company\",\"potentialAction\":[{\"@type\":\"SearchAction\",\"target\":{\"@type\":\"EntryPoint\",\"urlTemplate\":\"https:\\\/\\\/abaqdmc.com\\\/?s={search_term_string}\"},\"query-input\":{\"@type\":\"PropertyValueSpecification\",\"valueRequired\":true,\"valueName\":\"search_term_string\"}}],\"inLanguage\":\"es\"},{\"@type\":\"Organization\",\"@id\":\"https:\\\/\\\/abaqdmc.com\\\/#organization\",\"name\":\"ABAQ\",\"alternateName\":\"ABAQ Destination Management Company\",\"url\":\"https:\\\/\\\/abaqdmc.com\\\/\",\"logo\":{\"@type\":\"ImageObject\",\"inLanguage\":\"es\",\"@id\":\"https:\\\/\\\/abaqdmc.com\\\/#\\\/schema\\\/logo\\\/image\\\/\",\"url\":\"https:\\\/\\\/abaqdmc.com\\\/wp-content\\\/uploads\\\/2023\\\/04\\\/abaq-black-1.png\",\"contentUrl\":\"https:\\\/\\\/abaqdmc.com\\\/wp-content\\\/uploads\\\/2023\\\/04\\\/abaq-black-1.png\",\"width\":100,\"height\":42,\"caption\":\"ABAQ\"},\"image\":{\"@id\":\"https:\\\/\\\/abaqdmc.com\\\/#\\\/schema\\\/logo\\\/image\\\/\"}}]}<\/script>\n<!-- \/ Yoast SEO plugin. -->","yoast_head_json":{"title":"ABAQ DMC - Empresa de Gesti\u00f3n de Destinos de Andaluc\u00eda","description":"ABAQ DMC es una empresa de gesti\u00f3n de destinos con sede en Granada, Espa\u00f1a. Descubre c\u00f3mo podemos ayudarte a dise\u00f1ar la experiencia de viaje perfecta.","robots":{"index":"index","follow":"follow","max-snippet":"max-snippet:-1","max-image-preview":"max-image-preview:large","max-video-preview":"max-video-preview:-1"},"canonical":"https:\/\/abaqdmc.com\/es\/","og_locale":"es_ES","og_type":"article","og_title":"ABAQ DMC - Design the perfect travel experience in Spain","og_description":"ABAQ DMC is a Destination Management Company based in Granada, Spain. Discover how can we help you design the perfect travel experience.","og_url":"https:\/\/abaqdmc.com\/es\/","og_site_name":"ABAQ","article_modified_time":"2026-04-29T10:47:26+00:00","og_image":[{"width":1920,"height":1080,"url":"https:\/\/abaqdmc.com\/wp-content\/uploads\/2023\/03\/Mask-gvbroup.jpg","type":"image\/jpeg"}],"twitter_card":"summary_large_image","twitter_title":"ABAQ DMC - Design the perfect travel experience in Spain","twitter_description":"ABAQ DMC is a Destination Management Company based in Granada, Spain. Discover how can we help you design the perfect travel experience.","twitter_misc":{"Tiempo de lectura":"6 minutos"},"schema":{"@context":"https:\/\/schema.org","@graph":[{"@type":"WebPage","@id":"https:\/\/abaqdmc.com\/","url":"https:\/\/abaqdmc.com\/","name":"ABAQ DMC - Empresa de Gesti\u00f3n de Destinos de Andaluc\u00eda","isPartOf":{"@id":"https:\/\/abaqdmc.com\/#website"},"primaryImageOfPage":{"@id":"https:\/\/abaqdmc.com\/#primaryimage"},"image":{"@id":"https:\/\/abaqdmc.com\/#primaryimage"},"thumbnailUrl":"https:\/\/abaqdmc.com\/wp-content\/uploads\/2026\/04\/logo-abaq-beige-cabecera.png","datePublished":"2023-03-29T07:59:57+00:00","dateModified":"2026-04-29T10:47:26+00:00","description":"ABAQ DMC es una empresa de gesti\u00f3n de destinos con sede en Granada, Espa\u00f1a. Descubre c\u00f3mo podemos ayudarte a dise\u00f1ar la experiencia de viaje perfecta.","breadcrumb":{"@id":"https:\/\/abaqdmc.com\/#breadcrumb"},"inLanguage":"es","potentialAction":[{"@type":"ReadAction","target":["https:\/\/abaqdmc.com\/"]}]},{"@type":"ImageObject","inLanguage":"es","@id":"https:\/\/abaqdmc.com\/#primaryimage","url":"https:\/\/abaqdmc.com\/wp-content\/uploads\/2026\/04\/logo-abaq-beige-cabecera.png","contentUrl":"https:\/\/abaqdmc.com\/wp-content\/uploads\/2026\/04\/logo-abaq-beige-cabecera.png"},{"@type":"BreadcrumbList","@id":"https:\/\/abaqdmc.com\/#breadcrumb","itemListElement":[{"@type":"ListItem","position":1,"name":"Portada","item":"https:\/\/abaqdmc.com\/"},{"@type":"ListItem","position":2,"name":"Home"}]},{"@type":"WebSite","@id":"https:\/\/abaqdmc.com\/#website","url":"https:\/\/abaqdmc.com\/","name":"ABAQ DMC","description":"ABAQ DMC es una empresa de gesti\u00f3n de destinos con sede en Granada, Espa\u00f1a.","publisher":{"@id":"https:\/\/abaqdmc.com\/#organization"},"alternateName":"ABAQ Destination Management Company","potentialAction":[{"@type":"SearchAction","target":{"@type":"EntryPoint","urlTemplate":"https:\/\/abaqdmc.com\/?s={search_term_string}"},"query-input":{"@type":"PropertyValueSpecification","valueRequired":true,"valueName":"search_term_string"}}],"inLanguage":"es"},{"@type":"Organization","@id":"https:\/\/abaqdmc.com\/#organization","name":"ABAQ","alternateName":"ABAQ Destination Management Company","url":"https:\/\/abaqdmc.com\/","logo":{"@type":"ImageObject","inLanguage":"es","@id":"https:\/\/abaqdmc.com\/#\/schema\/logo\/image\/","url":"https:\/\/abaqdmc.com\/wp-content\/uploads\/2023\/04\/abaq-black-1.png","contentUrl":"https:\/\/abaqdmc.com\/wp-content\/uploads\/2023\/04\/abaq-black-1.png","width":100,"height":42,"caption":"ABAQ"},"image":{"@id":"https:\/\/abaqdmc.com\/#\/schema\/logo\/image\/"}}]}},"_links":{"self":[{"href":"https:\/\/abaqdmc.com\/es\/wp-json\/wp\/v2\/pages\/15","targetHints":{"allow":["GET"]}}],"collection":[{"href":"https:\/\/abaqdmc.com\/es\/wp-json\/wp\/v2\/pages"}],"about":[{"href":"https:\/\/abaqdmc.com\/es\/wp-json\/wp\/v2\/types\/page"}],"author":[{"embeddable":true,"href":"https:\/\/abaqdmc.com\/es\/wp-json\/wp\/v2\/users\/8"}],"replies":[{"embeddable":true,"href":"https:\/\/abaqdmc.com\/es\/wp-json\/wp\/v2\/comments?post=15"}],"version-history":[{"count":70,"href":"https:\/\/abaqdmc.com\/es\/wp-json\/wp\/v2\/pages\/15\/revisions"}],"predecessor-version":[{"id":2224,"href":"https:\/\/abaqdmc.com\/es\/wp-json\/wp\/v2\/pages\/15\/revisions\/2224"}],"wp:attachment":[{"href":"https:\/\/abaqdmc.com\/es\/wp-json\/wp\/v2\/media?parent=15"}],"curies":[{"name":"wp","href":"https:\/\/api.w.org\/{rel}","templated":true}]}}