{"id":163,"date":"2023-03-30T08:09:16","date_gmt":"2023-03-30T08:09:16","guid":{"rendered":"https:\/\/factum-omibu.es\/abaq\/?page_id=163"},"modified":"2026-04-14T06:56:40","modified_gmt":"2026-04-14T06:56:40","slug":"andalucia","status":"publish","type":"page","link":"https:\/\/abaqdmc.com\/es\/andalusia\/","title":{"rendered":"Andaluc\u00eda"},"content":{"rendered":"<figure itemscope itemtype=\"https:\/\/schema.org\/ImageObject\">\n\t\t\t\t<img decoding=\"async\" src=\"https:\/\/abaqdmc.com\/wp-content\/uploads\/2023\/03\/Mask-grxcvboup.png\" alt=\"M\u00e1scara grxcvboup\" height=\"543\" width=\"1920\" title=\"M\u00e1scara grxcvboup\" onerror=\"this.style.display='none'\" loading=\"lazy\" \/>\n\t<\/figure>\n<h1>\n\t\t\tDESTINOS ANDALUC\u00cdA\t<\/h1>\n\t<p>Andaluc\u00eda, situada en el sur de Espa\u00f1a, es una tierra de asombrosos contrastes, un lugar donde la modernidad se encuentra con la tradici\u00f3n, y la historia antigua se mezcla con una cultura vibrante. Esta regi\u00f3n ofrece infinitas posibilidades a los viajeros, desde las playas de arena de la Costa del Sol hasta los picos nevados de Sierra Nevada. Andaluc\u00eda tambi\u00e9n es famosa por sus magn\u00edficas ciudades, como Granada, Sevilla y C\u00f3rdoba, cada una con su encanto y arquitectura \u00fanicos.<\/p>\n<p>Andaluc\u00eda no es s\u00f3lo un popular destino tur\u00edstico, sino tambi\u00e9n un lugar estupendo para organizar eventos y viajes. No importa qu\u00e9 tipo de experiencia de viaje quieras organizar, Andaluc\u00eda ofrece una amplia gama de opciones, desde lujosas villas y haciendas tradicionales hasta centros de conferencias de \u00faltima generaci\u00f3n y hoteles de primera categor\u00eda. Adem\u00e1s, el clima suave, la belleza natural y la rica historia de Andaluc\u00eda la convierten en un destino atractivo para actividades de formaci\u00f3n de equipos, viajes de incentivos y visitas culturales.<\/p>\n<p>Con su mezcla \u00fanica de tradici\u00f3n y modernidad, sus impresionantes paisajes y su gastronom\u00eda de categor\u00eda mundial, Andaluc\u00eda es un destino perfecto para quienes buscan una experiencia memorable y aut\u00e9ntica.<\/p>\n<figure itemscope itemtype=\"https:\/\/schema.org\/ImageObject\">\n\t\t\t\t<img decoding=\"async\" src=\"https:\/\/abaqdmc.com\/wp-content\/uploads\/2023\/03\/img-8.png\" alt=\"img\" title=\"img\" onerror=\"this.style.display='none'\" loading=\"lazy\" \/>\n\t<\/figure>\n<h2>\n\t\t\tGRANADA\t<\/h2>\n\t<p>Granada es uno de los destinos tur\u00edsticos m\u00e1s populares de Espa\u00f1a, y es f\u00e1cil ver por qu\u00e9. Con su rica historia, impresionante arquitectura e impresionante naturaleza, esta ciudad ofrece una mezcla \u00fanica de actividades culturales y de ocio.\u00a0<\/p>\n<p>Est\u00e1 situada a los pies de Sierra Nevada. Alberga uno de los monumentos m\u00e1s famosos de Espa\u00f1a, el palacio y fortaleza de la Alhambra, un impresionante ejemplo de arquitectura isl\u00e1mica con su intrincado trabajo en piedra, fuentes y exuberantes jardines.<\/p>\n<p>Los barrios del Albayz\u00edn y el Sacromonte son tambi\u00e9n lugares de visita obligada. El primero es Patrimonio de la Humanidad de la UNESCO, con sinuosas calles empedradas, impresionantes vistas de la Alhambra y casas tradicionales encaladas. El segundo es famoso por sus casas cueva y sus espect\u00e1culos de flamenco.<\/p>\n<p>Para los amantes de las actividades al aire libre, Sierra Nevada, las Alpujarras o el Geoparque de Guadix y Gorafe ofrecen impresionantes paisajes naturales y una gran variedad de actividades al aire libre, desde senderismo y esqu\u00ed hasta ciclismo de monta\u00f1a. <\/p>\n\t<p><a href=\"https:\/\/abaqdmc.com\/es\/servicios-a-medida\/\">o dise\u00f1a tu propia experiencia <img decoding=\"async\" src=\"https:\/\/abaqdmc.com\/wp-content\/uploads\/2023\/03\/IcVBZXon.png.webp\" alt=\"\" width=\"16\" height=\"16\" \/><\/a><\/p>\n<h2>\n\t\t\tM\u00c1LAGA\t<\/h2>\n\t<p>Tanto si te interesa la historia, la cultura, el ocio o simplemente relajarte bajo el sol, M\u00e1laga y la Costa del Sol ofrecen una experiencia realmente inolvidable.\u00a0<\/p>\n<p>La ciudad es conocida por sus impresionantes playas, museos y deliciosa cocina. Los visitantes pueden explorar el hermoso casco antiguo, lleno de arquitectura tradicional andaluza, o pasear por el paseo mar\u00edtimo. La ciudad tambi\u00e9n alberga la famosa fortaleza de la Alcazaba y el Museo Thyssen.<\/p>\n<p>Para quienes deseen explorar m\u00e1s all\u00e1 de los l\u00edmites de la ciudad, la Costa del Sol ofrece abundantes actividades de ocio y culturales. Desde bellas ciudades costeras como Marbella y Nerja hasta encantadores pueblos del interior como Frigiliana y Ronda, la regi\u00f3n ofrece un variado abanico de experiencias.<\/p>\n<p>Y, por supuesto, hay infinitas oportunidades para tomar el sol, nadar y practicar deportes acu\u00e1ticos en las numerosas playas de la regi\u00f3n.<\/p>\n\t<p><a href=\"https:\/\/abaqdmc.com\/es\/servicios-a-medida\/\">o dise\u00f1a tu propia experiencia <img decoding=\"async\" src=\"https:\/\/abaqdmc.com\/wp-content\/uploads\/2023\/03\/IcVBZXon.png.webp\" alt=\"\" width=\"16\" height=\"16\" \/><\/a><\/p>\n<figure itemscope itemtype=\"https:\/\/schema.org\/ImageObject\">\n\t\t\t\t<img decoding=\"async\" src=\"https:\/\/abaqdmc.com\/wp-content\/uploads\/2023\/03\/img-1-3.png\" alt=\"img-1\" title=\"img-1\" onerror=\"this.style.display='none'\" loading=\"lazy\" \/>\n\t<\/figure>\n<figure itemscope itemtype=\"https:\/\/schema.org\/ImageObject\">\n\t\t\t\t<img decoding=\"async\" src=\"https:\/\/abaqdmc.com\/wp-content\/uploads\/2023\/03\/img-2-2.png\" alt=\"img-2\" title=\"img-2\" onerror=\"this.style.display='none'\" loading=\"lazy\" \/>\n\t<\/figure>\n<h2>\n\t\t\tSEVILLA\t<\/h2>\n\t<p>Sevilla, la capital de Andaluc\u00eda, es una ciudad vibrante y encantadora, rica en historia y cultura. Su impresionante arquitectura, sus intrincados mosaicos y sus hermosos jardines la convierten en una aut\u00e9ntica joya del sur de Espa\u00f1a.<\/p>\n<p>Sevilla alberga varios lugares declarados Patrimonio de la Humanidad por la UNESCO, como la mayor catedral g\u00f3tica del mundo y el Alc\u00e1zar, un impresionante ejemplo de arquitectura mud\u00e9jar. La Plaza de Espa\u00f1a de la ciudad es tambi\u00e9n una visita obligada, con una gran plaza con una hermosa fuente, coloridos azulejos de cer\u00e1mica y un canal que los visitantes pueden explorar en barco.<\/p>\n<p>En general, Sevilla es un destino que tiene algo para todo el mundo, con un rico patrimonio cultural, comida deliciosa y un ambiente vibrante que te dejar\u00e1 recuerdos inolvidables.<\/p>\n\t<p><a href=\"https:\/\/abaqdmc.com\/es\/servicios-a-medida\/\">o dise\u00f1a tu propia experiencia <img decoding=\"async\" src=\"https:\/\/abaqdmc.com\/wp-content\/uploads\/2023\/03\/IcVBZXon.png.webp\" alt=\"\" width=\"16\" height=\"16\" \/><\/a><\/p>\n<h2>\n\t\t\tC\u00d3RDOBA\t<\/h2>\n\t<p>C\u00f3rdoba, situada en el coraz\u00f3n de Andaluc\u00eda, es una ciudad rica en historia y cultura. Su centro hist\u00f3rico es Patrimonio de la Humanidad por la UNESCO, donde la Mezquita-Catedral, el Alc\u00e1zar y el Puente Romano son lugares de visita obligada.<\/p>\n<p>C\u00f3rdoba tambi\u00e9n es famosa por sus hermosos patios, adornados con flores de colores, que se abren al p\u00fablico durante el famoso Festival de los Patios. La ciudad tambi\u00e9n es famosa por su gastronom\u00eda, con platos como el salmorejo y los flamenquines.<\/p>\n<p>Para los que buscan belleza natural, la Sierra de C\u00f3rdoba ofrece una impresionante cadena monta\u00f1osa y el hermoso Parque Natural de la Sierra de Hornachuelos. C\u00f3rdoba tambi\u00e9n alberga la Medina Azahara, una magn\u00edfica ciudad-palacio declarada Patrimonio de la Humanidad en 2018.<\/p>\n<p>En C\u00f3rdoba se puede experimentar la fusi\u00f3n \u00fanica de las culturas andalus\u00ed, romana e isl\u00e1mica, que la convierten en un destino extraordinario para los visitantes.<\/p>\n\t<p><a href=\"https:\/\/abaqdmc.com\/es\/servicios-a-medida\/\">o dise\u00f1a tu propia experiencia <img decoding=\"async\" src=\"https:\/\/abaqdmc.com\/wp-content\/uploads\/2023\/03\/IcVBZXon.png.webp\" alt=\"\" width=\"16\" height=\"16\" \/><\/a><\/p>\n<figure itemscope itemtype=\"https:\/\/schema.org\/ImageObject\">\n\t\t\t\t<img decoding=\"async\" src=\"https:\/\/abaqdmc.com\/wp-content\/uploads\/2023\/03\/img-3-2.png\" alt=\"img-3\" title=\"img-3\" onerror=\"this.style.display='none'\" loading=\"lazy\" \/>\n\t<\/figure>\n<figure itemscope itemtype=\"https:\/\/schema.org\/ImageObject\">\n\t\t\t\t<img decoding=\"async\" src=\"https:\/\/abaqdmc.com\/wp-content\/uploads\/2023\/03\/img-4-2.png\" alt=\"img-4\" title=\"img-4\" onerror=\"this.style.display='none'\" loading=\"lazy\" \/>\n\t<\/figure>\n<h2>\n\t\t\tC\u00c1DIZ\t<\/h2>\n\t<p>C\u00e1diz es conocida por sus hermosas playas, su encantador casco antiguo y su rica historia. La ubicaci\u00f3n costera de la ciudad la convierte en un destino perfecto para los aficionados a los deportes acu\u00e1ticos, as\u00ed como para quienes buscan unas relajantes vacaciones en la playa.\u00a0<\/p>\n<p>El centro hist\u00f3rico de C\u00e1diz, que se remonta a la \u00e9poca fenicia, es un laberinto de calles estrechas y edificios encalados; est\u00e1 considerado el asentamiento civilizado m\u00e1s antiguo de la Pen\u00ednsula Ib\u00e9rica.<\/p>\n<p>Uno de los monumentos m\u00e1s famosos de la ciudad es la Catedral, un impresionante edificio barroco con una impresionante c\u00fapula dorada. Otras atracciones notables son el Castillo de Santa Catalina, que data del siglo XVI y ofrece vistas panor\u00e1micas de la ciudad y el mar, y la Plaza de Espa\u00f1a, una gran plaza con una hermosa fuente y palmeras.\u00a0<\/p>\n<p>El cercano parque natural de Do\u00f1ana, declarado Patrimonio de la Humanidad por la UNESCO, es una visita obligada para los amantes de la naturaleza, con su diversa flora y fauna, dunas de arena y marismas. C\u00e1diz es tambi\u00e9n una base estupenda para explorar la hermosa regi\u00f3n de Andaluc\u00eda, incluidas las cercanas ciudades de Jerez de la Frontera, famosa por su vino de Jerez y por ser una de las cunas del flamenco.<\/p>\n\t<p><a href=\"https:\/\/abaqdmc.com\/es\/servicios-a-medida\/\">o dise\u00f1a tu propia experiencia <img decoding=\"async\" src=\"https:\/\/abaqdmc.com\/wp-content\/uploads\/2023\/03\/IcVBZXon.png.webp\" alt=\"\" width=\"16\" height=\"16\" \/><\/a><\/p>\n<h2>\n\t\t\tALMER\u00cdA\t<\/h2>\n\t<p>Almer\u00eda presume de una gran variedad de atracciones que satisfacen todos los intereses. La ciudad es famosa por sus largas extensiones de costa virgen y sus pintorescos paisajes naturales.\u00a0<\/p>\n<p>La provincia de Almer\u00eda alberga maravillosos paisajes naturales que atraen a visitantes de todo el mundo. La Sierra de G\u00e1dor, situada en el norte de la provincia, ofrece vistas espectaculares y es un destino popular para excursionistas y monta\u00f1eros. El desierto de Tabernas, por su parte, es un destino \u00fanico, famoso por su relevancia en las pel\u00edculas del oeste. Este desierto se ha utilizado como tel\u00f3n de fondo de muchas pel\u00edculas de Hollywood y ahora alberga varios parques tem\u00e1ticos que ofrecen a los visitantes una visi\u00f3n del salvaje oeste. Por \u00faltimo, el Parque Natural de Cabo de Gata-N\u00edjar, situado en la costa, cuenta con impresionantes playas, aguas cristalinas e impresionantes acantilados, lo que lo convierte en un para\u00edso para playeros, excursionistas y observadores de aves.<\/p>\n<p>Tanto si quieres explorar las escarpadas monta\u00f1as, descubrir el salvaje oeste o simplemente tomar el sol en algunas de las playas m\u00e1s hermosas de Espa\u00f1a, Almer\u00eda tiene algo para todos los gustos.<\/p>\n\t<p><a href=\"https:\/\/abaqdmc.com\/es\/servicios-a-medida\/\">o dise\u00f1a tu propia experiencia <img decoding=\"async\" src=\"https:\/\/abaqdmc.com\/wp-content\/uploads\/2023\/03\/IcVBZXon.png.webp\" alt=\"\" width=\"16\" height=\"16\" \/><\/a><\/p>\n<figure itemscope itemtype=\"https:\/\/schema.org\/ImageObject\">\n\t\t\t\t<img decoding=\"async\" src=\"https:\/\/abaqdmc.com\/wp-content\/uploads\/2023\/03\/img-5-2.png\" alt=\"img-5\" title=\"img-5\" onerror=\"this.style.display='none'\" loading=\"lazy\" \/>\n\t<\/figure>\n<figure itemscope itemtype=\"https:\/\/schema.org\/ImageObject\">\n\t\t\t\t<img decoding=\"async\" src=\"https:\/\/abaqdmc.com\/wp-content\/uploads\/2023\/03\/img-6-2.png\" alt=\"img-6\" title=\"img-6\" onerror=\"this.style.display='none'\" loading=\"lazy\" \/>\n\t<\/figure>\n<h2>\n\t\t\tJA\u00c9N\t<\/h2>\n\t<p>Ja\u00e9n es conocida por su belleza natural, con la Sierra de Cazorla como punto culminante para los entusiastas de las actividades al aire libre. Esta zona alberga el mayor parque natural de Espa\u00f1a y es el destino perfecto para quienes buscan explorar la naturaleza. El parque cuenta con impresionantes rutas de senderismo, picos monta\u00f1osos y cascadas.<\/p>\n<p>Adem\u00e1s de por su belleza natural, Ja\u00e9n tambi\u00e9n es conocida por su producci\u00f3n de aceite de oliva de alta calidad. La provincia alberga multitud de olivares, algunos de los cuales llevan cientos de a\u00f1os produciendo aceite. Los visitantes pueden participar en catas y visitas guiadas para conocer el proceso de producci\u00f3n del aceite de oliva y la rica historia que hay detr\u00e1s.<\/p>\n<p>La provincia de Ja\u00e9n alberga varias ciudades fascinantes, incluida la capital, conocida por su impresionante catedral y su castillo medieval.\u00a0<\/p>\n<p>La ciudad de \u00dabeda es otro punto destacado, conocida por su arquitectura renacentista y su casco hist\u00f3rico. Y luego est\u00e1 Baeza, una encantadora ciudad con un rico patrimonio art\u00edstico y cultural, as\u00ed como una serie de importantes monumentos religiosos. Cada una de estas ciudades ofrece una visi\u00f3n \u00fanica de la historia y la cultura de la provincia de Ja\u00e9n, lo que la convierte en un destino de visita obligada para cualquier viajero interesado en el rico patrimonio cultural espa\u00f1ol.<\/p>\n\t<p><a href=\"https:\/\/abaqdmc.com\/es\/servicios-a-medida\/\">o dise\u00f1a tu propia experiencia <img decoding=\"async\" src=\"https:\/\/abaqdmc.com\/wp-content\/uploads\/2023\/03\/IcVBZXon.png.webp\" alt=\"\" width=\"16\" height=\"16\" \/><\/a><\/p>\n<h2>\n\t\t\tHUELVA\t<\/h2>\n\t<p>Huelva es una provincia situada en la parte occidental de Andaluc\u00eda, famosa por sus hermosas playas, parques naturales y rica historia. Tambi\u00e9n es el puente natural entre Andaluc\u00eda y el Algarve portugu\u00e9s.<\/p>\n<p>Alberga el Parque Nacional de Do\u00f1ana, considerado una de las reservas de humedales m\u00e1s importantes de Europa y Patrimonio de la Humanidad por la UNESCO. El parque es un para\u00edso natural para los amantes de la vida salvaje y los observadores de aves, con un ecosistema incre\u00edblemente diverso que incluye bosques, dunas y lagunas. Huelva es conocida por su Jam\u00f3n de Jabugo, uno de los mejores jamones ib\u00e9ricos de bellota.<\/p>\n<p>La provincia tambi\u00e9n es conocida por su largo litoral de playas de arena dorada, como Punta Umbr\u00eda, Matalasca\u00f1as e Islantilla. Adem\u00e1s, la hist\u00f3rica ciudad de Huelva merece una visita por su arquitectura \u00fanica, su patrimonio cultural y su estupenda gastronom\u00eda.<\/p>\n\t<p><a href=\"https:\/\/abaqdmc.com\/es\/servicios-a-medida\/\">o dise\u00f1a tu propia experiencia <img decoding=\"async\" src=\"https:\/\/abaqdmc.com\/wp-content\/uploads\/2023\/03\/IcVBZXon.png.webp\" alt=\"\" width=\"16\" height=\"16\" \/><\/a><\/p>\n<figure itemscope itemtype=\"https:\/\/schema.org\/ImageObject\">\n\t\t\t\t<img decoding=\"async\" src=\"https:\/\/abaqdmc.com\/wp-content\/uploads\/2023\/03\/imsxdvg.png\" alt=\"imsxdvg\" title=\"imsxdvg\" onerror=\"this.style.display='none'\" loading=\"lazy\" \/>\n\t<\/figure>","protected":false},"excerpt":{"rendered":"<p>DESTINOS DE ANDALUC\u00cdA Andaluc\u00eda, situada en el sur de Espa\u00f1a, es una tierra de asombrosos contrastes, un lugar donde la modernidad se encuentra con la tradici\u00f3n, y la historia antigua se mezcla con una cultura vibrante. Esta regi\u00f3n ofrece infinitas posibilidades a los viajeros, desde las playas de arena de la Costa del Sol hasta los picos nevados de Sierra Nevada. Andaluc\u00eda es ... <a title=\"Andaluc\u00eda\" class=\"read-more\" href=\"https:\/\/abaqdmc.com\/es\/andalusia\/\" aria-label=\"Leer m\u00e1s sobre Andaluc\u00eda\">Leer m\u00e1s<\/a><\/p>","protected":false},"author":8,"featured_media":0,"parent":0,"menu_order":0,"comment_status":"closed","ping_status":"closed","template":"","meta":{"footnotes":""},"class_list":["post-163","page","type-page","status-publish"],"yoast_head":"<!-- This site is optimized with the Yoast SEO plugin v27.5 - https:\/\/yoast.com\/product\/yoast-seo-wordpress\/ -->\n<title>Andalusia - ABAQ DMC<\/title>\n<meta name=\"description\" content=\"Discover the beauty of Andalusia destinations with ABAQ DMC. Immerse yourself in the rich history and culture of this enchanting region.\" \/>\n<meta name=\"robots\" content=\"index, follow, max-snippet:-1, max-image-preview:large, max-video-preview:-1\" \/>\n<link rel=\"canonical\" href=\"https:\/\/abaqdmc.com\/es\/andalucia\/\" \/>\n<meta property=\"og:locale\" content=\"es_ES\" \/>\n<meta property=\"og:type\" content=\"article\" \/>\n<meta property=\"og:title\" content=\"Andalusia - ABAQ DMC\" \/>\n<meta property=\"og:description\" content=\"Discover the beauty of Andalusia destinations with ABAQ DMC. Immerse yourself in the rich history and culture of this enchanting region.\" \/>\n<meta property=\"og:url\" content=\"https:\/\/abaqdmc.com\/es\/andalucia\/\" \/>\n<meta property=\"og:site_name\" content=\"ABAQ\" \/>\n<meta property=\"article:modified_time\" content=\"2026-04-14T06:56:40+00:00\" \/>\n<meta property=\"og:image\" content=\"https:\/\/abaqdmc.com\/wp-content\/uploads\/2023\/03\/Mask-grxcvboup.png\" \/>\n<meta name=\"twitter:card\" content=\"summary_large_image\" \/>\n<meta name=\"twitter:label1\" content=\"Tiempo de lectura\" \/>\n\t<meta name=\"twitter:data1\" content=\"11 minutos\" \/>\n<script type=\"application\/ld+json\" class=\"yoast-schema-graph\">{\"@context\":\"https:\\\/\\\/schema.org\",\"@graph\":[{\"@type\":\"WebPage\",\"@id\":\"https:\\\/\\\/abaqdmc.com\\\/andalusia\\\/\",\"url\":\"https:\\\/\\\/abaqdmc.com\\\/andalusia\\\/\",\"name\":\"Andalusia - ABAQ DMC\",\"isPartOf\":{\"@id\":\"https:\\\/\\\/abaqdmc.com\\\/#website\"},\"primaryImageOfPage\":{\"@id\":\"https:\\\/\\\/abaqdmc.com\\\/andalusia\\\/#primaryimage\"},\"image\":{\"@id\":\"https:\\\/\\\/abaqdmc.com\\\/andalusia\\\/#primaryimage\"},\"thumbnailUrl\":\"https:\\\/\\\/abaqdmc.com\\\/wp-content\\\/uploads\\\/2023\\\/03\\\/Mask-grxcvboup.png\",\"datePublished\":\"2023-03-30T08:09:16+00:00\",\"dateModified\":\"2026-04-14T06:56:40+00:00\",\"description\":\"Discover the beauty of Andalusia destinations with ABAQ DMC. Immerse yourself in the rich history and culture of this enchanting region.\",\"breadcrumb\":{\"@id\":\"https:\\\/\\\/abaqdmc.com\\\/andalusia\\\/#breadcrumb\"},\"inLanguage\":\"es\",\"potentialAction\":[{\"@type\":\"ReadAction\",\"target\":[\"https:\\\/\\\/abaqdmc.com\\\/andalusia\\\/\"]}]},{\"@type\":\"ImageObject\",\"inLanguage\":\"es\",\"@id\":\"https:\\\/\\\/abaqdmc.com\\\/andalusia\\\/#primaryimage\",\"url\":\"https:\\\/\\\/abaqdmc.com\\\/wp-content\\\/uploads\\\/2023\\\/03\\\/Mask-grxcvboup.png\",\"contentUrl\":\"https:\\\/\\\/abaqdmc.com\\\/wp-content\\\/uploads\\\/2023\\\/03\\\/Mask-grxcvboup.png\"},{\"@type\":\"BreadcrumbList\",\"@id\":\"https:\\\/\\\/abaqdmc.com\\\/andalusia\\\/#breadcrumb\",\"itemListElement\":[{\"@type\":\"ListItem\",\"position\":1,\"name\":\"Portada\",\"item\":\"https:\\\/\\\/abaqdmc.com\\\/\"},{\"@type\":\"ListItem\",\"position\":2,\"name\":\"Andalusia\"}]},{\"@type\":\"WebSite\",\"@id\":\"https:\\\/\\\/abaqdmc.com\\\/#website\",\"url\":\"https:\\\/\\\/abaqdmc.com\\\/\",\"name\":\"ABAQ DMC\",\"description\":\"ABAQ DMC is a Destination Management Company based in Granada, Spain.\",\"publisher\":{\"@id\":\"https:\\\/\\\/abaqdmc.com\\\/#organization\"},\"alternateName\":\"ABAQ Destination Management Company\",\"potentialAction\":[{\"@type\":\"SearchAction\",\"target\":{\"@type\":\"EntryPoint\",\"urlTemplate\":\"https:\\\/\\\/abaqdmc.com\\\/?s={search_term_string}\"},\"query-input\":{\"@type\":\"PropertyValueSpecification\",\"valueRequired\":true,\"valueName\":\"search_term_string\"}}],\"inLanguage\":\"es\"},{\"@type\":\"Organization\",\"@id\":\"https:\\\/\\\/abaqdmc.com\\\/#organization\",\"name\":\"ABAQ\",\"alternateName\":\"ABAQ Destination Management Company\",\"url\":\"https:\\\/\\\/abaqdmc.com\\\/\",\"logo\":{\"@type\":\"ImageObject\",\"inLanguage\":\"es\",\"@id\":\"https:\\\/\\\/abaqdmc.com\\\/#\\\/schema\\\/logo\\\/image\\\/\",\"url\":\"https:\\\/\\\/abaqdmc.com\\\/wp-content\\\/uploads\\\/2023\\\/04\\\/abaq-black-1.png\",\"contentUrl\":\"https:\\\/\\\/abaqdmc.com\\\/wp-content\\\/uploads\\\/2023\\\/04\\\/abaq-black-1.png\",\"width\":100,\"height\":42,\"caption\":\"ABAQ\"},\"image\":{\"@id\":\"https:\\\/\\\/abaqdmc.com\\\/#\\\/schema\\\/logo\\\/image\\\/\"}}]}<\/script>\n<!-- \/ Yoast SEO plugin. -->","yoast_head_json":{"title":"Andaluc\u00eda - ABAQ DMC","description":"Descubre la belleza de los destinos de Andaluc\u00eda con ABAQ DMC. Sum\u00e9rgete en la rica historia y cultura de esta encantadora regi\u00f3n.","robots":{"index":"index","follow":"follow","max-snippet":"max-snippet:-1","max-image-preview":"max-image-preview:large","max-video-preview":"max-video-preview:-1"},"canonical":"https:\/\/abaqdmc.com\/es\/andalucia\/","og_locale":"es_ES","og_type":"article","og_title":"Andalusia - ABAQ DMC","og_description":"Discover the beauty of Andalusia destinations with ABAQ DMC. Immerse yourself in the rich history and culture of this enchanting region.","og_url":"https:\/\/abaqdmc.com\/es\/andalucia\/","og_site_name":"ABAQ","article_modified_time":"2026-04-14T06:56:40+00:00","og_image":[{"url":"https:\/\/abaqdmc.com\/wp-content\/uploads\/2023\/03\/Mask-grxcvboup.png","type":"","width":"","height":""}],"twitter_card":"summary_large_image","twitter_misc":{"Tiempo de lectura":"11 minutos"},"schema":{"@context":"https:\/\/schema.org","@graph":[{"@type":"WebPage","@id":"https:\/\/abaqdmc.com\/andalusia\/","url":"https:\/\/abaqdmc.com\/andalusia\/","name":"Andaluc\u00eda - ABAQ DMC","isPartOf":{"@id":"https:\/\/abaqdmc.com\/#website"},"primaryImageOfPage":{"@id":"https:\/\/abaqdmc.com\/andalusia\/#primaryimage"},"image":{"@id":"https:\/\/abaqdmc.com\/andalusia\/#primaryimage"},"thumbnailUrl":"https:\/\/abaqdmc.com\/wp-content\/uploads\/2023\/03\/Mask-grxcvboup.png","datePublished":"2023-03-30T08:09:16+00:00","dateModified":"2026-04-14T06:56:40+00:00","description":"Descubre la belleza de los destinos de Andaluc\u00eda con ABAQ DMC. Sum\u00e9rgete en la rica historia y cultura de esta encantadora regi\u00f3n.","breadcrumb":{"@id":"https:\/\/abaqdmc.com\/andalusia\/#breadcrumb"},"inLanguage":"es","potentialAction":[{"@type":"ReadAction","target":["https:\/\/abaqdmc.com\/andalusia\/"]}]},{"@type":"ImageObject","inLanguage":"es","@id":"https:\/\/abaqdmc.com\/andalusia\/#primaryimage","url":"https:\/\/abaqdmc.com\/wp-content\/uploads\/2023\/03\/Mask-grxcvboup.png","contentUrl":"https:\/\/abaqdmc.com\/wp-content\/uploads\/2023\/03\/Mask-grxcvboup.png"},{"@type":"BreadcrumbList","@id":"https:\/\/abaqdmc.com\/andalusia\/#breadcrumb","itemListElement":[{"@type":"ListItem","position":1,"name":"Portada","item":"https:\/\/abaqdmc.com\/"},{"@type":"ListItem","position":2,"name":"Andalusia"}]},{"@type":"WebSite","@id":"https:\/\/abaqdmc.com\/#website","url":"https:\/\/abaqdmc.com\/","name":"ABAQ DMC","description":"ABAQ DMC es una empresa de gesti\u00f3n de destinos con sede en Granada, Espa\u00f1a.","publisher":{"@id":"https:\/\/abaqdmc.com\/#organization"},"alternateName":"ABAQ Destination Management Company","potentialAction":[{"@type":"SearchAction","target":{"@type":"EntryPoint","urlTemplate":"https:\/\/abaqdmc.com\/?s={search_term_string}"},"query-input":{"@type":"PropertyValueSpecification","valueRequired":true,"valueName":"search_term_string"}}],"inLanguage":"es"},{"@type":"Organization","@id":"https:\/\/abaqdmc.com\/#organization","name":"ABAQ","alternateName":"ABAQ Destination Management Company","url":"https:\/\/abaqdmc.com\/","logo":{"@type":"ImageObject","inLanguage":"es","@id":"https:\/\/abaqdmc.com\/#\/schema\/logo\/image\/","url":"https:\/\/abaqdmc.com\/wp-content\/uploads\/2023\/04\/abaq-black-1.png","contentUrl":"https:\/\/abaqdmc.com\/wp-content\/uploads\/2023\/04\/abaq-black-1.png","width":100,"height":42,"caption":"ABAQ"},"image":{"@id":"https:\/\/abaqdmc.com\/#\/schema\/logo\/image\/"}}]}},"_links":{"self":[{"href":"https:\/\/abaqdmc.com\/es\/wp-json\/wp\/v2\/pages\/163","targetHints":{"allow":["GET"]}}],"collection":[{"href":"https:\/\/abaqdmc.com\/es\/wp-json\/wp\/v2\/pages"}],"about":[{"href":"https:\/\/abaqdmc.com\/es\/wp-json\/wp\/v2\/types\/page"}],"author":[{"embeddable":true,"href":"https:\/\/abaqdmc.com\/es\/wp-json\/wp\/v2\/users\/8"}],"replies":[{"embeddable":true,"href":"https:\/\/abaqdmc.com\/es\/wp-json\/wp\/v2\/comments?post=163"}],"version-history":[{"count":25,"href":"https:\/\/abaqdmc.com\/es\/wp-json\/wp\/v2\/pages\/163\/revisions"}],"predecessor-version":[{"id":2139,"href":"https:\/\/abaqdmc.com\/es\/wp-json\/wp\/v2\/pages\/163\/revisions\/2139"}],"wp:attachment":[{"href":"https:\/\/abaqdmc.com\/es\/wp-json\/wp\/v2\/media?parent=163"}],"curies":[{"name":"wp","href":"https:\/\/api.w.org\/{rel}","templated":true}]}}