{"id":188,"date":"2023-03-31T07:57:55","date_gmt":"2023-03-31T07:57:55","guid":{"rendered":"https:\/\/factum-omibu.es\/abaq\/?page_id=188"},"modified":"2026-04-16T06:22:32","modified_gmt":"2026-04-16T06:22:32","slug":"sobre-nosotros","status":"publish","type":"page","link":"https:\/\/abaqdmc.com\/es\/about-us\/","title":{"rendered":"Qui\u00e9nes somos"},"content":{"rendered":"<h1>\n\t\t\t\u00bfQUI\u00c9NES SOMOS?\t<\/h1>\n<figure itemscope itemtype=\"https:\/\/schema.org\/ImageObject\">\n\t\t\t\t<img decoding=\"async\" src=\"https:\/\/abaqdmc.com\/wp-content\/uploads\/2023\/03\/imadsfg.png\" alt=\"imadsfg\" title=\"imadsfg\" onerror=\"this.style.display='none'\" loading=\"lazy\" \/>\n\t<\/figure>\n\t<p>...Y \u00e9sta es nuestra historia:<\/p>\n<p>(Al principio, \u00e9ramos gu\u00edas tur\u00edsticos)<\/p>\n<p>Empezamos como gu\u00edas tur\u00edsticos, apasionados por nuestra profesi\u00f3n y enamorados de nuestra tierra y nuestra cultura.<\/p>\n<p>Entonces, decidimos crear una peque\u00f1a agencia local con la idea de tomar el control total de nuestro trabajo.<\/p>\n\t<p>Poco a poco, otras agencias nacionales e internacionales empezaron a fijarse en nosotros y a contratar a nuestra empresa para prestar algunos servicios locales. Encantados con nuestros niveles de calidad, segu\u00edan pidiendo m\u00e1s servicios, m\u00e1s ubicaciones y m\u00e1s productos exclusivos y personalizados.<\/p>\n\t<p>Y as\u00ed, a\u00f1o tras a\u00f1o, se fueron poniendo los cimientos de algo nuevo, y se hizo cada vez m\u00e1s necesario crear ABAQ DMC, la agencia capaz de estar a la altura de tanta confianza y expectativas.<\/p>\n<p>No ser\u00eda exagerado decir que, en cierta medida, ABAQ DMC tambi\u00e9n fue hecho por nuestros colaboradores y clientes, por todos aquellos que han trabajado con nosotros y han pedido activamente que un proyecto as\u00ed se hiciera realidad.<\/p>\n\t<p>Hoy, tras a\u00f1os de experiencia, estamos muy orgullosos de contar con un equipo de excelentes profesionales y una s\u00f3lida reputaci\u00f3n como proveedor de servicios exclusivos y a medida, tanto para viajeros individuales como para eventos corporativos en toda la Pen\u00ednsula Ib\u00e9rica.<\/p>\n\t<p>Pero no olvidamos nuestros or\u00edgenes, esa atenci\u00f3n al detalle y el gran cuidado que un gu\u00eda tur\u00edstico muestra para atender a un grupo, la capacidad de dar la cara por ellos y planificarlo todo a la perfecci\u00f3n para alcanzar la excelencia.<\/p>\n<p>Somos plenamente conscientes de lo importante que es la comunicaci\u00f3n a lo largo de un viaje o de cualquier otra actividad de ocio, y sin duda seguimos sintiendo ese impulso de seguir descubriendo, probando y experimentando cosas nuevas, para poder compartirlas contigo con la mayor pasi\u00f3n y sinceridad.<\/p>\n\t<p>Todo esto ha sido y es hoy Abaq.<\/p>\n<h2>\n\t\t\tnuestro equipo\t<\/h2>\n<figure itemscope itemtype=\"https:\/\/schema.org\/ImageObject\">\n\t\t\t\t<img decoding=\"async\" src=\"https:\/\/abaqdmc.com\/wp-content\/uploads\/2023\/03\/jago-color.png\" alt=\"Jago Sermasi\" onerror=\"this.style.display='none'\" loading=\"lazy\" \/>\n\t<\/figure>\n\t<p>Jago Sermasi<\/p>\n\t<p>Socio fundador &amp; director de marketing<\/p>\n\t<p>Enamorado de Espa\u00f1a y Andaluc\u00eda hasta el punto de dejar Italia, mi pa\u00eds de nacimiento, y llevar 20 a\u00f1os en estas tierras. Licenciada en Ciencias Pol\u00edticas y Relaciones Internacionales, gu\u00eda durante mis primeros a\u00f1os en el sector, y fot\u00f3grafa por pasi\u00f3n, soy una de las socias fundadoras de Abaq DMC. Tambi\u00e9n soy profesora en el M\u00e1ster de Gesti\u00f3n Tur\u00edstica de la Facultad de Ciencias Econ\u00f3micas y Empresariales de la Universidad de Granada.\u00a0<\/p>\n<p>Siempre he cre\u00eddo que una buena planificaci\u00f3n y organizaci\u00f3n de un proyecto te permite disfrutarlo con relajaci\u00f3n y despreocupaci\u00f3n una vez que est\u00e1 en marcha: este es uno de mis objetivos en Abaq DMC.<\/p>\n<figure itemscope itemtype=\"https:\/\/schema.org\/ImageObject\">\n\t\t\t\t<img decoding=\"async\" src=\"https:\/\/abaqdmc.com\/wp-content\/uploads\/2024\/12\/equipo_paula.jpg\" alt=\"Paula Garc\u00eda\" height=\"280\" width=\"400\" onerror=\"this.style.display='none'\" loading=\"lazy\" \/>\n\t<\/figure>\n\t<p>Paula Garc\u00eda<\/p>\n\t<p>Manager general &amp; dise\u00f1adora de circuitos<\/p>\n\t<p>Nac\u00ed en Sevilla, estudi\u00e9 all\u00ed y empec\u00e9 mi vida profesional en \u00c1msterdam, trabajando como gu\u00eda tur\u00edstica por Holanda y B\u00e9lgica. Como yo misma soy una viajera empedernida, siempre he visto el turismo y la cultura como una forma de vida, no s\u00f3lo como una profesi\u00f3n, as\u00ed que como agente de viajes y gu\u00eda tur\u00edstica intento comunicar la singularidad de los destinos. En ABAQ DMC organizo viajes por Andaluc\u00eda; dise\u00f1ando experiencias a medida y mostrando cada rinc\u00f3n de la regi\u00f3n, como su patrimonio, tradiciones, gastronom\u00eda, etc. Hablo espa\u00f1ol e ingl\u00e9s.<\/p>\n<figure itemscope itemtype=\"https:\/\/schema.org\/ImageObject\">\n\t\t\t\t<img decoding=\"async\" src=\"https:\/\/abaqdmc.com\/wp-content\/uploads\/2024\/12\/equipo_eric.jpg\" alt=\"Eric Zint\" height=\"280\" width=\"400\" onerror=\"this.style.display='none'\" loading=\"lazy\" \/>\n\t<\/figure>\n\t<p>Eric Zint<\/p>\n\t<p>Socio fundador &amp; director financiero<\/p>\n\t<p>Tras vivir en Honduras, Alemania y Australia y viajar por todo el mundo, eleg\u00ed la espectacular ciudad de Granada como mi hogar y cofund\u00e9 Abaq DMC. A pesar de tener un t\u00edtulo en Ingenier\u00eda Industrial, mi pasi\u00f3n por viajar me hizo seguir una carrera en la industria del turismo. Me enamor\u00e9 de la belleza de Granada y Andaluc\u00eda, de la riqueza y variedad de su historia, de la alegr\u00eda de su gente y, por supuesto, de su gastronom\u00eda, como tantos turistas que visitan la regi\u00f3n cada a\u00f1o. A pesar de ser un destino elegido por tantos, creo en el turismo responsable y siempre estoy a favor de los gu\u00edas locales, y apoyando a las peque\u00f1as empresas. Creo que otro tipo de turismo es posible.<b>. <\/b><\/p>\n<figure itemscope itemtype=\"https:\/\/schema.org\/ImageObject\">\n\t\t\t\t<img decoding=\"async\" src=\"https:\/\/abaqdmc.com\/wp-content\/uploads\/2023\/03\/beatriz-color.png\" alt=\"Beatriz Guti\u00e9rrez\" onerror=\"this.style.display='none'\" loading=\"lazy\" \/>\n\t<\/figure>\n\t<p>Beatriz Guti\u00e9rrez<\/p>\n\t<p>Agente de viajes &amp; gu\u00eda oficial<\/p>\n\t<p>Nac\u00ed y crec\u00ed en Granada, y soy una enamorada de mi ciudad. Estudi\u00e9 Historia del Arte y posteriormente obtuve  el carnet de Gu\u00eda Oficial de la Junta de Andaluc\u00eda. Hablo espa\u00f1ol, ingl\u00e9s e italiano. Soy especialista en el destino Granada y me ocupo de dise\u00f1ar y gestionar tours a medida para viajeros que visitan esta ciudad.<\/p>\n<figure itemscope itemtype=\"https:\/\/schema.org\/ImageObject\">\n\t\t\t\t<img decoding=\"async\" src=\"https:\/\/abaqdmc.com\/wp-content\/uploads\/2023\/03\/juan-color.png\" alt=\"Juan Pedro Gonz\u00e1lez\" onerror=\"this.style.display='none'\" loading=\"lazy\" \/>\n\t<\/figure>\n\t<p>Juan Pedro Gonz\u00e1lez<\/p>\n\t<p>Socio fundador &amp; director de operaciones<\/p>\n\t<p>Soy natural de un pueblecito de la campi\u00f1a cordobesa, me cri\u00e9 a la orilla del Mediter\u00e1neo en Alicante y desde hace casi una d\u00e9cada tengo el placer de vivir en mi querida Granada. Soy licenciado en Historia, M\u00e1ster en Direcci\u00f3n y Planificaci\u00f3n de Turismo, y gu\u00eda oficial de Turismo. Soy uno de los socios fundadores de Abaq DMC donde me encargo del desarrollo de producto y dise\u00f1o de experiencias a medida. Me encanta cuidar cada detalle de lo que hago. Hablo espa\u00f1ol, ingl\u00e9s y franc\u00e9s.<b>.<\/b><\/p>\n<figure itemscope itemtype=\"https:\/\/schema.org\/ImageObject\">\n\t\t\t\t<img decoding=\"async\" src=\"https:\/\/abaqdmc.com\/wp-content\/uploads\/2023\/03\/marta-color.png\" alt=\"Marta de la Torre\" onerror=\"this.style.display='none'\" loading=\"lazy\" \/>\n\t<\/figure>\n\t<p>Marta de la Torre<\/p>\n\t<p>Gu\u00eda Oficial<\/p>\n\t<p>Soy sevillana y adoptada de Granada. Me considero una persona curiosa que siempre quiso explorar y compartir experiencias inolvidables. Estudi\u00e9 Turismo y me dediqu\u00e9 a viajar por Europa en mi aventura como azafata de vuelo y documentalista, aprendiendo Ingl\u00e9s y las costumbres de cada pa\u00eds. El destino me llev\u00f3 hace 5 a\u00f1os a Granada, donde me enamor\u00e9 por completo de su historia, arte y cultura. Desde entonces me he dedicado plenamente al turismo. Formo parte de un gran equipo dedicado a que las experiencias a medida sean cuidadas al detalle.<\/p>\n<figure itemscope itemtype=\"https:\/\/schema.org\/ImageObject\">\n\t\t\t\t<img decoding=\"async\" src=\"https:\/\/abaqdmc.com\/wp-content\/uploads\/2024\/12\/equipo_elena.jpg\" alt=\"Elena Alabarces\" height=\"280\" width=\"400\" onerror=\"this.style.display='none'\" loading=\"lazy\" \/>\n\t<\/figure>\n\t<p>Elena Alabarces<\/p>\n\t<p>Dise\u00f1adora de viajes<\/p>\n\t<p>Nac\u00ed en un pueblo cercano a Granada. Mi trayectoria profesional y personal ha estado marcada por mi pasi\u00f3n por el medio ambiente y las culturas locales. Me licenci\u00e9 en Ciencias y Recursos Marinos y trabaj\u00e9 como investigadora en este campo durante cuatro a\u00f1os en el extranjero, algo que me ha transmitido un profundo respeto por la naturaleza. M\u00e1s tarde, mi carrera dio un giro hacia el turismo, \u00e1rea en la que actualmente trabajo en Abaq DMC Spain como dise\u00f1adora de viajes y gestora de itinerarios. He trabajado como gu\u00eda en Suecia, dirigiendo tours para grupos de habla hispana e inglesa. Mi especialidad es dise\u00f1ar experiencias tur\u00edsticas que resalten la autenticidad de cada destino en Espa\u00f1a, como talleres de artesan\u00eda local, degustaciones gastron\u00f3micas y paseos por la naturaleza. A la hora de dise\u00f1ar un viaje siempre reflejo mi compromiso con la preservaci\u00f3n de las tradiciones y el entorno natural.<\/p>\n<figure itemscope itemtype=\"https:\/\/schema.org\/ImageObject\">\n\t\t\t\t<img decoding=\"async\" src=\"https:\/\/abaqdmc.com\/wp-content\/uploads\/2024\/12\/equipo_marta.jpg\" alt=\"Marta S\u00e1nchez\" height=\"280\" width=\"400\" onerror=\"this.style.display='none'\" loading=\"lazy\" \/>\n\t<\/figure>\n\t<p>Marta S\u00e1nchez<\/p>\n\t<p>Gu\u00eda Oficial<\/p>\n\t<p>Nac\u00ed en Granada, pero si no hubiera sido as\u00ed, habr\u00eda conseguido acabar mis d\u00edas aqu\u00ed. Decir que estoy enamorada de mi ciudad es quedarse corto, ya que dedico 100% de mi vida a estudiar la historia, la cultura y el paisaje de Granada y su provincia, divulg\u00e1ndolo en mis redes sociales (Pateando Granada) y guiando a los maravillosos clientes de Abaq DMC por monumentos como la Alhambra, la Catedral, el Albaic\u00edn... \u00a1y mucho m\u00e1s! En mis recorridos no faltar\u00e1n referencias a la espectacular historia del reino de Granada, an\u00e9cdotas, curiosidades y leyendas.<\/p>\n<figure itemscope itemtype=\"https:\/\/schema.org\/ImageObject\">\n\t\t\t\t<img decoding=\"async\" src=\"https:\/\/abaqdmc.com\/wp-content\/uploads\/2025\/04\/equipo_delfina.jpg\" alt=\"Delfina Alonso\" height=\"280\" width=\"400\" onerror=\"this.style.display='none'\" loading=\"lazy\" \/>\n\t<\/figure>\n\t<p>Delfina Alonso<\/p>\n\t<p>Dise\u00f1adora de Viajes y Gu\u00eda Oficial<\/p>\n\t<p>Nac\u00ed en Ushuaia, en el extremo sur de la Patagonia Argentina. Cuando era peque\u00f1a, y gracias a una maestra del colegio, me enamor\u00e9 profundamente de la poes\u00eda de Federico Garc\u00eda Lorca y, a trav\u00e9s de sus libros, de Granada. Me promet\u00ed que alg\u00fan d\u00eda visitar\u00eda esa magn\u00e9tica ciudad. Mientras pasaban los a\u00f1os, me gradu\u00e9 de Licenciada en Relaciones Internacionales y realic\u00e9 un posgrado en Filosof\u00eda, hasta que finalmente, despu\u00e9s de recorrer distintos rincones del mundo, conoc\u00ed Granada (\u00a1Era mejor que en los libros!).<\/p>\n<p>Aqu\u00ed estudi\u00e9 para obtener el t\u00edtulo de Gu\u00eda Oficial e Informadora Tur\u00edstica, profesi\u00f3n que amo y en la que apuesto para lograr un turismo cada vez m\u00e1s sostenible, respetuoso, personalizado y responsable. Hablo ingl\u00e9s e italiano y estoy encantada de formar parte de la familia de ABAQ DMC.<\/p>\n<figure itemscope itemtype=\"https:\/\/schema.org\/ImageObject\">\n\t\t\t\t<img decoding=\"async\" src=\"https:\/\/abaqdmc.com\/wp-content\/uploads\/2026\/02\/equipo_monica.jpg\" alt=\"M\u00f3nica L\u00f3pez\" height=\"280\" width=\"400\" onerror=\"this.style.display='none'\" loading=\"lazy\" \/>\n\t<\/figure>\n\t<p>M\u00f3nica L\u00f3pez Dusablon<\/p>\n\t<p>Responsable de contabilidad<\/p>\n\t<p>I was born in Jerez de la Frontera and have always felt a deep passion for C\u00e1diz and its beaches. I hold a degree in Finance and Accounting from the University of C\u00e1diz. After completing my Master&#8217;s degree in Granada and working in Barcelona and Seville, I knew I wanted to return to Granada, a city that captivated me with its history, its architecture, and the magic found in every corner.<\/p>\n<p>Me encanta viajar con amigas y descubrir nuevas culturas. En ABAQ DMC sigo aprendiendo cada d\u00eda sobre destinos y experiencias de viaje, combinando ese conocimiento con mi experiencia contable para gestionar la contabilidad de forma eficiente y aportar valor a cada proyecto. Gracias a mi dedicaci\u00f3n y organizaci\u00f3n, el equipo puede centrarse plenamente en crear experiencias de viaje inolvidables.<\/p>\n<figure itemscope itemtype=\"https:\/\/schema.org\/ImageObject\">\n\t\t\t\t<img decoding=\"async\" src=\"https:\/\/abaqdmc.com\/wp-content\/uploads\/2026\/02\/equipo_esperanza.jpg\" alt=\"Esperanza Fern\u00e1ndez\" height=\"280\" width=\"400\" onerror=\"this.style.display='none'\" loading=\"lazy\" \/>\n\t<\/figure>\n\t<p>Esperanza Fern\u00e1ndez G\u00f3mez<\/p>\n\t<p>Dise\u00f1adora de viajes<\/p>\n\tBorn in La Mancha and in love with Granada.<br \/>\nEver since I can remember, I knew that being a travel agent was my calling.<br \/>\nI studied tourism at the University of C\u00f3rdoba and then decided to take the plunge and set up my own agency, specializing in tailor-made trips, which undoubtedly gave me all the experience I have.\nI have organized events and fairs within the sector and have also been a guide&#8230; Let&#8217;s just say that I love dealing with people.<br \/>\nWhen I need peace and quiet, there&#8217;s nothing like getting lost in nature with my dog.\n<p>Me apasiona el teatro, la cerveza y las peque\u00f1as cosas de la vida.<\/p>\n<h2>\n\t\t\tnuestro nombre\t<\/h2>\n\t<p>\"El t\u00e9rmino 'Abaq' procede de las palabras griegas \u1f04\u03b2\u03b1\u03be (abax) o \u1f04\u03b2\u03b1\u03bao\u03c2 (abakos), ambas referidas a una superficie plana. Otra posible etimolog\u00eda de la palabra hace referencia al t\u00e9rmino fenicio de origen hebreo \"\u05d0\u05d1\u05e7\", que hoy en d\u00eda se pronuncia \u0101b\u0101q y significa \"polvo\", aunque su significado en hebreo b\u00edblico era \"grano\". Curiosamente, en algunos dialectos tamazight (bereberes), la palabra \u02be\u0101b\u0101q sigue significando \"semilla\".<\/p>\n<p>Pero sobre todo, Abaq hace referencia a la palabra \u00e1baco, la herramienta de c\u00e1lculo que encarna el progreso de las civilizaciones mediterr\u00e1neas que dieron origen a la actual cultura hisp\u00e1nica, mezcla de griegos, romanos (latinos) y jud\u00edos, as\u00ed como de bereberes, pueblo que tuvo un papel protagonista en la fundaci\u00f3n y desarrollo de Al-Andalus, y cuya lengua a\u00fan asocia el vocablo \"abaq\" a una \"semilla\", algo que est\u00e1 en el origen, la fuente de donde nacen las cosas nuevas.<\/p>\n<p>Por \u00faltimo, un \u00e1baco es tambi\u00e9n una herramienta profesional, asociada a la precisi\u00f3n y la dedicaci\u00f3n, al estudio y la sabidur\u00eda.<\/p>\n\t<p>En Abaq reunimos las culturas mediterr\u00e1neas que han forjado lo que somos hoy. Somos polvo y semilla, ciencia e historia: un viaje a trav\u00e9s del tiempo y de innumerables culturas y civilizaciones.<\/p>\n<figure itemscope itemtype=\"https:\/\/schema.org\/ImageObject\">\n\t\t\t\t<img decoding=\"async\" src=\"https:\/\/abaqdmc.com\/wp-content\/uploads\/2026\/04\/logo-abaq-mediano.png\" alt=\"Abaq - Destination Management Company\" height=\"313\" width=\"276\" onerror=\"this.style.display='none'\" loading=\"lazy\" \/>\n\t<\/figure>\n<figure itemscope itemtype=\"https:\/\/schema.org\/ImageObject\">\n\t\t\t\t<img decoding=\"async\" src=\"https:\/\/abaqdmc.com\/wp-content\/uploads\/2023\/03\/idfmg.png\" alt=\"idfmg\" title=\"idfmg\" onerror=\"this.style.display='none'\" loading=\"lazy\" \/>\n\t<\/figure>\n<h2>\n\t\t\tCOMPROMISO\t<\/h2>\n\tEn nuestra casa, viaje rima con traje, y cuales sastres de alta costura, mediremos, cortaremos, y coseremos el viaje que mejor se adapte a vuestros deseos.<br \/>\nSeleccionaremos cuidadosamente paisajes y alojamientos y los tejeremos con las telas m\u00e1s finas, capaces de adaptarse c\u00f3modamente al cuerpo. Los te\u00f1iremos con las aguas m\u00e1s cristalinas de las peque\u00f1as calas mediterr\u00e1neas, la hierba de las praderas atl\u00e1nticas y la piedra caliza de las catedrales rom\u00e1nicas. Los decoraremos con los dibujos de los azulejos moriscos, la fantas\u00eda de la arquitectura de Gaud\u00ed y la fuerza de los cuadros de Goya.<br \/>\nCon ellos confeccionaremos camisas adornadas con estrellas Michelin, zapatos con ch\u00f3fer privado para moverse a gusto, tacones de globo aerost\u00e1tico para contemplar su viaje desde el cielo y un abrigo de buler\u00edas para abrigarse por la noche.<br \/>\n\u00a1Todos a bordo! Que empiece la alta costura...","protected":false},"excerpt":{"rendered":"<p>\u00bfQUI\u00c9NES SOMOS? ...Y \u00e9sta es nuestra historia: (Al principio, \u00e9ramos gu\u00edas tur\u00edsticos) Empezamos como gu\u00edas tur\u00edsticos, apasionados por nuestra profesi\u00f3n y enamorados de nuestra tierra y nuestra cultura. Entonces, decidimos crear una peque\u00f1a agencia local con la idea de tomar el control total de nuestro trabajo. Poco a poco, otros ... <a title=\"Qui\u00e9nes somos\" class=\"read-more\" href=\"https:\/\/abaqdmc.com\/es\/about-us\/\" aria-label=\"Leer m\u00e1s sobre Sobre nosotros\">Leer m\u00e1s<\/a><\/p>","protected":false},"author":8,"featured_media":0,"parent":0,"menu_order":0,"comment_status":"closed","ping_status":"closed","template":"","meta":{"footnotes":""},"class_list":["post-188","page","type-page","status-publish"],"yoast_head":"<!-- This site is optimized with the Yoast SEO plugin v27.5 - https:\/\/yoast.com\/product\/yoast-seo-wordpress\/ -->\n<title>About us - ABAQ DMC<\/title>\n<meta name=\"description\" content=\"ABAQ DMC was born from a team of tour guides, and gradually scaled to a local agency focused on quality standards and exclusive products.\" \/>\n<meta name=\"robots\" content=\"index, follow, max-snippet:-1, max-image-preview:large, max-video-preview:-1\" \/>\n<link rel=\"canonical\" href=\"https:\/\/abaqdmc.com\/es\/sobre-nosotros\/\" \/>\n<meta property=\"og:locale\" content=\"es_ES\" \/>\n<meta property=\"og:type\" content=\"article\" \/>\n<meta property=\"og:title\" content=\"About us - ABAQ DMC\" \/>\n<meta property=\"og:description\" content=\"ABAQ DMC was born from a team of tour guides, and gradually scaled to a local agency focused on quality standards and exclusive products.\" \/>\n<meta property=\"og:url\" content=\"https:\/\/abaqdmc.com\/es\/sobre-nosotros\/\" \/>\n<meta property=\"og:site_name\" content=\"ABAQ\" \/>\n<meta property=\"article:modified_time\" content=\"2026-04-16T06:22:32+00:00\" \/>\n<meta property=\"og:image\" content=\"https:\/\/abaqdmc.com\/wp-content\/uploads\/2023\/03\/imadsfg.png\" \/>\n<meta name=\"twitter:card\" content=\"summary_large_image\" \/>\n<meta name=\"twitter:label1\" content=\"Tiempo de lectura\" \/>\n\t<meta name=\"twitter:data1\" content=\"8 minutos\" \/>\n<script type=\"application\/ld+json\" class=\"yoast-schema-graph\">{\"@context\":\"https:\\\/\\\/schema.org\",\"@graph\":[{\"@type\":\"WebPage\",\"@id\":\"https:\\\/\\\/abaqdmc.com\\\/about-us\\\/\",\"url\":\"https:\\\/\\\/abaqdmc.com\\\/about-us\\\/\",\"name\":\"About us - ABAQ DMC\",\"isPartOf\":{\"@id\":\"https:\\\/\\\/abaqdmc.com\\\/#website\"},\"primaryImageOfPage\":{\"@id\":\"https:\\\/\\\/abaqdmc.com\\\/about-us\\\/#primaryimage\"},\"image\":{\"@id\":\"https:\\\/\\\/abaqdmc.com\\\/about-us\\\/#primaryimage\"},\"thumbnailUrl\":\"https:\\\/\\\/abaqdmc.com\\\/wp-content\\\/uploads\\\/2023\\\/03\\\/imadsfg.png\",\"datePublished\":\"2023-03-31T07:57:55+00:00\",\"dateModified\":\"2026-04-16T06:22:32+00:00\",\"description\":\"ABAQ DMC was born from a team of tour guides, and gradually scaled to a local agency focused on quality standards and exclusive products.\",\"breadcrumb\":{\"@id\":\"https:\\\/\\\/abaqdmc.com\\\/about-us\\\/#breadcrumb\"},\"inLanguage\":\"es\",\"potentialAction\":[{\"@type\":\"ReadAction\",\"target\":[\"https:\\\/\\\/abaqdmc.com\\\/about-us\\\/\"]}]},{\"@type\":\"ImageObject\",\"inLanguage\":\"es\",\"@id\":\"https:\\\/\\\/abaqdmc.com\\\/about-us\\\/#primaryimage\",\"url\":\"https:\\\/\\\/abaqdmc.com\\\/wp-content\\\/uploads\\\/2023\\\/03\\\/imadsfg.png\",\"contentUrl\":\"https:\\\/\\\/abaqdmc.com\\\/wp-content\\\/uploads\\\/2023\\\/03\\\/imadsfg.png\"},{\"@type\":\"BreadcrumbList\",\"@id\":\"https:\\\/\\\/abaqdmc.com\\\/about-us\\\/#breadcrumb\",\"itemListElement\":[{\"@type\":\"ListItem\",\"position\":1,\"name\":\"Portada\",\"item\":\"https:\\\/\\\/abaqdmc.com\\\/\"},{\"@type\":\"ListItem\",\"position\":2,\"name\":\"About us\"}]},{\"@type\":\"WebSite\",\"@id\":\"https:\\\/\\\/abaqdmc.com\\\/#website\",\"url\":\"https:\\\/\\\/abaqdmc.com\\\/\",\"name\":\"ABAQ DMC\",\"description\":\"ABAQ DMC is a Destination Management Company based in Granada, Spain.\",\"publisher\":{\"@id\":\"https:\\\/\\\/abaqdmc.com\\\/#organization\"},\"alternateName\":\"ABAQ Destination Management Company\",\"potentialAction\":[{\"@type\":\"SearchAction\",\"target\":{\"@type\":\"EntryPoint\",\"urlTemplate\":\"https:\\\/\\\/abaqdmc.com\\\/?s={search_term_string}\"},\"query-input\":{\"@type\":\"PropertyValueSpecification\",\"valueRequired\":true,\"valueName\":\"search_term_string\"}}],\"inLanguage\":\"es\"},{\"@type\":\"Organization\",\"@id\":\"https:\\\/\\\/abaqdmc.com\\\/#organization\",\"name\":\"ABAQ\",\"alternateName\":\"ABAQ Destination Management Company\",\"url\":\"https:\\\/\\\/abaqdmc.com\\\/\",\"logo\":{\"@type\":\"ImageObject\",\"inLanguage\":\"es\",\"@id\":\"https:\\\/\\\/abaqdmc.com\\\/#\\\/schema\\\/logo\\\/image\\\/\",\"url\":\"https:\\\/\\\/abaqdmc.com\\\/wp-content\\\/uploads\\\/2023\\\/04\\\/abaq-black-1.png\",\"contentUrl\":\"https:\\\/\\\/abaqdmc.com\\\/wp-content\\\/uploads\\\/2023\\\/04\\\/abaq-black-1.png\",\"width\":100,\"height\":42,\"caption\":\"ABAQ\"},\"image\":{\"@id\":\"https:\\\/\\\/abaqdmc.com\\\/#\\\/schema\\\/logo\\\/image\\\/\"}}]}<\/script>\n<!-- \/ Yoast SEO plugin. -->","yoast_head_json":{"title":"Sobre nosotros - ABAQ DMC","description":"ABAQ DMC naci\u00f3 de un equipo de gu\u00edas tur\u00edsticos, y poco a poco se convirti\u00f3 en una agencia local centrada en los est\u00e1ndares de calidad y los productos exclusivos.","robots":{"index":"index","follow":"follow","max-snippet":"max-snippet:-1","max-image-preview":"max-image-preview:large","max-video-preview":"max-video-preview:-1"},"canonical":"https:\/\/abaqdmc.com\/es\/sobre-nosotros\/","og_locale":"es_ES","og_type":"article","og_title":"About us - ABAQ DMC","og_description":"ABAQ DMC was born from a team of tour guides, and gradually scaled to a local agency focused on quality standards and exclusive products.","og_url":"https:\/\/abaqdmc.com\/es\/sobre-nosotros\/","og_site_name":"ABAQ","article_modified_time":"2026-04-16T06:22:32+00:00","og_image":[{"url":"https:\/\/abaqdmc.com\/wp-content\/uploads\/2023\/03\/imadsfg.png","type":"","width":"","height":""}],"twitter_card":"summary_large_image","twitter_misc":{"Tiempo de lectura":"8 minutos"},"schema":{"@context":"https:\/\/schema.org","@graph":[{"@type":"WebPage","@id":"https:\/\/abaqdmc.com\/about-us\/","url":"https:\/\/abaqdmc.com\/about-us\/","name":"Sobre nosotros - ABAQ DMC","isPartOf":{"@id":"https:\/\/abaqdmc.com\/#website"},"primaryImageOfPage":{"@id":"https:\/\/abaqdmc.com\/about-us\/#primaryimage"},"image":{"@id":"https:\/\/abaqdmc.com\/about-us\/#primaryimage"},"thumbnailUrl":"https:\/\/abaqdmc.com\/wp-content\/uploads\/2023\/03\/imadsfg.png","datePublished":"2023-03-31T07:57:55+00:00","dateModified":"2026-04-16T06:22:32+00:00","description":"ABAQ DMC naci\u00f3 de un equipo de gu\u00edas tur\u00edsticos, y poco a poco se convirti\u00f3 en una agencia local centrada en los est\u00e1ndares de calidad y los productos exclusivos.","breadcrumb":{"@id":"https:\/\/abaqdmc.com\/about-us\/#breadcrumb"},"inLanguage":"es","potentialAction":[{"@type":"ReadAction","target":["https:\/\/abaqdmc.com\/about-us\/"]}]},{"@type":"ImageObject","inLanguage":"es","@id":"https:\/\/abaqdmc.com\/about-us\/#primaryimage","url":"https:\/\/abaqdmc.com\/wp-content\/uploads\/2023\/03\/imadsfg.png","contentUrl":"https:\/\/abaqdmc.com\/wp-content\/uploads\/2023\/03\/imadsfg.png"},{"@type":"BreadcrumbList","@id":"https:\/\/abaqdmc.com\/about-us\/#breadcrumb","itemListElement":[{"@type":"ListItem","position":1,"name":"Portada","item":"https:\/\/abaqdmc.com\/"},{"@type":"ListItem","position":2,"name":"About us"}]},{"@type":"WebSite","@id":"https:\/\/abaqdmc.com\/#website","url":"https:\/\/abaqdmc.com\/","name":"ABAQ DMC","description":"ABAQ DMC es una empresa de gesti\u00f3n de destinos con sede en Granada, Espa\u00f1a.","publisher":{"@id":"https:\/\/abaqdmc.com\/#organization"},"alternateName":"ABAQ Destination Management Company","potentialAction":[{"@type":"SearchAction","target":{"@type":"EntryPoint","urlTemplate":"https:\/\/abaqdmc.com\/?s={search_term_string}"},"query-input":{"@type":"PropertyValueSpecification","valueRequired":true,"valueName":"search_term_string"}}],"inLanguage":"es"},{"@type":"Organization","@id":"https:\/\/abaqdmc.com\/#organization","name":"ABAQ","alternateName":"ABAQ Destination Management Company","url":"https:\/\/abaqdmc.com\/","logo":{"@type":"ImageObject","inLanguage":"es","@id":"https:\/\/abaqdmc.com\/#\/schema\/logo\/image\/","url":"https:\/\/abaqdmc.com\/wp-content\/uploads\/2023\/04\/abaq-black-1.png","contentUrl":"https:\/\/abaqdmc.com\/wp-content\/uploads\/2023\/04\/abaq-black-1.png","width":100,"height":42,"caption":"ABAQ"},"image":{"@id":"https:\/\/abaqdmc.com\/#\/schema\/logo\/image\/"}}]}},"_links":{"self":[{"href":"https:\/\/abaqdmc.com\/es\/wp-json\/wp\/v2\/pages\/188","targetHints":{"allow":["GET"]}}],"collection":[{"href":"https:\/\/abaqdmc.com\/es\/wp-json\/wp\/v2\/pages"}],"about":[{"href":"https:\/\/abaqdmc.com\/es\/wp-json\/wp\/v2\/types\/page"}],"author":[{"embeddable":true,"href":"https:\/\/abaqdmc.com\/es\/wp-json\/wp\/v2\/users\/8"}],"replies":[{"embeddable":true,"href":"https:\/\/abaqdmc.com\/es\/wp-json\/wp\/v2\/comments?post=188"}],"version-history":[{"count":21,"href":"https:\/\/abaqdmc.com\/es\/wp-json\/wp\/v2\/pages\/188\/revisions"}],"predecessor-version":[{"id":2182,"href":"https:\/\/abaqdmc.com\/es\/wp-json\/wp\/v2\/pages\/188\/revisions\/2182"}],"wp:attachment":[{"href":"https:\/\/abaqdmc.com\/es\/wp-json\/wp\/v2\/media?parent=188"}],"curies":[{"name":"wp","href":"https:\/\/api.w.org\/{rel}","templated":true}]}}