{"id":291,"date":"2023-04-12T07:36:56","date_gmt":"2023-04-12T07:36:56","guid":{"rendered":"https:\/\/factum-omibu.es\/abaq\/?page_id=291"},"modified":"2025-09-25T12:24:50","modified_gmt":"2025-09-25T12:24:50","slug":"politica-de-privacidad","status":"publish","type":"page","link":"https:\/\/abaqdmc.com\/es\/privacy-policy\/","title":{"rendered":"Pol\u00edtica de privacidad"},"content":{"rendered":"<h1>\n\t\t\tPol\u00edtica de privacidad\t<\/h1>\n\t<p>El env\u00edo de informaci\u00f3n personal a trav\u00e9s del Sitio Web se rige por nuestra Pol\u00edtica de Privacidad. La privacidad de los visitantes de nuestro sitio web es muy importante para nosotros, y nos comprometemos a protegerla para cumplir plenamente la legislaci\u00f3n vigente sobre protecci\u00f3n de datos personales. Esta pol\u00edtica explica lo que hacemos con tu informaci\u00f3n personal.<\/p>\n<p>ABAQ DMC SPAIN SL utiliza la informaci\u00f3n que nos facilitas con el fin de prestar el servicio solicitado y a efectos de facturaci\u00f3n. Los datos facilitados se conservar\u00e1n mientras se mantenga la relaci\u00f3n comercial o durante los a\u00f1os necesarios para cumplir con las obligaciones legales. Los datos no ser\u00e1n cedidos a terceros salvo en los casos en que exista una obligaci\u00f3n legal, o mediante su autorizaci\u00f3n previa. Tienes derecho a acceder a tus datos personales, rectificar los datos inexactos o solicitar su supresi\u00f3n cuando los datos ya no sean necesarios. Para cualquier duda, debes identificarte de forma fehaciente y escribir a: ABAQ DMC SPAIN SL, Calle Gran V\u00eda de Col\u00f3n 42, Entresuelo, Oficina 3, 18010 Granada (Espa\u00f1a); Tel\u00e9fono +34 630 07 08 93, o a trav\u00e9s del correo electr\u00f3nico: <a href=\"mailto:info@abaqdmc.com\"><strong>info@abaqdmc.com<\/strong><\/a>.<\/p>\n<h3><strong>\u00bfC\u00f3mo recogemos tus datos personales?<\/strong><\/h3>\n<p>Los siguientes tipos de informaci\u00f3n personal pueden ser recogidos, almacenados y utilizados:<\/p>\n<ul>\n<li>Informaci\u00f3n sobre tu ordenador, incluida tu direcci\u00f3n IP, ubicaci\u00f3n geogr\u00e1fica, tipo y versi\u00f3n del navegador y sistema operativo.<\/li>\n<li>Informaci\u00f3n introducida en formularios de reserva, en formularios de contacto, contacto por correo electr\u00f3nico y contacto a trav\u00e9s de redes sociales.<\/li>\n<li>Informaci\u00f3n sobre tus visitas y uso de este sitio web, incluyendo la fuente de referencia, la duraci\u00f3n de la visita, las visitas al sitio web y las rutas de navegaci\u00f3n del sitio web.<\/li>\n<li>Informaci\u00f3n que introduces para establecer una suscripci\u00f3n a nuestros correos electr\u00f3nicos y\/o boletines informativos.<\/li>\n<li>Informaci\u00f3n generada al utilizar nuestro sitio web, incluyendo cu\u00e1ndo, con qu\u00e9 frecuencia y en qu\u00e9 circunstancias lo utilizas.<\/li>\n<li>Informaci\u00f3n relacionada con todo lo que compras, los servicios que utilizas o las transacciones que realizas a trav\u00e9s de nuestro sitio web, incluidos tu nombre, direcci\u00f3n, n\u00famero de tel\u00e9fono, direcci\u00f3n de correo electr\u00f3nico y datos de tu tarjeta de cr\u00e9dito.<\/li>\n<li>Cualquier otra informaci\u00f3n personal que nos env\u00edes.<\/li>\n<\/ul>\n<h3><strong>Uso de tus datos personales<\/strong><\/h3>\n<p>La informaci\u00f3n personal que nos env\u00edes a trav\u00e9s de nuestro sitio web se utilizar\u00e1 para los fines especificados en esta pol\u00edtica o en las p\u00e1ginas correspondientes del sitio web. Podemos utilizar tu informaci\u00f3n personal para lo siguiente:<\/p>\n<ul>\n<li>Gestionar nuestro sitio web y nuestra empresa.<\/li>\n<li>Personaliza nuestro sitio web para ti.<\/li>\n<li>Permitir el uso de los servicios disponibles en nuestro sitio web.<\/li>\n<li>Prestar servicios adquiridos a trav\u00e9s de nuestro sitio web.<\/li>\n<li>Env\u00eda extractos de cuenta, facturas, recordatorios de pago y cobros.<\/li>\n<li>Enviarte notificaciones por correo electr\u00f3nico que hayas solicitado espec\u00edficamente.<\/li>\n<li>Enviarte nuestro bolet\u00edn por correo electr\u00f3nico si te has suscrito a \u00e9l (puedes darte de baja en cualquier momento).<\/li>\n<li>Enviar comunicaciones de marketing relacionadas con nuestra empresa o con empresas de terceros que consideremos que puedan ser de tu inter\u00e9s.<\/li>\n<li>Realizar informes estad\u00edsticos sobre nuestros usuarios.<\/li>\n<li>Tratar las consultas y reclamaciones realizadas por ti o sobre ti en relaci\u00f3n con nuestro sitio web.<\/li>\n<li>Mant\u00e9n nuestro sitio web seguro y evita el fraude.<\/li>\n<li>Verificar el cumplimiento de los t\u00e9rminos y condiciones que rigen el uso de nuestro sitio web.<\/li>\n<li>Otros usos. Sin tu consentimiento expreso, no facilitaremos tus datos personales a terceros para fines de marketing directo.<\/li>\n<\/ul>\n<h3><strong>Enlaces de terceros<\/strong><\/h3>\n<p>Ciertos contenidos, productos y servicios disponibles pueden incluir material de terceros.<\/p>\n<p>Los enlaces de terceros en este sitio pueden dirigirte a sitios web de terceros que no est\u00e1n afiliados a nosotros. No somos responsables de examinar o evaluar el contenido o la exactitud y no garantizamos ni tenemos obligaci\u00f3n o responsabilidad alguna por ning\u00fan material de terceros o sitios web, ni por ning\u00fan material, producto o servicio de terceros.<\/p>\n<p>No nos hacemos responsables de ning\u00fan da\u00f1o o perjuicio relacionado con la adquisici\u00f3n o el uso de bienes, servicios, recursos, contenidos o cualquier otra transacci\u00f3n realizada en relaci\u00f3n con sitios web de terceros. Por favor, revisa cuidadosamente las pol\u00edticas y pr\u00e1cticas de terceros y aseg\u00farate de que las entiendes antes de participar en cualquier transacci\u00f3n. Las quejas, reclamaciones, dudas o preguntas relativas a productos de terceros deben dirigirse a \u00e9stos.<\/p>\n<h3><strong>Pol\u00edtica de cookies<\/strong><\/h3>\n<p>El consentimiento para que utilicemos cookies de acuerdo con los t\u00e9rminos de esta pol\u00edtica cuando visitas nuestro sitio web por primera vez nos permite utilizar cookies cada vez que visitas nuestro sitio web.<\/p>\n<p>Una cookie es un peque\u00f1o archivo de texto que se almacena en tu navegador cuando visitas casi cualquier sitio web. Su funci\u00f3n es que el sitio web pueda recordar tu visita cuando vuelvas a navegar por esa p\u00e1gina. Las cookies suelen almacenar informaci\u00f3n t\u00e9cnica, preferencias personales, personalizaci\u00f3n de contenidos, estad\u00edsticas de uso, enlaces a redes sociales, acceso a cuentas de usuario, etc. La finalidad de una cookie es adaptar el contenido de la web a tu perfil y necesidades. Sin cookies, los servicios ofrecidos por cualquier sitio web podr\u00edan reducirse significativamente.<\/p>\n<h3><strong>Cookies utilizadas en este sitio<\/strong><\/h3>\n<p>Siguiendo las directrices de la Agencia Espa\u00f1ola de Protecci\u00f3n de Datos, detallamos el uso de las cookies que utiliza este sitio.<\/p>\n<p>Este sitio utiliza las siguientes cookies de origen:<\/p>\n<ul>\n<li>Cookies de sesi\u00f3n para garantizar que los usuarios que dejan comentarios en el blog son personas reales y no aplicaciones automatizadas. Esta es una forma de evitar el spam.<\/li>\n<\/ul>\n<p>Este sitio utiliza las siguientes cookies de terceros:<\/p>\n<ul>\n<li>Google Analytics: almacena cookies para registrar estad\u00edsticas sobre el volumen de tr\u00e1fico y visitantes de este sitio. Al utilizar este sitio, est\u00e1s dando tu consentimiento para que Google procese tus datos. Por tanto, el ejercicio de cualquier derecho en este sentido deber\u00e1 hacerlo comunicando directamente con Google.<br \/>\n- Redes sociales: cada red social utiliza sus propias cookies para que puedas hacer clic en botones como \"compartir\" o \"me gusta\".<\/li>\n<\/ul>\n<h3><strong>Desactivar o eliminar cookies<\/strong><\/h3>\n<p>Puedes ejercer tu derecho a desactivar o eliminar las cookies de este sitio en cualquier momento. Estas acciones se realizan de forma diferente seg\u00fan el navegador que utilices.<\/p>\n<p>Para m\u00e1s informaci\u00f3n sobre estos derechos,\u00a0<a href=\"https:\/\/ec.europa.eu\/info\/law\/law-topic\/data-protection\/reform\/rights-citizens_en\"><strong>haz clic aqu\u00ed<\/strong><\/a>.<\/p>","protected":false},"excerpt":{"rendered":"<p>Pol\u00edtica de Privacidad El env\u00edo de informaci\u00f3n personal a trav\u00e9s del Sitio Web se rige por nuestra Pol\u00edtica de Privacidad. La privacidad de los visitantes de nuestro sitio web es muy importante para nosotros, y nos comprometemos a protegerla para cumplir plenamente la legislaci\u00f3n vigente sobre protecci\u00f3n de datos personales. Esta pol\u00edtica explica lo que hacemos ... <a title=\"Pol\u00edtica de privacidad\" class=\"read-more\" href=\"https:\/\/abaqdmc.com\/es\/privacy-policy\/\" aria-label=\"Leer m\u00e1s sobre Pol\u00edtica de privacidad\">Leer m\u00e1s<\/a><\/p>","protected":false},"author":8,"featured_media":0,"parent":0,"menu_order":0,"comment_status":"closed","ping_status":"closed","template":"","meta":{"footnotes":""},"class_list":["post-291","page","type-page","status-publish"],"yoast_head":"<!-- This site is optimized with the Yoast SEO plugin v27.5 - https:\/\/yoast.com\/product\/yoast-seo-wordpress\/ -->\n<title>Privacy Policy - ABAQ DMC<\/title>\n<meta name=\"description\" content=\"Your submission of personal information is governed by our Privacy Policy. This policy explains what we do with your information.\" \/>\n<meta name=\"robots\" content=\"index, follow, max-snippet:-1, max-image-preview:large, max-video-preview:-1\" \/>\n<link rel=\"canonical\" href=\"https:\/\/abaqdmc.com\/es\/politica-de-privacidad\/\" \/>\n<meta property=\"og:locale\" content=\"es_ES\" \/>\n<meta property=\"og:type\" content=\"article\" \/>\n<meta property=\"og:title\" content=\"Privacy Policy - ABAQ DMC\" \/>\n<meta property=\"og:description\" content=\"Your submission of personal information is governed by our Privacy Policy. This policy explains what we do with your information.\" \/>\n<meta property=\"og:url\" content=\"https:\/\/abaqdmc.com\/es\/politica-de-privacidad\/\" \/>\n<meta property=\"og:site_name\" content=\"ABAQ\" \/>\n<meta property=\"article:modified_time\" content=\"2025-09-25T12:24:50+00:00\" \/>\n<meta property=\"og:image\" content=\"https:\/\/abaqdmc.com\/wp-content\/uploads\/2025\/07\/Mask-dfsgroup.webp\" \/>\n\t<meta property=\"og:image:width\" content=\"375\" \/>\n\t<meta property=\"og:image:height\" content=\"410\" \/>\n\t<meta property=\"og:image:type\" content=\"image\/webp\" \/>\n<meta name=\"twitter:card\" content=\"summary_large_image\" \/>\n<meta name=\"twitter:label1\" content=\"Tiempo de lectura\" \/>\n\t<meta name=\"twitter:data1\" content=\"5 minutos\" \/>\n<script type=\"application\/ld+json\" class=\"yoast-schema-graph\">{\"@context\":\"https:\\\/\\\/schema.org\",\"@graph\":[{\"@type\":\"WebPage\",\"@id\":\"https:\\\/\\\/abaqdmc.com\\\/privacy-policy\\\/\",\"url\":\"https:\\\/\\\/abaqdmc.com\\\/privacy-policy\\\/\",\"name\":\"Privacy Policy - ABAQ DMC\",\"isPartOf\":{\"@id\":\"https:\\\/\\\/abaqdmc.com\\\/#website\"},\"datePublished\":\"2023-04-12T07:36:56+00:00\",\"dateModified\":\"2025-09-25T12:24:50+00:00\",\"description\":\"Your submission of personal information is governed by our Privacy Policy. This policy explains what we do with your information.\",\"breadcrumb\":{\"@id\":\"https:\\\/\\\/abaqdmc.com\\\/privacy-policy\\\/#breadcrumb\"},\"inLanguage\":\"es\",\"potentialAction\":[{\"@type\":\"ReadAction\",\"target\":[\"https:\\\/\\\/abaqdmc.com\\\/privacy-policy\\\/\"]}]},{\"@type\":\"BreadcrumbList\",\"@id\":\"https:\\\/\\\/abaqdmc.com\\\/privacy-policy\\\/#breadcrumb\",\"itemListElement\":[{\"@type\":\"ListItem\",\"position\":1,\"name\":\"Portada\",\"item\":\"https:\\\/\\\/abaqdmc.com\\\/\"},{\"@type\":\"ListItem\",\"position\":2,\"name\":\"Privacy Policy\"}]},{\"@type\":\"WebSite\",\"@id\":\"https:\\\/\\\/abaqdmc.com\\\/#website\",\"url\":\"https:\\\/\\\/abaqdmc.com\\\/\",\"name\":\"ABAQ DMC\",\"description\":\"ABAQ DMC is a Destination Management Company based in Granada, Spain.\",\"publisher\":{\"@id\":\"https:\\\/\\\/abaqdmc.com\\\/#organization\"},\"alternateName\":\"ABAQ Destination Management Company\",\"potentialAction\":[{\"@type\":\"SearchAction\",\"target\":{\"@type\":\"EntryPoint\",\"urlTemplate\":\"https:\\\/\\\/abaqdmc.com\\\/?s={search_term_string}\"},\"query-input\":{\"@type\":\"PropertyValueSpecification\",\"valueRequired\":true,\"valueName\":\"search_term_string\"}}],\"inLanguage\":\"es\"},{\"@type\":\"Organization\",\"@id\":\"https:\\\/\\\/abaqdmc.com\\\/#organization\",\"name\":\"ABAQ\",\"alternateName\":\"ABAQ Destination Management Company\",\"url\":\"https:\\\/\\\/abaqdmc.com\\\/\",\"logo\":{\"@type\":\"ImageObject\",\"inLanguage\":\"es\",\"@id\":\"https:\\\/\\\/abaqdmc.com\\\/#\\\/schema\\\/logo\\\/image\\\/\",\"url\":\"https:\\\/\\\/abaqdmc.com\\\/wp-content\\\/uploads\\\/2023\\\/04\\\/abaq-black-1.png\",\"contentUrl\":\"https:\\\/\\\/abaqdmc.com\\\/wp-content\\\/uploads\\\/2023\\\/04\\\/abaq-black-1.png\",\"width\":100,\"height\":42,\"caption\":\"ABAQ\"},\"image\":{\"@id\":\"https:\\\/\\\/abaqdmc.com\\\/#\\\/schema\\\/logo\\\/image\\\/\"}}]}<\/script>\n<!-- \/ Yoast SEO plugin. -->","yoast_head_json":{"title":"Pol\u00edtica de privacidad - ABAQ DMC","description":"Tu env\u00edo de informaci\u00f3n personal se rige por nuestra Pol\u00edtica de privacidad. Esta pol\u00edtica explica lo que hacemos con tu informaci\u00f3n.","robots":{"index":"index","follow":"follow","max-snippet":"max-snippet:-1","max-image-preview":"max-image-preview:large","max-video-preview":"max-video-preview:-1"},"canonical":"https:\/\/abaqdmc.com\/es\/politica-de-privacidad\/","og_locale":"es_ES","og_type":"article","og_title":"Privacy Policy - ABAQ DMC","og_description":"Your submission of personal information is governed by our Privacy Policy. This policy explains what we do with your information.","og_url":"https:\/\/abaqdmc.com\/es\/politica-de-privacidad\/","og_site_name":"ABAQ","article_modified_time":"2025-09-25T12:24:50+00:00","og_image":[{"width":375,"height":410,"url":"https:\/\/abaqdmc.com\/wp-content\/uploads\/2025\/07\/Mask-dfsgroup.webp","type":"image\/webp"}],"twitter_card":"summary_large_image","twitter_misc":{"Tiempo de lectura":"5 minutos"},"schema":{"@context":"https:\/\/schema.org","@graph":[{"@type":"WebPage","@id":"https:\/\/abaqdmc.com\/privacy-policy\/","url":"https:\/\/abaqdmc.com\/privacy-policy\/","name":"Pol\u00edtica de privacidad - ABAQ DMC","isPartOf":{"@id":"https:\/\/abaqdmc.com\/#website"},"datePublished":"2023-04-12T07:36:56+00:00","dateModified":"2025-09-25T12:24:50+00:00","description":"Tu env\u00edo de informaci\u00f3n personal se rige por nuestra Pol\u00edtica de privacidad. Esta pol\u00edtica explica lo que hacemos con tu informaci\u00f3n.","breadcrumb":{"@id":"https:\/\/abaqdmc.com\/privacy-policy\/#breadcrumb"},"inLanguage":"es","potentialAction":[{"@type":"ReadAction","target":["https:\/\/abaqdmc.com\/privacy-policy\/"]}]},{"@type":"BreadcrumbList","@id":"https:\/\/abaqdmc.com\/privacy-policy\/#breadcrumb","itemListElement":[{"@type":"ListItem","position":1,"name":"Portada","item":"https:\/\/abaqdmc.com\/"},{"@type":"ListItem","position":2,"name":"Privacy Policy"}]},{"@type":"WebSite","@id":"https:\/\/abaqdmc.com\/#website","url":"https:\/\/abaqdmc.com\/","name":"ABAQ DMC","description":"ABAQ DMC es una empresa de gesti\u00f3n de destinos con sede en Granada, Espa\u00f1a.","publisher":{"@id":"https:\/\/abaqdmc.com\/#organization"},"alternateName":"ABAQ Destination Management Company","potentialAction":[{"@type":"SearchAction","target":{"@type":"EntryPoint","urlTemplate":"https:\/\/abaqdmc.com\/?s={search_term_string}"},"query-input":{"@type":"PropertyValueSpecification","valueRequired":true,"valueName":"search_term_string"}}],"inLanguage":"es"},{"@type":"Organization","@id":"https:\/\/abaqdmc.com\/#organization","name":"ABAQ","alternateName":"ABAQ Destination Management Company","url":"https:\/\/abaqdmc.com\/","logo":{"@type":"ImageObject","inLanguage":"es","@id":"https:\/\/abaqdmc.com\/#\/schema\/logo\/image\/","url":"https:\/\/abaqdmc.com\/wp-content\/uploads\/2023\/04\/abaq-black-1.png","contentUrl":"https:\/\/abaqdmc.com\/wp-content\/uploads\/2023\/04\/abaq-black-1.png","width":100,"height":42,"caption":"ABAQ"},"image":{"@id":"https:\/\/abaqdmc.com\/#\/schema\/logo\/image\/"}}]}},"_links":{"self":[{"href":"https:\/\/abaqdmc.com\/es\/wp-json\/wp\/v2\/pages\/291","targetHints":{"allow":["GET"]}}],"collection":[{"href":"https:\/\/abaqdmc.com\/es\/wp-json\/wp\/v2\/pages"}],"about":[{"href":"https:\/\/abaqdmc.com\/es\/wp-json\/wp\/v2\/types\/page"}],"author":[{"embeddable":true,"href":"https:\/\/abaqdmc.com\/es\/wp-json\/wp\/v2\/users\/8"}],"replies":[{"embeddable":true,"href":"https:\/\/abaqdmc.com\/es\/wp-json\/wp\/v2\/comments?post=291"}],"version-history":[{"count":5,"href":"https:\/\/abaqdmc.com\/es\/wp-json\/wp\/v2\/pages\/291\/revisions"}],"predecessor-version":[{"id":1867,"href":"https:\/\/abaqdmc.com\/es\/wp-json\/wp\/v2\/pages\/291\/revisions\/1867"}],"wp:attachment":[{"href":"https:\/\/abaqdmc.com\/es\/wp-json\/wp\/v2\/media?parent=291"}],"curies":[{"name":"wp","href":"https:\/\/api.w.org\/{rel}","templated":true}]}}