{"id":293,"date":"2023-04-12T07:37:07","date_gmt":"2023-04-12T07:37:07","guid":{"rendered":"https:\/\/factum-omibu.es\/abaq\/?page_id=293"},"modified":"2023-05-30T06:28:41","modified_gmt":"2023-05-30T06:28:41","slug":"proyectos-cofinanciados","status":"publish","type":"page","link":"https:\/\/abaqdmc.com\/es\/co-financed-projects\/","title":{"rendered":"Proyectos cofinanciados"},"content":{"rendered":"\r\n<h1>\r\n\t\tCo-financed projects\r\n\t<\/h1>\r\n\t\t\t\t<img decoding=\"async\" src=\"https:\/\/abaqdmc.com\/wp-content\/uploads\/2023\/04\/11-logo_Fondo-FEDER-300x141-1.jpg\" alt=\"11-logo_Fondo-FEDER-300x141-1\" itemprop=\"image\" height=\"141\" width=\"300\" title=\"11-logo_Fondo-FEDER-300x141-1\" onerror=\"this.style.display='none'\"  \/>\r\n\t\t\t\t<img decoding=\"async\" src=\"https:\/\/abaqdmc.com\/wp-content\/uploads\/2023\/04\/Camara-de-Comercio-de-Espana-300x89-1.png.webp\" alt=\"Ca\u0301mara-de-Comercio-de-Espan\u0303a-300x89-1\" itemprop=\"image\" height=\"89\" width=\"300\" title=\"Ca\u0301mara-de-Comercio-de-Espan\u0303a-300x89-1\" onerror=\"this.style.display='none'\"  \/>\r\n\t\t\t\t<img decoding=\"async\" src=\"https:\/\/abaqdmc.com\/wp-content\/uploads\/2023\/04\/Camara-de-Comercio-de-Granada-300x100-1.png.webp\" alt=\"Ca\u0301mara-de-Comercio-de-Granada-300x100-1\" itemprop=\"image\" height=\"100\" width=\"300\" title=\"Ca\u0301mara-de-Comercio-de-Granada-300x100-1\" onerror=\"this.style.display='none'\"  \/>\r\n\t<p>ABAQ DMC has been a beneficiary of the European Regional Development Fund whose objective is to improve the use and quality of information and communication technologies and access to them, and thanks to which it has developed the implementation of Web Presence through its own web page, to improve the competitiveness and productivity of the company. [14\/03\/2020]. For this purpose, it has had the support of the TicC\u00e1maras Program of the Chamber of Commerce of Granada.<\/p>\r\n\t\t\t\t<img decoding=\"async\" src=\"https:\/\/abaqdmc.com\/wp-content\/uploads\/2023\/04\/TicCamaras-300x70-1.jpg\" alt=\"TicCamaras-300x70-1\" itemprop=\"image\" height=\"70\" width=\"300\" title=\"TicCamaras-300x70-1\" onerror=\"this.style.display='none'\"  \/>\r\n\t<strong>Fondo Europeo de<\/strong><br \/>\r\n<strong>Desarrolo Regional<\/strong>\r\n\t<p><em>Una manera de hacer Europa<\/em><\/p>\r\n\r\n","protected":false},"excerpt":{"rendered":"<p>Proyectos cofinanciados ABAQ DMC ha sido beneficiaria del Fondo Europeo de Desarrollo Regional cuyo objetivo es mejorar el uso y la calidad de las tecnolog\u00edas de la informaci\u00f3n y la comunicaci\u00f3n y el acceso a las mismas, y gracias al cual ha desarrollado la implantaci\u00f3n de la Presencia Web a trav\u00e9s de su propia p\u00e1gina web, para mejorar la competitividad y la productividad ... <a title=\"Proyectos cofinanciados\" class=\"read-more\" href=\"https:\/\/abaqdmc.com\/es\/co-financed-projects\/\" aria-label=\"Leer m\u00e1s sobre Proyectos cofinanciados\">Leer m\u00e1s<\/a><\/p>","protected":false},"author":8,"featured_media":0,"parent":0,"menu_order":0,"comment_status":"closed","ping_status":"closed","template":"","meta":{"footnotes":""},"class_list":["post-293","page","type-page","status-publish"],"yoast_head":"<!-- This site is optimized with the Yoast SEO plugin v27.5 - https:\/\/yoast.com\/product\/yoast-seo-wordpress\/ -->\n<title>Co-financed projects - ABAQ DMC<\/title>\n<meta name=\"description\" content=\"ABAQ DMC has been a beneficiary of the European Regional Development Fund.\" \/>\n<meta name=\"robots\" content=\"index, follow, max-snippet:-1, max-image-preview:large, max-video-preview:-1\" \/>\n<link rel=\"canonical\" href=\"https:\/\/abaqdmc.com\/es\/proyectos-cofinanciados\/\" \/>\n<meta property=\"og:locale\" content=\"es_ES\" \/>\n<meta property=\"og:type\" content=\"article\" \/>\n<meta property=\"og:title\" content=\"Co-financed projects - ABAQ DMC\" \/>\n<meta property=\"og:description\" content=\"ABAQ DMC has been a beneficiary of the European Regional Development Fund.\" \/>\n<meta property=\"og:url\" content=\"https:\/\/abaqdmc.com\/es\/proyectos-cofinanciados\/\" \/>\n<meta property=\"og:site_name\" content=\"ABAQ\" \/>\n<meta property=\"article:modified_time\" content=\"2023-05-30T06:28:41+00:00\" \/>\n<meta property=\"og:image\" content=\"https:\/\/abaqdmc.com\/wp-content\/uploads\/2023\/04\/11-logo_Fondo-FEDER-300x141-1.jpg\" \/>\n<meta name=\"twitter:card\" content=\"summary_large_image\" \/>\n<meta name=\"twitter:label1\" content=\"Tiempo de lectura\" \/>\n\t<meta name=\"twitter:data1\" content=\"2 minutos\" \/>\n<script type=\"application\/ld+json\" class=\"yoast-schema-graph\">{\"@context\":\"https:\\\/\\\/schema.org\",\"@graph\":[{\"@type\":\"WebPage\",\"@id\":\"https:\\\/\\\/abaqdmc.com\\\/co-financed-projects\\\/\",\"url\":\"https:\\\/\\\/abaqdmc.com\\\/co-financed-projects\\\/\",\"name\":\"Co-financed projects - ABAQ DMC\",\"isPartOf\":{\"@id\":\"https:\\\/\\\/abaqdmc.com\\\/#website\"},\"primaryImageOfPage\":{\"@id\":\"https:\\\/\\\/abaqdmc.com\\\/co-financed-projects\\\/#primaryimage\"},\"image\":{\"@id\":\"https:\\\/\\\/abaqdmc.com\\\/co-financed-projects\\\/#primaryimage\"},\"thumbnailUrl\":\"https:\\\/\\\/abaqdmc.com\\\/wp-content\\\/uploads\\\/2023\\\/04\\\/11-logo_Fondo-FEDER-300x141-1.jpg\",\"datePublished\":\"2023-04-12T07:37:07+00:00\",\"dateModified\":\"2023-05-30T06:28:41+00:00\",\"description\":\"ABAQ DMC has been a beneficiary of the European Regional Development Fund.\",\"breadcrumb\":{\"@id\":\"https:\\\/\\\/abaqdmc.com\\\/co-financed-projects\\\/#breadcrumb\"},\"inLanguage\":\"es\",\"potentialAction\":[{\"@type\":\"ReadAction\",\"target\":[\"https:\\\/\\\/abaqdmc.com\\\/co-financed-projects\\\/\"]}]},{\"@type\":\"ImageObject\",\"inLanguage\":\"es\",\"@id\":\"https:\\\/\\\/abaqdmc.com\\\/co-financed-projects\\\/#primaryimage\",\"url\":\"https:\\\/\\\/abaqdmc.com\\\/wp-content\\\/uploads\\\/2023\\\/04\\\/11-logo_Fondo-FEDER-300x141-1.jpg\",\"contentUrl\":\"https:\\\/\\\/abaqdmc.com\\\/wp-content\\\/uploads\\\/2023\\\/04\\\/11-logo_Fondo-FEDER-300x141-1.jpg\"},{\"@type\":\"BreadcrumbList\",\"@id\":\"https:\\\/\\\/abaqdmc.com\\\/co-financed-projects\\\/#breadcrumb\",\"itemListElement\":[{\"@type\":\"ListItem\",\"position\":1,\"name\":\"Portada\",\"item\":\"https:\\\/\\\/abaqdmc.com\\\/\"},{\"@type\":\"ListItem\",\"position\":2,\"name\":\"Co-financed projects\"}]},{\"@type\":\"WebSite\",\"@id\":\"https:\\\/\\\/abaqdmc.com\\\/#website\",\"url\":\"https:\\\/\\\/abaqdmc.com\\\/\",\"name\":\"ABAQ DMC\",\"description\":\"ABAQ DMC is a Destination Management Company based in Granada, Spain.\",\"publisher\":{\"@id\":\"https:\\\/\\\/abaqdmc.com\\\/#organization\"},\"alternateName\":\"ABAQ Destination Management Company\",\"potentialAction\":[{\"@type\":\"SearchAction\",\"target\":{\"@type\":\"EntryPoint\",\"urlTemplate\":\"https:\\\/\\\/abaqdmc.com\\\/?s={search_term_string}\"},\"query-input\":{\"@type\":\"PropertyValueSpecification\",\"valueRequired\":true,\"valueName\":\"search_term_string\"}}],\"inLanguage\":\"es\"},{\"@type\":\"Organization\",\"@id\":\"https:\\\/\\\/abaqdmc.com\\\/#organization\",\"name\":\"ABAQ\",\"alternateName\":\"ABAQ Destination Management Company\",\"url\":\"https:\\\/\\\/abaqdmc.com\\\/\",\"logo\":{\"@type\":\"ImageObject\",\"inLanguage\":\"es\",\"@id\":\"https:\\\/\\\/abaqdmc.com\\\/#\\\/schema\\\/logo\\\/image\\\/\",\"url\":\"https:\\\/\\\/abaqdmc.com\\\/wp-content\\\/uploads\\\/2023\\\/04\\\/abaq-black-1.png\",\"contentUrl\":\"https:\\\/\\\/abaqdmc.com\\\/wp-content\\\/uploads\\\/2023\\\/04\\\/abaq-black-1.png\",\"width\":100,\"height\":42,\"caption\":\"ABAQ\"},\"image\":{\"@id\":\"https:\\\/\\\/abaqdmc.com\\\/#\\\/schema\\\/logo\\\/image\\\/\"}}]}<\/script>\n<!-- \/ Yoast SEO plugin. -->","yoast_head_json":{"title":"Proyectos cofinanciados - ABAQ DMC","description":"ABAQ DMC ha sido beneficiaria del Fondo Europeo de Desarrollo Regional.","robots":{"index":"index","follow":"follow","max-snippet":"max-snippet:-1","max-image-preview":"max-image-preview:large","max-video-preview":"max-video-preview:-1"},"canonical":"https:\/\/abaqdmc.com\/es\/proyectos-cofinanciados\/","og_locale":"es_ES","og_type":"article","og_title":"Co-financed projects - ABAQ DMC","og_description":"ABAQ DMC has been a beneficiary of the European Regional Development Fund.","og_url":"https:\/\/abaqdmc.com\/es\/proyectos-cofinanciados\/","og_site_name":"ABAQ","article_modified_time":"2023-05-30T06:28:41+00:00","og_image":[{"url":"https:\/\/abaqdmc.com\/wp-content\/uploads\/2023\/04\/11-logo_Fondo-FEDER-300x141-1.jpg","type":"","width":"","height":""}],"twitter_card":"summary_large_image","twitter_misc":{"Tiempo de lectura":"2 minutos"},"schema":{"@context":"https:\/\/schema.org","@graph":[{"@type":"WebPage","@id":"https:\/\/abaqdmc.com\/co-financed-projects\/","url":"https:\/\/abaqdmc.com\/co-financed-projects\/","name":"Proyectos cofinanciados - ABAQ DMC","isPartOf":{"@id":"https:\/\/abaqdmc.com\/#website"},"primaryImageOfPage":{"@id":"https:\/\/abaqdmc.com\/co-financed-projects\/#primaryimage"},"image":{"@id":"https:\/\/abaqdmc.com\/co-financed-projects\/#primaryimage"},"thumbnailUrl":"https:\/\/abaqdmc.com\/wp-content\/uploads\/2023\/04\/11-logo_Fondo-FEDER-300x141-1.jpg","datePublished":"2023-04-12T07:37:07+00:00","dateModified":"2023-05-30T06:28:41+00:00","description":"ABAQ DMC ha sido beneficiaria del Fondo Europeo de Desarrollo Regional.","breadcrumb":{"@id":"https:\/\/abaqdmc.com\/co-financed-projects\/#breadcrumb"},"inLanguage":"es","potentialAction":[{"@type":"ReadAction","target":["https:\/\/abaqdmc.com\/co-financed-projects\/"]}]},{"@type":"ImageObject","inLanguage":"es","@id":"https:\/\/abaqdmc.com\/co-financed-projects\/#primaryimage","url":"https:\/\/abaqdmc.com\/wp-content\/uploads\/2023\/04\/11-logo_Fondo-FEDER-300x141-1.jpg","contentUrl":"https:\/\/abaqdmc.com\/wp-content\/uploads\/2023\/04\/11-logo_Fondo-FEDER-300x141-1.jpg"},{"@type":"BreadcrumbList","@id":"https:\/\/abaqdmc.com\/co-financed-projects\/#breadcrumb","itemListElement":[{"@type":"ListItem","position":1,"name":"Portada","item":"https:\/\/abaqdmc.com\/"},{"@type":"ListItem","position":2,"name":"Co-financed projects"}]},{"@type":"WebSite","@id":"https:\/\/abaqdmc.com\/#website","url":"https:\/\/abaqdmc.com\/","name":"ABAQ DMC","description":"ABAQ DMC es una empresa de gesti\u00f3n de destinos con sede en Granada, Espa\u00f1a.","publisher":{"@id":"https:\/\/abaqdmc.com\/#organization"},"alternateName":"ABAQ Destination Management Company","potentialAction":[{"@type":"SearchAction","target":{"@type":"EntryPoint","urlTemplate":"https:\/\/abaqdmc.com\/?s={search_term_string}"},"query-input":{"@type":"PropertyValueSpecification","valueRequired":true,"valueName":"search_term_string"}}],"inLanguage":"es"},{"@type":"Organization","@id":"https:\/\/abaqdmc.com\/#organization","name":"ABAQ","alternateName":"ABAQ Destination Management Company","url":"https:\/\/abaqdmc.com\/","logo":{"@type":"ImageObject","inLanguage":"es","@id":"https:\/\/abaqdmc.com\/#\/schema\/logo\/image\/","url":"https:\/\/abaqdmc.com\/wp-content\/uploads\/2023\/04\/abaq-black-1.png","contentUrl":"https:\/\/abaqdmc.com\/wp-content\/uploads\/2023\/04\/abaq-black-1.png","width":100,"height":42,"caption":"ABAQ"},"image":{"@id":"https:\/\/abaqdmc.com\/#\/schema\/logo\/image\/"}}]}},"_links":{"self":[{"href":"https:\/\/abaqdmc.com\/es\/wp-json\/wp\/v2\/pages\/293","targetHints":{"allow":["GET"]}}],"collection":[{"href":"https:\/\/abaqdmc.com\/es\/wp-json\/wp\/v2\/pages"}],"about":[{"href":"https:\/\/abaqdmc.com\/es\/wp-json\/wp\/v2\/types\/page"}],"author":[{"embeddable":true,"href":"https:\/\/abaqdmc.com\/es\/wp-json\/wp\/v2\/users\/8"}],"replies":[{"embeddable":true,"href":"https:\/\/abaqdmc.com\/es\/wp-json\/wp\/v2\/comments?post=293"}],"version-history":[{"count":3,"href":"https:\/\/abaqdmc.com\/es\/wp-json\/wp\/v2\/pages\/293\/revisions"}],"predecessor-version":[{"id":478,"href":"https:\/\/abaqdmc.com\/es\/wp-json\/wp\/v2\/pages\/293\/revisions\/478"}],"wp:attachment":[{"href":"https:\/\/abaqdmc.com\/es\/wp-json\/wp\/v2\/media?parent=293"}],"curies":[{"name":"wp","href":"https:\/\/api.w.org\/{rel}","templated":true}]}}