{"id":68,"date":"2023-03-29T11:30:53","date_gmt":"2023-03-29T11:30:53","guid":{"rendered":"https:\/\/factum-omibu.es\/abaq\/?page_id=68"},"modified":"2026-04-14T07:45:32","modified_gmt":"2026-04-14T07:45:32","slug":"experiencias","status":"publish","type":"page","link":"https:\/\/abaqdmc.com\/es\/experiences\/","title":{"rendered":"Experiencias"},"content":{"rendered":"<h1>\n\t\t\tEXPERIENCIAS ABAQ DMC\t<\/h1>\n\t<p>Ofrecemos una amplia gama de todo tipo de experiencias culturales, entretenimiento y espect\u00e1culos musicales para garantizar que tu grupo viva una experiencia inolvidable. Nos ocupamos de todo: ubicaci\u00f3n y lugares \u00fanicos, catering, alojamiento y mucho m\u00e1s.<\/p>\n\t\t\t<a href=\"https:\/\/abaqdmc.com\/es\/contacta-con-nosotros\/\"  target=\"_self\">\n\t\t\t\t\t\t\tM\u00e1s informaci\u00f3n\n\t\t\t\t\t<\/a>\n\t<p><a href=\"https:\/\/abaqdmc.com\/es\/servicios-a-medida\/\">o DISE\u00d1A TU PROPIA EXPERIENCIA <img decoding=\"async\" src=\"https:\/\/abaqdmc.com\/wp-content\/uploads\/2023\/03\/IcVBZXon.png.webp\" alt=\"\" width=\"16\" height=\"16\" \/><\/a><\/p>\n<figure itemscope itemtype=\"https:\/\/schema.org\/ImageObject\">\n\t\t\t\t<img decoding=\"async\" src=\"https:\/\/abaqdmc.com\/wp-content\/uploads\/2023\/03\/Mask-group.png\" alt=\"Grupo de m\u00e1scaras\" title=\"Grupo de m\u00e1scaras\" onerror=\"this.style.display='none'\" loading=\"lazy\" \/>\n\t<\/figure>\n<h3>\n\t\t\tFLAMENCO EN DIRECTO Y ESPECT\u00c1CULOS MUSICALES\t<\/h3>\n\t<p>Andaluc\u00eda es la cuna del flamenco y el mejor lugar para disfrutar de un espect\u00e1culo flamenco en vivo de primera categor\u00eda. Desde espect\u00e1culos privados de flamenco con cenas para particulares, hasta fiestas privadas de flamenco en cuevas tradicionales para entretenimiento de grupos. <\/p>\n<figure itemscope itemtype=\"https:\/\/schema.org\/ImageObject\">\n\t\t\t\t<img decoding=\"async\" src=\"https:\/\/abaqdmc.com\/wp-content\/uploads\/2023\/05\/Mask-groupxvxcv.png\" alt=\"Grupo de m\u00e1scarasxvxcv\" height=\"448\" width=\"424\" title=\"Grupo de m\u00e1scarasxvxcv\" onerror=\"this.style.display='none'\" loading=\"lazy\" \/>\n\t<\/figure>\n<h3>\n\t\t\tESTANCIA EN VILLAS DE LUJO\t<\/h3>\n\t<p>Comprendemos la importancia de hacer que cualquier evento o viaje sea \u00fanico, memorable y supere los sue\u00f1os m\u00e1s salvajes. Nuestro objetivo es proporcionarte una escapada exclusiva en la que puedas dejar atr\u00e1s las preocupaciones del mundo y disfrutar de los mejores alojamientos y servicios que Espa\u00f1a puede ofrecer.<\/p>\n<figure itemscope itemtype=\"https:\/\/schema.org\/ImageObject\">\n\t\t\t\t<img decoding=\"async\" src=\"https:\/\/abaqdmc.com\/wp-content\/uploads\/2023\/03\/Mask-group-1.png\" alt=\"M\u00e1scara grupo-1\" title=\"M\u00e1scara grupo-1\" onerror=\"this.style.display='none'\" loading=\"lazy\" \/>\n\t<\/figure>\n<h3>\n\t\t\tPASEOS EN GLOBO\t<\/h3>\n\t<p>No hay nada como la sensaci\u00f3n de flotar en el cielo y dejarse llevar por el viento. Te ofrecemos un espectacular paseo en globo aerost\u00e1tico sobre los paisajes m\u00e1s impresionantes de Andaluc\u00eda. Una experiencia \u00fanica e inolvidable que dejar\u00e1 al viajero sin aliento.<\/p>\n<figure itemscope itemtype=\"https:\/\/schema.org\/ImageObject\">\n\t\t\t\t<img decoding=\"async\" src=\"https:\/\/abaqdmc.com\/wp-content\/uploads\/2023\/03\/Image-1.png\" alt=\"Imagen-1\" title=\"Imagen-1\" onerror=\"this.style.display='none'\" loading=\"lazy\" \/>\n\t<\/figure>\n<h3>\n\t\t\tBIENESTAR Y SPA\t<\/h3>\n\t<p>Disfruta de diversas alternativas de bienestar como el tradicional Hammam, una experiencia que te transportar\u00e1 al pasado a trav\u00e9s de los milenarios ritos del ba\u00f1o \u00e1rabe, utilizando agua y fragancias especiales para relajar tu cuerpo y tu mente. Ofrecemos lugares \u00fanicos y programas de bienestar para particulares o grupos en todo el pa\u00eds.<\/p>\n<figure itemscope itemtype=\"https:\/\/schema.org\/ImageObject\">\n\t\t\t\t<img decoding=\"async\" src=\"https:\/\/abaqdmc.com\/wp-content\/uploads\/2023\/03\/Image-2.png\" alt=\"Imagen-2\" title=\"Imagen-2\" onerror=\"this.style.display='none'\" loading=\"lazy\" \/>\n\t<\/figure>\n<h3>\n\t\t\tEXPERIENCIAS A MEDIDA\t<\/h3>\n\t<p>Con el mismo cuidado que un artesano tradicional emplea cuando trabaja una materia prima hasta conseguir el resultado deseado, nosotros echamos mano de toda nuestra imaginaci\u00f3n y creatividad para personalizar tu evento o viaje de modo que sea original, inolvidable y est\u00e9 a la altura de tus expectativas. Te ayudaremos a crear una aventura a medida.\u00a0<\/p>\n<p>Conf\u00eda en nosotros para hacer realidad tu visi\u00f3n y crear experiencias inolvidables que permanecer\u00e1n con el viajero toda la vida. Deja que te ayudemos a crear el viaje perfecto que supere cualquier expectativa.<\/p>\n<figure itemscope itemtype=\"https:\/\/schema.org\/ImageObject\">\n\t\t\t\t<img decoding=\"async\" src=\"https:\/\/abaqdmc.com\/wp-content\/uploads\/2023\/03\/Image-3.png\" alt=\"Imagen-3\" title=\"Imagen-3\" onerror=\"this.style.display='none'\" loading=\"lazy\" \/>\n\t<\/figure>\n<h3>\n\t\t\tALQUILER DE YATES PRIVADOS\t<\/h3>\n\t<p>\u00bfY qu\u00e9 podr\u00eda ser m\u00e1s lujoso y exclusivo que el alquiler de un yate privado? Zarpa hacia las centelleantes aguas del Mediterr\u00e1neo y experimenta lo \u00faltimo en comodidad, estilo y sofisticaci\u00f3n. Con nuestro servicio de alquiler de yates privados, tendr\u00e1s la oportunidad de crear recuerdos que durar\u00e1n toda la vida.<\/p>\n<p>Te mimar\u00e1n con comodidades de primera y un servicio sin igual. Tendr\u00e1s flexibilidad para dise\u00f1ar tu propio itinerario, ya sea explorando calas y playas escondidas, o simplemente tomando el sol y disfrutando de las impresionantes vistas. Las posibilidades son infinitas.<\/p>\n\t<p>D\u00edganos si necesita m\u00e1s informaci\u00f3n sobre nuestros servicios o destinos y estaremos encantados de ayudarle.<\/p>\n\t\t\t<a href=\"https:\/\/abaqdmc.com\/es\/contacta-con-nosotros\/\"  target=\"_self\">\n\t\t\t\t\t\t\tCont\u00e1ctanos\n\t\t\t\t\t<\/a>\n\t<p><a href=\"https:\/\/abaqdmc.com\/es\/servicios-a-medida\/\">o DISE\u00d1A TU PROPIA EXPERIENCIA <img decoding=\"async\" src=\"https:\/\/abaqdmc.com\/wp-content\/uploads\/2023\/03\/IcVBZXon.png.webp\" alt=\"\" width=\"16\" height=\"16\" \/><\/a><\/p>","protected":false},"excerpt":{"rendered":"<p>EXPERIENCIAS ABAQ DMC Ofrecemos una amplia gama de todo tipo de experiencias culturales, entretenimiento y espect\u00e1culos musicales para garantizar que tu grupo viva una experiencia inolvidable. Nos ocupamos de todo: localizaci\u00f3n y lugares \u00fanicos, catering, alojamiento y mucho m\u00e1s. Contacta con nosotros para m\u00e1s informaci\u00f3n o DISE\u00d1A TU PROPIA EXPERIENCIA FLAMENCO EN VIVO &amp; ... <a title=\"Experiencias\" class=\"read-more\" href=\"https:\/\/abaqdmc.com\/es\/experiences\/\" aria-label=\"Leer m\u00e1s sobre Experiencias\">Leer m\u00e1s<\/a><\/p>","protected":false},"author":8,"featured_media":0,"parent":0,"menu_order":0,"comment_status":"closed","ping_status":"closed","template":"","meta":{"footnotes":""},"class_list":["post-68","page","type-page","status-publish"],"yoast_head":"<!-- This site is optimized with the Yoast SEO plugin v27.5 - https:\/\/yoast.com\/product\/yoast-seo-wordpress\/ -->\n<title>Experiences - ABAQ DMC<\/title>\n<meta name=\"description\" content=\"Tailor-made experiences with ABAQ DMC. Create your dream vacation with personalized itineraries, curated to match your preferences.\" \/>\n<meta name=\"robots\" content=\"index, follow, max-snippet:-1, max-image-preview:large, max-video-preview:-1\" \/>\n<link rel=\"canonical\" href=\"https:\/\/abaqdmc.com\/es\/experiencias\/\" \/>\n<meta property=\"og:locale\" content=\"es_ES\" \/>\n<meta property=\"og:type\" content=\"article\" \/>\n<meta property=\"og:title\" content=\"Experiences - ABAQ DMC\" \/>\n<meta property=\"og:description\" content=\"Tailor-made experiences with ABAQ DMC. Create your dream vacation with personalized itineraries, curated to match your preferences.\" \/>\n<meta property=\"og:url\" content=\"https:\/\/abaqdmc.com\/es\/experiencias\/\" \/>\n<meta property=\"og:site_name\" content=\"ABAQ\" \/>\n<meta property=\"article:modified_time\" content=\"2026-04-14T07:45:32+00:00\" \/>\n<meta property=\"og:image\" content=\"https:\/\/abaqdmc.com\/wp-content\/uploads\/2023\/03\/IcVBZXon.png.webp\" \/>\n<meta name=\"twitter:card\" content=\"summary_large_image\" \/>\n<meta name=\"twitter:label1\" content=\"Tiempo de lectura\" \/>\n\t<meta name=\"twitter:data1\" content=\"4 minutos\" \/>\n<script type=\"application\/ld+json\" class=\"yoast-schema-graph\">{\"@context\":\"https:\\\/\\\/schema.org\",\"@graph\":[{\"@type\":\"WebPage\",\"@id\":\"https:\\\/\\\/abaqdmc.com\\\/experiences\\\/\",\"url\":\"https:\\\/\\\/abaqdmc.com\\\/experiences\\\/\",\"name\":\"Experiences - ABAQ DMC\",\"isPartOf\":{\"@id\":\"https:\\\/\\\/abaqdmc.com\\\/#website\"},\"primaryImageOfPage\":{\"@id\":\"https:\\\/\\\/abaqdmc.com\\\/experiences\\\/#primaryimage\"},\"image\":{\"@id\":\"https:\\\/\\\/abaqdmc.com\\\/experiences\\\/#primaryimage\"},\"thumbnailUrl\":\"https:\\\/\\\/abaqdmc.com\\\/wp-content\\\/uploads\\\/2023\\\/03\\\/IcVBZXon.png.webp\",\"datePublished\":\"2023-03-29T11:30:53+00:00\",\"dateModified\":\"2026-04-14T07:45:32+00:00\",\"description\":\"Tailor-made experiences with ABAQ DMC. Create your dream vacation with personalized itineraries, curated to match your preferences.\",\"breadcrumb\":{\"@id\":\"https:\\\/\\\/abaqdmc.com\\\/experiences\\\/#breadcrumb\"},\"inLanguage\":\"es\",\"potentialAction\":[{\"@type\":\"ReadAction\",\"target\":[\"https:\\\/\\\/abaqdmc.com\\\/experiences\\\/\"]}]},{\"@type\":\"ImageObject\",\"inLanguage\":\"es\",\"@id\":\"https:\\\/\\\/abaqdmc.com\\\/experiences\\\/#primaryimage\",\"url\":\"https:\\\/\\\/abaqdmc.com\\\/wp-content\\\/uploads\\\/2023\\\/03\\\/IcVBZXon.png.webp\",\"contentUrl\":\"https:\\\/\\\/abaqdmc.com\\\/wp-content\\\/uploads\\\/2023\\\/03\\\/IcVBZXon.png.webp\"},{\"@type\":\"BreadcrumbList\",\"@id\":\"https:\\\/\\\/abaqdmc.com\\\/experiences\\\/#breadcrumb\",\"itemListElement\":[{\"@type\":\"ListItem\",\"position\":1,\"name\":\"Portada\",\"item\":\"https:\\\/\\\/abaqdmc.com\\\/\"},{\"@type\":\"ListItem\",\"position\":2,\"name\":\"Experiences\"}]},{\"@type\":\"WebSite\",\"@id\":\"https:\\\/\\\/abaqdmc.com\\\/#website\",\"url\":\"https:\\\/\\\/abaqdmc.com\\\/\",\"name\":\"ABAQ DMC\",\"description\":\"ABAQ DMC is a Destination Management Company based in Granada, Spain.\",\"publisher\":{\"@id\":\"https:\\\/\\\/abaqdmc.com\\\/#organization\"},\"alternateName\":\"ABAQ Destination Management Company\",\"potentialAction\":[{\"@type\":\"SearchAction\",\"target\":{\"@type\":\"EntryPoint\",\"urlTemplate\":\"https:\\\/\\\/abaqdmc.com\\\/?s={search_term_string}\"},\"query-input\":{\"@type\":\"PropertyValueSpecification\",\"valueRequired\":true,\"valueName\":\"search_term_string\"}}],\"inLanguage\":\"es\"},{\"@type\":\"Organization\",\"@id\":\"https:\\\/\\\/abaqdmc.com\\\/#organization\",\"name\":\"ABAQ\",\"alternateName\":\"ABAQ Destination Management Company\",\"url\":\"https:\\\/\\\/abaqdmc.com\\\/\",\"logo\":{\"@type\":\"ImageObject\",\"inLanguage\":\"es\",\"@id\":\"https:\\\/\\\/abaqdmc.com\\\/#\\\/schema\\\/logo\\\/image\\\/\",\"url\":\"https:\\\/\\\/abaqdmc.com\\\/wp-content\\\/uploads\\\/2023\\\/04\\\/abaq-black-1.png\",\"contentUrl\":\"https:\\\/\\\/abaqdmc.com\\\/wp-content\\\/uploads\\\/2023\\\/04\\\/abaq-black-1.png\",\"width\":100,\"height\":42,\"caption\":\"ABAQ\"},\"image\":{\"@id\":\"https:\\\/\\\/abaqdmc.com\\\/#\\\/schema\\\/logo\\\/image\\\/\"}}]}<\/script>\n<!-- \/ Yoast SEO plugin. -->","yoast_head_json":{"title":"Experiencias - ABAQ DMC","description":"Experiencias a medida con ABAQ DMC. Crea las vacaciones de tus sue\u00f1os con itinerarios personalizados que se ajusten a tus preferencias.","robots":{"index":"index","follow":"follow","max-snippet":"max-snippet:-1","max-image-preview":"max-image-preview:large","max-video-preview":"max-video-preview:-1"},"canonical":"https:\/\/abaqdmc.com\/es\/experiencias\/","og_locale":"es_ES","og_type":"article","og_title":"Experiences - ABAQ DMC","og_description":"Tailor-made experiences with ABAQ DMC. Create your dream vacation with personalized itineraries, curated to match your preferences.","og_url":"https:\/\/abaqdmc.com\/es\/experiencias\/","og_site_name":"ABAQ","article_modified_time":"2026-04-14T07:45:32+00:00","og_image":[{"url":"https:\/\/abaqdmc.com\/wp-content\/uploads\/2023\/03\/IcVBZXon.png.webp","type":"","width":"","height":""}],"twitter_card":"summary_large_image","twitter_misc":{"Tiempo de lectura":"4 minutos"},"schema":{"@context":"https:\/\/schema.org","@graph":[{"@type":"WebPage","@id":"https:\/\/abaqdmc.com\/experiences\/","url":"https:\/\/abaqdmc.com\/experiences\/","name":"Experiencias - ABAQ DMC","isPartOf":{"@id":"https:\/\/abaqdmc.com\/#website"},"primaryImageOfPage":{"@id":"https:\/\/abaqdmc.com\/experiences\/#primaryimage"},"image":{"@id":"https:\/\/abaqdmc.com\/experiences\/#primaryimage"},"thumbnailUrl":"https:\/\/abaqdmc.com\/wp-content\/uploads\/2023\/03\/IcVBZXon.png.webp","datePublished":"2023-03-29T11:30:53+00:00","dateModified":"2026-04-14T07:45:32+00:00","description":"Experiencias a medida con ABAQ DMC. Crea las vacaciones de tus sue\u00f1os con itinerarios personalizados que se ajusten a tus preferencias.","breadcrumb":{"@id":"https:\/\/abaqdmc.com\/experiences\/#breadcrumb"},"inLanguage":"es","potentialAction":[{"@type":"ReadAction","target":["https:\/\/abaqdmc.com\/experiences\/"]}]},{"@type":"ImageObject","inLanguage":"es","@id":"https:\/\/abaqdmc.com\/experiences\/#primaryimage","url":"https:\/\/abaqdmc.com\/wp-content\/uploads\/2023\/03\/IcVBZXon.png.webp","contentUrl":"https:\/\/abaqdmc.com\/wp-content\/uploads\/2023\/03\/IcVBZXon.png.webp"},{"@type":"BreadcrumbList","@id":"https:\/\/abaqdmc.com\/experiences\/#breadcrumb","itemListElement":[{"@type":"ListItem","position":1,"name":"Portada","item":"https:\/\/abaqdmc.com\/"},{"@type":"ListItem","position":2,"name":"Experiences"}]},{"@type":"WebSite","@id":"https:\/\/abaqdmc.com\/#website","url":"https:\/\/abaqdmc.com\/","name":"ABAQ DMC","description":"ABAQ DMC es una empresa de gesti\u00f3n de destinos con sede en Granada, Espa\u00f1a.","publisher":{"@id":"https:\/\/abaqdmc.com\/#organization"},"alternateName":"ABAQ Destination Management Company","potentialAction":[{"@type":"SearchAction","target":{"@type":"EntryPoint","urlTemplate":"https:\/\/abaqdmc.com\/?s={search_term_string}"},"query-input":{"@type":"PropertyValueSpecification","valueRequired":true,"valueName":"search_term_string"}}],"inLanguage":"es"},{"@type":"Organization","@id":"https:\/\/abaqdmc.com\/#organization","name":"ABAQ","alternateName":"ABAQ Destination Management Company","url":"https:\/\/abaqdmc.com\/","logo":{"@type":"ImageObject","inLanguage":"es","@id":"https:\/\/abaqdmc.com\/#\/schema\/logo\/image\/","url":"https:\/\/abaqdmc.com\/wp-content\/uploads\/2023\/04\/abaq-black-1.png","contentUrl":"https:\/\/abaqdmc.com\/wp-content\/uploads\/2023\/04\/abaq-black-1.png","width":100,"height":42,"caption":"ABAQ"},"image":{"@id":"https:\/\/abaqdmc.com\/#\/schema\/logo\/image\/"}}]}},"_links":{"self":[{"href":"https:\/\/abaqdmc.com\/es\/wp-json\/wp\/v2\/pages\/68","targetHints":{"allow":["GET"]}}],"collection":[{"href":"https:\/\/abaqdmc.com\/es\/wp-json\/wp\/v2\/pages"}],"about":[{"href":"https:\/\/abaqdmc.com\/es\/wp-json\/wp\/v2\/types\/page"}],"author":[{"embeddable":true,"href":"https:\/\/abaqdmc.com\/es\/wp-json\/wp\/v2\/users\/8"}],"replies":[{"embeddable":true,"href":"https:\/\/abaqdmc.com\/es\/wp-json\/wp\/v2\/comments?post=68"}],"version-history":[{"count":53,"href":"https:\/\/abaqdmc.com\/es\/wp-json\/wp\/v2\/pages\/68\/revisions"}],"predecessor-version":[{"id":2143,"href":"https:\/\/abaqdmc.com\/es\/wp-json\/wp\/v2\/pages\/68\/revisions\/2143"}],"wp:attachment":[{"href":"https:\/\/abaqdmc.com\/es\/wp-json\/wp\/v2\/media?parent=68"}],"curies":[{"name":"wp","href":"https:\/\/api.w.org\/{rel}","templated":true}]}}