{"id":85,"date":"2023-03-29T11:49:17","date_gmt":"2023-03-29T11:49:17","guid":{"rendered":"https:\/\/factum-omibu.es\/abaq\/?page_id=85"},"modified":"2026-04-13T16:14:17","modified_gmt":"2026-04-13T16:14:17","slug":"destinos","status":"publish","type":"page","link":"https:\/\/abaqdmc.com\/es\/destinations\/","title":{"rendered":"Destinos"},"content":{"rendered":"<h1>\n\t\t\tDESTINOS\t<\/h1>\n<h2>\n\t\t\tAndaluc\u00eda\t<\/h2>\n\t<p>Andaluc\u00eda ofrece infinitas posibilidades. Situada en el sur de Espa\u00f1a, es un destino din\u00e1mico que ofrece algo para todos, tanto si eres un operador tur\u00edstico que busca crear experiencias de viaje inolvidables para su cliente como si eres un grupo corporativo que busca organizar un evento, una reuni\u00f3n o un incentivo. Esta regi\u00f3n est\u00e1 impregnada de historia, cultura y belleza natural, lo que la convierte en un destino de primera para viajeros y empresas por igual.<\/p>\n<p>Uno de los aspectos m\u00e1s cautivadores de Andaluc\u00eda es su rico patrimonio cultural, que queda patente en las numerosas maravillas arquitect\u00f3nicas que salpican el paisaje. Desde el hist\u00f3rico Palacio de la Alhambra de Granada hasta la Torre de la Giralda de Sevilla, hay innumerables tesoros por explorar y descubrir. Estos hitos no s\u00f3lo son impresionantes de contemplar, sino que tambi\u00e9n ofrecen una r\u00e1pida visi\u00f3n de la rica historia de la regi\u00f3n y de las gentes que la han habitado a lo largo de los siglos.<\/p>\n<p>Andaluc\u00eda tambi\u00e9n es famosa por su vibrante cultura, que incluye el baile flamenco y la cocina local. Estas experiencias culturales permiten a los visitantes asomarse a las costumbres de la regi\u00f3n, y brindan a los viajeros la oportunidad de sumergirse en el estilo de vida espa\u00f1ol.<\/p>\n<p>Adem\u00e1s de su rico patrimonio cultural, Andaluc\u00eda presume de una impresionante belleza natural, que incluye kil\u00f3metros de playas v\u00edrgenes, colinas onduladas y exuberante campi\u00f1a. Estos paisajes esc\u00e9nicos proporcionan el tel\u00f3n de fondo perfecto para actividades al aire libre, desde senderismo y ciclismo hasta vela, esqu\u00ed y golf.<\/p>\n<p>Tanto si eres un operador tur\u00edstico que busca crear una experiencia de viaje realmente \u00fanica para sus clientes como si eres un grupo corporativo que desea celebrar un evento memorable, Andaluc\u00eda tiene algo para todos. Con su rica historia y vibrante cultura, esta regi\u00f3n es el destino perfecto para tu pr\u00f3xima aventura de viaje.<\/p>\n\t<p><a href=\"#\">DESCUBRE M\u00c1S <img decoding=\"async\" src=\"https:\/\/abaqdmc.com\/wp-content\/uploads\/2023\/03\/IcVBZXon.png.webp\" alt=\"\" width=\"16\" height=\"16\" \/><\/a><\/p>\n<figure itemscope itemtype=\"https:\/\/schema.org\/ImageObject\">\n\t\t\t\t<img decoding=\"async\" src=\"https:\/\/abaqdmc.com\/wp-content\/uploads\/2023\/03\/img.png\" alt=\"img\" title=\"img\" onerror=\"this.style.display='none'\" loading=\"lazy\" \/>\n\t<\/figure>\n<h3>\n\t\t\tEXPERIENCIAS A MEDIDA EN ANDALUC\u00cdA\t<\/h3>\n\t<p>En Abaq DMC, nos esforzamos para que nuestros viajes por Andaluc\u00eda sean realmente personalizados. Nuestro equipo trabajar\u00e1 para crear un itinerario que satisfaga tus necesidades y preferencias espec\u00edficas. Tanto si tus clientes est\u00e1n interesados en explorar la cultura, las tradiciones y la gastronom\u00eda locales como en descubrir el rico patrimonio de Andaluc\u00eda a trav\u00e9s de visitas privadas a sus lugares m\u00e1s destacados, podemos adaptar cada experiencia a tu gusto.<\/p>\n<p>Nos dedicamos a proporcionar a tus clientes un viaje inolvidable, y nuestro objetivo es asegurarnos de que cada detalle del viaje se adapte a las especificaciones exactas del cliente. As\u00ed que, \u00bfpor qu\u00e9 no te sientas, te relajas y dejas que nosotros nos ocupemos del resto mientras ayudamos a los operadores tur\u00edsticos y a las EMC a sumergir a sus clientes en la vibrante historia y belleza de Andaluc\u00eda?<\/p>\n<h2>\n\t\t\tESPA\u00d1A\t<\/h2>\n<figure itemscope itemtype=\"https:\/\/schema.org\/ImageObject\">\n\t\t\t\t<img decoding=\"async\" src=\"https:\/\/abaqdmc.com\/wp-content\/uploads\/2023\/03\/imxvcbg.png\" alt=\"imxvcbg\" title=\"imxvcbg\" onerror=\"this.style.display='none'\" loading=\"lazy\" \/>\n\t<\/figure>\n\t<p>Un pa\u00eds que encarna verdaderamente la esencia del estilo de vida mediterr\u00e1neo. Su rica historia, su vibrante cultura y su impresionante belleza natural lo convierten en un destino ideal para los viajeros que buscan explorar todo lo que Europa tiene reservado.<\/p>\n<p>Desde la hist\u00f3rica ciudad de Madrid hasta las soleadas playas de la Costa del Sol, Espa\u00f1a es un pa\u00eds que ofrece un rico tapiz de experiencias. Los visitantes pueden contemplar la belleza de las catedrales g\u00f3ticas y los castillos medievales, probar la cocina tradicional espa\u00f1ola o experimentar la emoci\u00f3n de un espect\u00e1culo de baile flamenco.<\/p>\n<p>Adem\u00e1s de su rico patrimonio cultural, Espa\u00f1a es conocida por sus majestuosos panoramas. El pa\u00eds alberga una gran diversidad de paisajes, desde las onduladas colinas del Pa\u00eds Vasco hasta los escarpados acantilados de la Costa Brava. Estos paisajes proporcionan el tel\u00f3n de fondo perfecto para actividades al aire libre como el senderismo, el ciclismo, la vela y el golf.<\/p>\n<p>Tanto si eres un operador tur\u00edstico que busca crear una experiencia de viaje realmente \u00fanica para sus clientes como si simplemente quieres organizar un atractivo viaje de incentivo o un evento corporativo, Espa\u00f1a tiene algo para todos. Con su rica historia, su vibrante cultura y su impresionante belleza natural, este pa\u00eds es el destino perfecto para cualquiera que busque una experiencia memorable.<\/p>\n\t<p><a href=\"#\">DESCUBRE M\u00c1S <img decoding=\"async\" src=\"https:\/\/abaqdmc.com\/wp-content\/uploads\/2023\/03\/IcVBZXon.png.webp\" alt=\"\" width=\"16\" height=\"16\" \/><\/a><\/p>\n<h2>\n\t\t\tOTROS DESTINOS\t<\/h2>\n\t<p>ABAQ DMC se enorgullece de ofrecer incre\u00edbles destinos a Marruecos y Portugal, dos pa\u00edses vecinos que comparten una estrecha conexi\u00f3n cultural con Andaluc\u00eda. Estos destinos ofrecen una riqueza de paisajes impresionantes, historia fascinante y valores culturales que seguro cautivar\u00e1n al viajero.<\/p>\n<p>Marruecos es un pa\u00eds vibrante y colorido situado al otro lado del estrecho de Gibraltar, frente a Espa\u00f1a. Este ex\u00f3tico destino alberga bulliciosos mercados, ciudades hist\u00f3ricas y paisajes salvajes. Los visitantes de Marruecos pueden explorar las serpenteantes callejuelas de la medina de Marrakech, descubrir las antiguas ruinas romanas de Volubilis o montar en camello por las ondulantes dunas del desierto del Sahara. Marruecos tambi\u00e9n es conocido por su cocina \u00fanica, que mezcla los sabores de Europa, \u00c1frica y Oriente Medio.<\/p>\n<p>Portugal, situado al oeste de Espa\u00f1a, es un pa\u00eds rico en historia y belleza natural. El pa\u00eds presume de playas impresionantes, ciudades encantadoras y paisajes sobrecogedores. Los visitantes de Portugal pueden explorar la hist\u00f3rica ciudad de Lisboa, disfrutar del animado ambiente de Oporto o relajarse en las playas de arena del Algarve. Portugal tambi\u00e9n es conocido por su delicioso marisco, el vino de Oporto y los coloridos azulejos que adornan muchos de sus edificios.<\/p>\n<p>Tanto Marruecos como Portugal comparten un rico patrimonio cultural con Andaluc\u00eda, lo que los convierte en destinos ideales para viajeros y grupos de empresas que buscan experimentar el estilo de vida mediterr\u00e1neo. Con sus impresionantes paisajes, su fascinante historia y sus valores culturales \u00fanicos, estos destinos crear\u00e1n recuerdos imborrables para todos los que los visiten.<\/p>\n<p>ABAQ DMC ofrece orientaci\u00f3n y apoyo expertos para planificar tu aventura de viaje a Marruecos o Portugal. Deja que te ayudemos a crear una experiencia personalizada que se adapte a tus preferencias, ya sea explorar ciudades hist\u00f3ricas, deleitarte con la gastronom\u00eda local o simplemente perderte (no tanto) en la naturaleza.<\/p>\n\t<p><a href=\"#\">DESCUBRE M\u00c1S <img decoding=\"async\" src=\"https:\/\/abaqdmc.com\/wp-content\/uploads\/2023\/03\/IcVBZXon.png.webp\" alt=\"\" width=\"16\" height=\"16\" \/><\/a><\/p>\n<figure itemscope itemtype=\"https:\/\/schema.org\/ImageObject\">\n\t\t\t\t<img decoding=\"async\" src=\"https:\/\/abaqdmc.com\/wp-content\/uploads\/2023\/03\/ifghmg.png\" alt=\"ifghmg\" title=\"ifghmg\" onerror=\"this.style.display='none'\" loading=\"lazy\" \/>\n\t<\/figure>","protected":false},"excerpt":{"rendered":"<p>DESTINOS Andaluc\u00eda Andaluc\u00eda ofrece infinitas posibilidades. Situada en el sur de Espa\u00f1a, es un destino din\u00e1mico que ofrece algo para todos, tanto si eres un operador tur\u00edstico que busca crear experiencias de viaje inolvidables para su cliente como si eres un grupo corporativo que busca organizar un evento, una reuni\u00f3n o un incentivo. Esta regi\u00f3n est\u00e1 impregnada de historia, cultura y ... <a title=\"Destinos\" class=\"read-more\" href=\"https:\/\/abaqdmc.com\/es\/destinations\/\" aria-label=\"Leer m\u00e1s sobre Destinos\">Leer m\u00e1s<\/a><\/p>","protected":false},"author":8,"featured_media":0,"parent":0,"menu_order":0,"comment_status":"closed","ping_status":"closed","template":"","meta":{"footnotes":""},"class_list":["post-85","page","type-page","status-publish"],"yoast_head":"<!-- This site is optimized with the Yoast SEO plugin v27.5 - https:\/\/yoast.com\/product\/yoast-seo-wordpress\/ -->\n<title>Destinations - ABAQ DMC<\/title>\n<meta name=\"description\" content=\"Explore vibrant streets, mesmerizing beauty, rich culture, and charming destinations with ABAQ DMC, tailor made experiences.\" \/>\n<meta name=\"robots\" content=\"index, follow, max-snippet:-1, max-image-preview:large, max-video-preview:-1\" \/>\n<link rel=\"canonical\" href=\"https:\/\/abaqdmc.com\/es\/destinos\/\" \/>\n<meta property=\"og:locale\" content=\"es_ES\" \/>\n<meta property=\"og:type\" content=\"article\" \/>\n<meta property=\"og:title\" content=\"Destinations - ABAQ DMC\" \/>\n<meta property=\"og:description\" content=\"Explore vibrant streets, mesmerizing beauty, rich culture, and charming destinations with ABAQ DMC, tailor made experiences.\" \/>\n<meta property=\"og:url\" content=\"https:\/\/abaqdmc.com\/es\/destinos\/\" \/>\n<meta property=\"og:site_name\" content=\"ABAQ\" \/>\n<meta property=\"article:modified_time\" content=\"2026-04-13T16:14:17+00:00\" \/>\n<meta property=\"og:image\" content=\"https:\/\/abaqdmc.com\/wp-content\/uploads\/2023\/03\/IcVBZXon.png.webp\" \/>\n<meta name=\"twitter:card\" content=\"summary_large_image\" \/>\n<meta name=\"twitter:label1\" content=\"Tiempo de lectura\" \/>\n\t<meta name=\"twitter:data1\" content=\"6 minutos\" \/>\n<script type=\"application\/ld+json\" class=\"yoast-schema-graph\">{\"@context\":\"https:\\\/\\\/schema.org\",\"@graph\":[{\"@type\":\"WebPage\",\"@id\":\"https:\\\/\\\/abaqdmc.com\\\/destinations\\\/\",\"url\":\"https:\\\/\\\/abaqdmc.com\\\/destinations\\\/\",\"name\":\"Destinations - ABAQ DMC\",\"isPartOf\":{\"@id\":\"https:\\\/\\\/abaqdmc.com\\\/#website\"},\"primaryImageOfPage\":{\"@id\":\"https:\\\/\\\/abaqdmc.com\\\/destinations\\\/#primaryimage\"},\"image\":{\"@id\":\"https:\\\/\\\/abaqdmc.com\\\/destinations\\\/#primaryimage\"},\"thumbnailUrl\":\"https:\\\/\\\/abaqdmc.com\\\/wp-content\\\/uploads\\\/2023\\\/03\\\/IcVBZXon.png.webp\",\"datePublished\":\"2023-03-29T11:49:17+00:00\",\"dateModified\":\"2026-04-13T16:14:17+00:00\",\"description\":\"Explore vibrant streets, mesmerizing beauty, rich culture, and charming destinations with ABAQ DMC, tailor made experiences.\",\"breadcrumb\":{\"@id\":\"https:\\\/\\\/abaqdmc.com\\\/destinations\\\/#breadcrumb\"},\"inLanguage\":\"es\",\"potentialAction\":[{\"@type\":\"ReadAction\",\"target\":[\"https:\\\/\\\/abaqdmc.com\\\/destinations\\\/\"]}]},{\"@type\":\"ImageObject\",\"inLanguage\":\"es\",\"@id\":\"https:\\\/\\\/abaqdmc.com\\\/destinations\\\/#primaryimage\",\"url\":\"https:\\\/\\\/abaqdmc.com\\\/wp-content\\\/uploads\\\/2023\\\/03\\\/IcVBZXon.png.webp\",\"contentUrl\":\"https:\\\/\\\/abaqdmc.com\\\/wp-content\\\/uploads\\\/2023\\\/03\\\/IcVBZXon.png.webp\"},{\"@type\":\"BreadcrumbList\",\"@id\":\"https:\\\/\\\/abaqdmc.com\\\/destinations\\\/#breadcrumb\",\"itemListElement\":[{\"@type\":\"ListItem\",\"position\":1,\"name\":\"Portada\",\"item\":\"https:\\\/\\\/abaqdmc.com\\\/\"},{\"@type\":\"ListItem\",\"position\":2,\"name\":\"Destinations\"}]},{\"@type\":\"WebSite\",\"@id\":\"https:\\\/\\\/abaqdmc.com\\\/#website\",\"url\":\"https:\\\/\\\/abaqdmc.com\\\/\",\"name\":\"ABAQ DMC\",\"description\":\"ABAQ DMC is a Destination Management Company based in Granada, Spain.\",\"publisher\":{\"@id\":\"https:\\\/\\\/abaqdmc.com\\\/#organization\"},\"alternateName\":\"ABAQ Destination Management Company\",\"potentialAction\":[{\"@type\":\"SearchAction\",\"target\":{\"@type\":\"EntryPoint\",\"urlTemplate\":\"https:\\\/\\\/abaqdmc.com\\\/?s={search_term_string}\"},\"query-input\":{\"@type\":\"PropertyValueSpecification\",\"valueRequired\":true,\"valueName\":\"search_term_string\"}}],\"inLanguage\":\"es\"},{\"@type\":\"Organization\",\"@id\":\"https:\\\/\\\/abaqdmc.com\\\/#organization\",\"name\":\"ABAQ\",\"alternateName\":\"ABAQ Destination Management Company\",\"url\":\"https:\\\/\\\/abaqdmc.com\\\/\",\"logo\":{\"@type\":\"ImageObject\",\"inLanguage\":\"es\",\"@id\":\"https:\\\/\\\/abaqdmc.com\\\/#\\\/schema\\\/logo\\\/image\\\/\",\"url\":\"https:\\\/\\\/abaqdmc.com\\\/wp-content\\\/uploads\\\/2023\\\/04\\\/abaq-black-1.png\",\"contentUrl\":\"https:\\\/\\\/abaqdmc.com\\\/wp-content\\\/uploads\\\/2023\\\/04\\\/abaq-black-1.png\",\"width\":100,\"height\":42,\"caption\":\"ABAQ\"},\"image\":{\"@id\":\"https:\\\/\\\/abaqdmc.com\\\/#\\\/schema\\\/logo\\\/image\\\/\"}}]}<\/script>\n<!-- \/ Yoast SEO plugin. -->","yoast_head_json":{"title":"Destinos - ABAQ DMC","description":"Explora calles vibrantes, belleza fascinante, rica cultura y destinos encantadores con ABAQ DMC, experiencias a medida.","robots":{"index":"index","follow":"follow","max-snippet":"max-snippet:-1","max-image-preview":"max-image-preview:large","max-video-preview":"max-video-preview:-1"},"canonical":"https:\/\/abaqdmc.com\/es\/destinos\/","og_locale":"es_ES","og_type":"article","og_title":"Destinations - ABAQ DMC","og_description":"Explore vibrant streets, mesmerizing beauty, rich culture, and charming destinations with ABAQ DMC, tailor made experiences.","og_url":"https:\/\/abaqdmc.com\/es\/destinos\/","og_site_name":"ABAQ","article_modified_time":"2026-04-13T16:14:17+00:00","og_image":[{"url":"https:\/\/abaqdmc.com\/wp-content\/uploads\/2023\/03\/IcVBZXon.png.webp","type":"","width":"","height":""}],"twitter_card":"summary_large_image","twitter_misc":{"Tiempo de lectura":"6 minutos"},"schema":{"@context":"https:\/\/schema.org","@graph":[{"@type":"WebPage","@id":"https:\/\/abaqdmc.com\/destinations\/","url":"https:\/\/abaqdmc.com\/destinations\/","name":"Destinos - ABAQ DMC","isPartOf":{"@id":"https:\/\/abaqdmc.com\/#website"},"primaryImageOfPage":{"@id":"https:\/\/abaqdmc.com\/destinations\/#primaryimage"},"image":{"@id":"https:\/\/abaqdmc.com\/destinations\/#primaryimage"},"thumbnailUrl":"https:\/\/abaqdmc.com\/wp-content\/uploads\/2023\/03\/IcVBZXon.png.webp","datePublished":"2023-03-29T11:49:17+00:00","dateModified":"2026-04-13T16:14:17+00:00","description":"Explora calles vibrantes, belleza fascinante, rica cultura y destinos encantadores con ABAQ DMC, experiencias a medida.","breadcrumb":{"@id":"https:\/\/abaqdmc.com\/destinations\/#breadcrumb"},"inLanguage":"es","potentialAction":[{"@type":"ReadAction","target":["https:\/\/abaqdmc.com\/destinations\/"]}]},{"@type":"ImageObject","inLanguage":"es","@id":"https:\/\/abaqdmc.com\/destinations\/#primaryimage","url":"https:\/\/abaqdmc.com\/wp-content\/uploads\/2023\/03\/IcVBZXon.png.webp","contentUrl":"https:\/\/abaqdmc.com\/wp-content\/uploads\/2023\/03\/IcVBZXon.png.webp"},{"@type":"BreadcrumbList","@id":"https:\/\/abaqdmc.com\/destinations\/#breadcrumb","itemListElement":[{"@type":"ListItem","position":1,"name":"Portada","item":"https:\/\/abaqdmc.com\/"},{"@type":"ListItem","position":2,"name":"Destinations"}]},{"@type":"WebSite","@id":"https:\/\/abaqdmc.com\/#website","url":"https:\/\/abaqdmc.com\/","name":"ABAQ DMC","description":"ABAQ DMC es una empresa de gesti\u00f3n de destinos con sede en Granada, Espa\u00f1a.","publisher":{"@id":"https:\/\/abaqdmc.com\/#organization"},"alternateName":"ABAQ Destination Management Company","potentialAction":[{"@type":"SearchAction","target":{"@type":"EntryPoint","urlTemplate":"https:\/\/abaqdmc.com\/?s={search_term_string}"},"query-input":{"@type":"PropertyValueSpecification","valueRequired":true,"valueName":"search_term_string"}}],"inLanguage":"es"},{"@type":"Organization","@id":"https:\/\/abaqdmc.com\/#organization","name":"ABAQ","alternateName":"ABAQ Destination Management Company","url":"https:\/\/abaqdmc.com\/","logo":{"@type":"ImageObject","inLanguage":"es","@id":"https:\/\/abaqdmc.com\/#\/schema\/logo\/image\/","url":"https:\/\/abaqdmc.com\/wp-content\/uploads\/2023\/04\/abaq-black-1.png","contentUrl":"https:\/\/abaqdmc.com\/wp-content\/uploads\/2023\/04\/abaq-black-1.png","width":100,"height":42,"caption":"ABAQ"},"image":{"@id":"https:\/\/abaqdmc.com\/#\/schema\/logo\/image\/"}}]}},"_links":{"self":[{"href":"https:\/\/abaqdmc.com\/es\/wp-json\/wp\/v2\/pages\/85","targetHints":{"allow":["GET"]}}],"collection":[{"href":"https:\/\/abaqdmc.com\/es\/wp-json\/wp\/v2\/pages"}],"about":[{"href":"https:\/\/abaqdmc.com\/es\/wp-json\/wp\/v2\/types\/page"}],"author":[{"embeddable":true,"href":"https:\/\/abaqdmc.com\/es\/wp-json\/wp\/v2\/users\/8"}],"replies":[{"embeddable":true,"href":"https:\/\/abaqdmc.com\/es\/wp-json\/wp\/v2\/comments?post=85"}],"version-history":[{"count":9,"href":"https:\/\/abaqdmc.com\/es\/wp-json\/wp\/v2\/pages\/85\/revisions"}],"predecessor-version":[{"id":2123,"href":"https:\/\/abaqdmc.com\/es\/wp-json\/wp\/v2\/pages\/85\/revisions\/2123"}],"wp:attachment":[{"href":"https:\/\/abaqdmc.com\/es\/wp-json\/wp\/v2\/media?parent=85"}],"curies":[{"name":"wp","href":"https:\/\/api.w.org\/{rel}","templated":true}]}}