{"id":98,"date":"2023-03-29T12:14:52","date_gmt":"2023-03-29T12:14:52","guid":{"rendered":"https:\/\/factum-omibu.es\/abaq\/?page_id=98"},"modified":"2026-04-14T08:33:16","modified_gmt":"2026-04-14T08:33:16","slug":"servicios","status":"publish","type":"page","link":"https:\/\/abaqdmc.com\/es\/services\/","title":{"rendered":"Servicios"},"content":{"rendered":"<h1>\n\t\t\tSERVICIOS ABAQ DMC\t<\/h1>\n\t<p>ABAQ DMC destaca por su exitosa trayectoria en la gesti\u00f3n de servicios y soluciones para una amplia gama de viajes de ocio, circuitos a medida, viajes de empresa, eventos y reuniones profesionales.<\/p>\n<figure itemscope itemtype=\"https:\/\/schema.org\/ImageObject\">\n\t\t\t\t<img decoding=\"async\" src=\"https:\/\/abaqdmc.com\/wp-content\/uploads\/2023\/03\/img-1.png\" alt=\"img\" title=\"img\" onerror=\"this.style.display='none'\" loading=\"lazy\" \/>\n\t<\/figure>\n<h2>\n\t\t\tSERVICIOS Y VISITAS CULTURALES\t<\/h2>\n\t<p>Somos agentes oficiales de los principales monumentos de Espa\u00f1a (Sagrada Familia de Barcelona, Palacio Real de Madrid, Alhambra de Granada, Mezquita Mayor de C\u00f3rdoba, Alc\u00e1zar de Sevilla). Esto nos permite reservar f\u00e1cilmente con antelaci\u00f3n la entrada a estos monumentos, sea cual sea el tama\u00f1o del grupo. Somos expertos en los distintos tipos de acceso disponibles a estos espacios, y ofrecemos asesoramiento sobre qu\u00e9 tipo de visita se adapta mejor a los intereses de cada cliente. Tambi\u00e9n garantizamos el acceso sin colas.<\/p>\n\t<p><a href=\"https:\/\/abaqdmc.com\/es\/servicios-a-medida\/\">o dise\u00f1a tu propia experiencia <img decoding=\"async\" src=\"https:\/\/abaqdmc.com\/wp-content\/uploads\/2023\/03\/IcVBZXon.png.webp\" alt=\"\" width=\"16\" height=\"16\" \/><\/a><\/p>\n<h2>\n\t\t\tOCIO\t<\/h2>\n\t<p>En ABAQ DMC, entendemos que el ocio es una parte importante en cualquier experiencia de viaje. Por eso ofrecemos una amplia gama de actividades de ocio especialmente dise\u00f1adas para ayudar a nuestros clientes a explorar, sumergirse y descubrir lo que Andaluc\u00eda y Espa\u00f1a tienen que ofrecer.<\/p>\n<p>Nuestro abanico de posibilidades a la hora de dise\u00f1ar un programa de viaje es casi infinito: experiencias culturales con los mejores gu\u00edas, espect\u00e1culos de flamenco y catas de vino, senderismo y paseos a caballo. Cualquier cosa que se ajuste a las necesidades de tus clientes puede dise\u00f1arse y adaptarse para que la experiencia sea \u00fanica e inolvidable, dejando una impresi\u00f3n duradera que har\u00e1 que vuelvan a por m\u00e1s.<\/p>\n<p>Sean cuales sean tus intereses, trabajaremos contigo para crear un programa de ocio personalizado que complemente a la perfecci\u00f3n tu evento o itinerario de viaje. Nuestro equipo de expertos tiene un profundo conocimiento de la zona y puede recomendarte las mejores actividades y atracciones que se adapten a tus preferencias y horario.<\/p>\n\t<p><a href=\"https:\/\/abaqdmc.com\/es\/servicios-a-medida\/\">o dise\u00f1a tu propia experiencia <img decoding=\"async\" src=\"https:\/\/abaqdmc.com\/wp-content\/uploads\/2023\/03\/IcVBZXon.png.webp\" alt=\"\" width=\"16\" height=\"16\" \/><\/a><\/p>\n<figure itemscope itemtype=\"https:\/\/schema.org\/ImageObject\">\n\t\t\t\t<img decoding=\"async\" src=\"https:\/\/abaqdmc.com\/wp-content\/uploads\/2023\/03\/img-1-1.png\" alt=\"img-1\" title=\"img-1\" onerror=\"this.style.display='none'\" loading=\"lazy\" \/>\n\t<\/figure>\n<figure itemscope itemtype=\"https:\/\/schema.org\/ImageObject\">\n\t\t\t\t<img decoding=\"async\" src=\"https:\/\/abaqdmc.com\/wp-content\/uploads\/2023\/03\/img-2.png\" alt=\"img-2\" title=\"img-2\" onerror=\"this.style.display='none'\" loading=\"lazy\" \/>\n\t<\/figure>\n<h2>\n\t\t\tTRASLADOS\t<\/h2>\n\t<p>El objetivo de ABAQ DMC es que tu estancia o evento sea lo m\u00e1s confortable posible y por eso tambi\u00e9n gestionamos un servicio de traslados en Andaluc\u00eda y en toda Espa\u00f1a con los veh\u00edculos m\u00e1s modernos y avanzados en seguridad, confort y calidad. Nuestras opciones var\u00edan en precio y comodidad: desde coches de alquiler, pasando por traslados privados en veh\u00edculos de lujo con conductor personal, hasta traslados de grupos en autob\u00fas o minib\u00fas.<\/p>\n\t<p><a href=\"https:\/\/abaqdmc.com\/es\/servicios-a-medida\/\">o dise\u00f1a tu propia experiencia <img decoding=\"async\" src=\"https:\/\/abaqdmc.com\/wp-content\/uploads\/2023\/03\/IcVBZXon.png.webp\" alt=\"\" width=\"16\" height=\"16\" \/><\/a><\/p>\n<h2>\n\t\t\tGASTRONOM\u00cdA\t<\/h2>\n\t<p>Andaluc\u00eda es una fiesta para los sentidos, \u00a1con tanto que ver, hacer y comer! La rica historia y cultura de esta regi\u00f3n ha influido en nuestra cocina, y la compartiremos contigo a trav\u00e9s de una amplia gama de experiencias gastron\u00f3micas que han sido especialmente dise\u00f1adas y desarrolladas siguiendo los consejos de chefs profesionales para proporcionar a los clientes de Abaq DMC las mejores experiencias gastron\u00f3micas.<\/p>\n\t<p><a href=\"https:\/\/abaqdmc.com\/es\/servicios-a-medida\/\">o dise\u00f1a tu propia experiencia <img decoding=\"async\" src=\"https:\/\/abaqdmc.com\/wp-content\/uploads\/2023\/03\/IcVBZXon.png.webp\" alt=\"\" width=\"16\" height=\"16\" \/><\/a><\/p>\n<figure itemscope itemtype=\"https:\/\/schema.org\/ImageObject\">\n\t\t\t\t<img decoding=\"async\" src=\"https:\/\/abaqdmc.com\/wp-content\/uploads\/2023\/03\/img-3.png\" alt=\"img-3\" title=\"img-3\" onerror=\"this.style.display='none'\" loading=\"lazy\" \/>\n\t<\/figure>\n<figure itemscope itemtype=\"https:\/\/schema.org\/ImageObject\">\n\t\t\t\t<img decoding=\"async\" src=\"https:\/\/abaqdmc.com\/wp-content\/uploads\/2023\/03\/img-4.png\" alt=\"img-4\" title=\"img-4\" onerror=\"this.style.display='none'\" loading=\"lazy\" \/>\n\t<\/figure>\n<h2>\n\t\t\tALOJAMIENTO\t<\/h2>\n\t<p>A la hora de organizar cualquier tipo de viaje de ocio o evento empresarial es fundamental elegir la ubicaci\u00f3n perfecta en t\u00e9rminos de log\u00edstica, conexiones, infraestructuras y buen clima. Andaluc\u00eda es una regi\u00f3n llena de posibilidades, capaz de ofrecer todo lo esperado y gratamente sorprendente a las empresas que deciden venir aqu\u00ed para sus viajes o eventos.<\/p>\n<p>En ABAQ DMC conocemos todos los entresijos de nuestra regi\u00f3n, y somos el mejor socio local para garantizar el \u00e9xito de tu evento. Nuestras tareas incluyen el asesoramiento a la hora de seleccionar el hotel o la ubicaci\u00f3n perfectos para cualquier tipo de evento.<\/p>\n<p>Desde las principales cadenas hoteleras (con las que tenemos acuerdos comerciales y con las que trabajamos a menudo para conseguir tarifas ventajosas) hasta grandes resorts, hoteles boutique, lugares y establecimientos de lujo, y lugares \u00fanicos como una m\u00e1gica y apacible casa-cueva, un palacio del siglo XVI, balnearios de la \u00e9poca \u00e1rabe y casas vanguardistas (perfectas para desconectar o para un retiro de incentivos de yoga).<\/p>\n<p>Por supuesto, tambi\u00e9n trabajamos con instalaciones para reuniones y conferencias, tanto para eventos grandes como peque\u00f1os. Ofrecemos todos los servicios necesarios para que tu evento sea un \u00e9xito (personal de seguridad, azafatas, servicios audiovisuales y t\u00e9cnicos, catering, se\u00f1alizaci\u00f3n y decoraci\u00f3n, etc.).<\/p>\n\t<p><a href=\"https:\/\/abaqdmc.com\/es\/servicios-a-medida\/\">o dise\u00f1a tu propia experiencia <img decoding=\"async\" src=\"https:\/\/abaqdmc.com\/wp-content\/uploads\/2023\/03\/IcVBZXon.png.webp\" alt=\"\" width=\"16\" height=\"16\" \/><\/a><\/p>\n<h2>\n\t\t\tSERVICIOS MICE\t<\/h2>\n\t<p>Nuestro trabajo y saber hacer nos ha posicionado como uno de los mejores DMC's y agencias receptivas de Andaluc\u00eda, prestando servicios a m\u00e1s de 36.000 viajeros al a\u00f1o gracias a una fiel red de colaboradores profesionales nacionales e internacionales. Para ofrecer el mejor servicio, tambi\u00e9n contamos con el apoyo de socios comerciales de confianza, expertos en distintos sectores como la restauraci\u00f3n, el transporte o el marketing online.\u00a0<\/p>\n<p>En ABAQ somos conscientes de la importancia de integrar la Responsabilidad Social Corporativa (RSC) en nuestros servicios MICE. Nuestros servicios de RSC est\u00e1n dise\u00f1ados para ofrecer a las empresas soluciones sostenibles que se ajusten a sus valores y objetivos. Como parte de nuestros servicios MICE, ofrecemos una planificaci\u00f3n de eventos centrada en la RSC, garantizando que todos los aspectos del evento sean respetuosos con el medio ambiente y socialmente responsables.<\/p>\n\t<p>Nuestra gesti\u00f3n de Eventos MICE incluye:<\/p>\n\t<p>Concepci\u00f3n, dise\u00f1o y gesti\u00f3n integral de eventos, servicios de consultor\u00eda y an\u00e1lisis para ayudar a definir los objetivos y resultados de un evento, b\u00fasqueda, selecci\u00f3n y contrataci\u00f3n de localizaciones exclusivas, los mejores restaurantes y servicios de catering, reserva de alojamiento, transporte privado de lujo para particulares y grandes grupos, organizaci\u00f3n y contrataci\u00f3n de espect\u00e1culos (incluyendo escenograf\u00eda y medios audiovisuales), planes de comunicaci\u00f3n, visitas personalizadas y experiencias \u00fanicas a medida (como talleres gastron\u00f3micos, yincanas y actividades de team building), todos los recursos necesarios para que cualquier tipo de evento sea inolvidable.<\/p>\n\t<p><a href=\"https:\/\/abaqdmc.com\/es\/servicios-a-medida\/\">o dise\u00f1a tu propia experiencia <img decoding=\"async\" src=\"https:\/\/abaqdmc.com\/wp-content\/uploads\/2023\/03\/IcVBZXon.png.webp\" alt=\"\" width=\"16\" height=\"16\" \/><\/a><\/p>\n<figure itemscope itemtype=\"https:\/\/schema.org\/ImageObject\">\n\t\t\t\t<img decoding=\"async\" src=\"https:\/\/abaqdmc.com\/wp-content\/uploads\/2023\/03\/img-5.png\" alt=\"img-5\" title=\"img-5\" onerror=\"this.style.display='none'\" loading=\"lazy\" \/>\n\t<\/figure>\n<h3>\n\t\t\tEXPERIENCIAS A MEDIDA EN ANDALUC\u00cdA\t<\/h3>\n\t<p>En Abaq DMC, nos esforzamos para que nuestros viajes por Andaluc\u00eda sean realmente personalizados. Nuestro equipo trabajar\u00e1 para crear un itinerario que satisfaga tus necesidades y preferencias espec\u00edficas. Tanto si tus clientes est\u00e1n interesados en explorar la cultura, las tradiciones y la gastronom\u00eda locales como en descubrir el rico patrimonio de Andaluc\u00eda a trav\u00e9s de visitas privadas a sus lugares m\u00e1s destacados, podemos adaptar cada experiencia a tu gusto.<\/p>\n<p>Nos dedicamos a proporcionar a tus clientes un viaje inolvidable, y nuestro objetivo es asegurarnos de que cada detalle del viaje se adapte a las especificaciones exactas del cliente. As\u00ed que, \u00bfpor qu\u00e9 no te sientas, te relajas y dejas que nosotros nos ocupemos del resto mientras ayudamos a los operadores tur\u00edsticos y a las EMC a sumergir a sus clientes en la vibrante historia y belleza de Andaluc\u00eda?<\/p>\n<h3>\n\t\t\tSERVICIOS A MEDIDA INSTANT\u00c1NEA\t<\/h3>\n\t<p>Nuestros servicios a medida est\u00e1n dise\u00f1ados para crear experiencias \u00fanicas y personalizadas para cada uno de nuestros clientes. Escuchamos atentamente sus preferencias y necesidades, y utilizamos nuestros amplios conocimientos y recursos para elaborar servicios inolvidables.<\/p>\n<figure itemscope itemtype=\"https:\/\/schema.org\/ImageObject\">\n\t\t\t\t<img decoding=\"async\" src=\"https:\/\/abaqdmc.com\/wp-content\/uploads\/2023\/03\/img-4.png\" alt=\"img-4\" title=\"img-4\" onerror=\"this.style.display='none'\" loading=\"lazy\" \/>\n\t<\/figure>\n\t\t\t\t\t\t<h4>GERMINANDO EL FUTURO<\/h4>\n\t\t\t<p>Participa en una actividad al aire libre con un impacto real en la lucha contra el cambio clim\u00e1tico desarrollando un proyecto de reforestaci\u00f3n combinado con un innovador trabajo en equipo sobre el cuidado y el crecimiento com\u00fan.<\/p>\n<p>Adem\u00e1s de ayudar al medio ambiente, este proceso tambi\u00e9n contribuye a sensibilizar a la poblaci\u00f3n a trav\u00e9s de contenidos en las redes sociales compartiendo las fotos y v\u00eddeos que han enviado los participantes.<\/p>\n\t\t\t\t\t\t<h4>ANDALUC\u00cdA ITINERARIO DE 10 D\u00cdAS<\/h4>\n\t\t\t<p>Explora la belleza y el encanto de Espa\u00f1a con este viaje de 10 d\u00edas y 9 noches que te llevar\u00e1 por algunos de los destinos m\u00e1s famosos y queridos del pa\u00eds.\u00a0<\/p>\n<p>Primera parada, Madrid, donde te sumergir\u00e1s en la rica cultura y estilo de vida de esta vibrante ciudad. A continuaci\u00f3n, visita Toledo y Sevilla para admirar la impresionante arquitectura que refleja las tres culturas del pa\u00eds. Marav\u00edllate con las impresionantes vistas desde el Puente Nuevo de Ronda, y experimenta la belleza de la Alhambra y los Jardines del Generalife en Granada. Por \u00faltimo, d\u00e9jate seducir por el encanto de la Gran Mezquita de C\u00f3rdoba.\u00a0<\/p>\n<p>Este recorrido es la forma perfecta de descubrir la belleza diversa y cautivadora de Espa\u00f1a.<\/p>","protected":false},"excerpt":{"rendered":"<p>ABAQ DMC SERVICIOS ABAQ DMC destaca por su exitosa trayectoria en la gesti\u00f3n de servicios y soluciones para una amplia gama de viajes de ocio, circuitos a medida, viajes corporativos, eventos y reuniones profesionales. SERVICIOS CULTURALES Y VISITAS Somos agentes oficiales de los principales monumentos de Espa\u00f1a (Sagrada Familia de Barcelona, Palacio Real de Madrid, ... <a title=\"Servicios\" class=\"read-more\" href=\"https:\/\/abaqdmc.com\/es\/services\/\" aria-label=\"Leer m\u00e1s sobre Servicios\">Leer m\u00e1s<\/a><\/p>","protected":false},"author":8,"featured_media":0,"parent":0,"menu_order":0,"comment_status":"closed","ping_status":"closed","template":"","meta":{"footnotes":""},"class_list":["post-98","page","type-page","status-publish"],"yoast_head":"<!-- This site is optimized with the Yoast SEO plugin v27.5 - https:\/\/yoast.com\/product\/yoast-seo-wordpress\/ -->\n<title>Services - ABAQ DMC<\/title>\n<meta name=\"description\" content=\"Tailor-made services for unforgettable experiences in Andalusia and beyond. Contact us or design your own bespoke experience.\" \/>\n<meta name=\"robots\" content=\"index, follow, max-snippet:-1, max-image-preview:large, max-video-preview:-1\" \/>\n<link rel=\"canonical\" href=\"https:\/\/abaqdmc.com\/es\/servicios\/\" \/>\n<meta property=\"og:locale\" content=\"es_ES\" \/>\n<meta property=\"og:type\" content=\"article\" \/>\n<meta property=\"og:title\" content=\"Services - ABAQ DMC\" \/>\n<meta property=\"og:description\" content=\"Tailor-made services for unforgettable experiences in Andalusia and beyond. Contact us or design your own bespoke experience.\" \/>\n<meta property=\"og:url\" content=\"https:\/\/abaqdmc.com\/es\/servicios\/\" \/>\n<meta property=\"og:site_name\" content=\"ABAQ\" \/>\n<meta property=\"article:modified_time\" content=\"2026-04-14T08:33:16+00:00\" \/>\n<meta property=\"og:image\" content=\"https:\/\/abaqdmc.com\/wp-content\/uploads\/2023\/03\/img-1.png\" \/>\n<meta name=\"twitter:card\" content=\"summary_large_image\" \/>\n<meta name=\"twitter:label1\" content=\"Tiempo de lectura\" \/>\n\t<meta name=\"twitter:data1\" content=\"9 minutos\" \/>\n<script type=\"application\/ld+json\" class=\"yoast-schema-graph\">{\"@context\":\"https:\\\/\\\/schema.org\",\"@graph\":[{\"@type\":\"WebPage\",\"@id\":\"https:\\\/\\\/abaqdmc.com\\\/services\\\/\",\"url\":\"https:\\\/\\\/abaqdmc.com\\\/services\\\/\",\"name\":\"Services - ABAQ DMC\",\"isPartOf\":{\"@id\":\"https:\\\/\\\/abaqdmc.com\\\/#website\"},\"primaryImageOfPage\":{\"@id\":\"https:\\\/\\\/abaqdmc.com\\\/services\\\/#primaryimage\"},\"image\":{\"@id\":\"https:\\\/\\\/abaqdmc.com\\\/services\\\/#primaryimage\"},\"thumbnailUrl\":\"https:\\\/\\\/abaqdmc.com\\\/wp-content\\\/uploads\\\/2023\\\/03\\\/img-1.png\",\"datePublished\":\"2023-03-29T12:14:52+00:00\",\"dateModified\":\"2026-04-14T08:33:16+00:00\",\"description\":\"Tailor-made services for unforgettable experiences in Andalusia and beyond. Contact us or design your own bespoke experience.\",\"breadcrumb\":{\"@id\":\"https:\\\/\\\/abaqdmc.com\\\/services\\\/#breadcrumb\"},\"inLanguage\":\"es\",\"potentialAction\":[{\"@type\":\"ReadAction\",\"target\":[\"https:\\\/\\\/abaqdmc.com\\\/services\\\/\"]}]},{\"@type\":\"ImageObject\",\"inLanguage\":\"es\",\"@id\":\"https:\\\/\\\/abaqdmc.com\\\/services\\\/#primaryimage\",\"url\":\"https:\\\/\\\/abaqdmc.com\\\/wp-content\\\/uploads\\\/2023\\\/03\\\/img-1.png\",\"contentUrl\":\"https:\\\/\\\/abaqdmc.com\\\/wp-content\\\/uploads\\\/2023\\\/03\\\/img-1.png\"},{\"@type\":\"BreadcrumbList\",\"@id\":\"https:\\\/\\\/abaqdmc.com\\\/services\\\/#breadcrumb\",\"itemListElement\":[{\"@type\":\"ListItem\",\"position\":1,\"name\":\"Portada\",\"item\":\"https:\\\/\\\/abaqdmc.com\\\/\"},{\"@type\":\"ListItem\",\"position\":2,\"name\":\"Services\"}]},{\"@type\":\"WebSite\",\"@id\":\"https:\\\/\\\/abaqdmc.com\\\/#website\",\"url\":\"https:\\\/\\\/abaqdmc.com\\\/\",\"name\":\"ABAQ DMC\",\"description\":\"ABAQ DMC is a Destination Management Company based in Granada, Spain.\",\"publisher\":{\"@id\":\"https:\\\/\\\/abaqdmc.com\\\/#organization\"},\"alternateName\":\"ABAQ Destination Management Company\",\"potentialAction\":[{\"@type\":\"SearchAction\",\"target\":{\"@type\":\"EntryPoint\",\"urlTemplate\":\"https:\\\/\\\/abaqdmc.com\\\/?s={search_term_string}\"},\"query-input\":{\"@type\":\"PropertyValueSpecification\",\"valueRequired\":true,\"valueName\":\"search_term_string\"}}],\"inLanguage\":\"es\"},{\"@type\":\"Organization\",\"@id\":\"https:\\\/\\\/abaqdmc.com\\\/#organization\",\"name\":\"ABAQ\",\"alternateName\":\"ABAQ Destination Management Company\",\"url\":\"https:\\\/\\\/abaqdmc.com\\\/\",\"logo\":{\"@type\":\"ImageObject\",\"inLanguage\":\"es\",\"@id\":\"https:\\\/\\\/abaqdmc.com\\\/#\\\/schema\\\/logo\\\/image\\\/\",\"url\":\"https:\\\/\\\/abaqdmc.com\\\/wp-content\\\/uploads\\\/2023\\\/04\\\/abaq-black-1.png\",\"contentUrl\":\"https:\\\/\\\/abaqdmc.com\\\/wp-content\\\/uploads\\\/2023\\\/04\\\/abaq-black-1.png\",\"width\":100,\"height\":42,\"caption\":\"ABAQ\"},\"image\":{\"@id\":\"https:\\\/\\\/abaqdmc.com\\\/#\\\/schema\\\/logo\\\/image\\\/\"}}]}<\/script>\n<!-- \/ Yoast SEO plugin. -->","yoast_head_json":{"title":"Servicios - ABAQ DMC","description":"Servicios a medida para experiencias inolvidables en Andaluc\u00eda y m\u00e1s all\u00e1. Ponte en contacto con nosotros o dise\u00f1a tu propia experiencia a medida.","robots":{"index":"index","follow":"follow","max-snippet":"max-snippet:-1","max-image-preview":"max-image-preview:large","max-video-preview":"max-video-preview:-1"},"canonical":"https:\/\/abaqdmc.com\/es\/servicios\/","og_locale":"es_ES","og_type":"article","og_title":"Services - ABAQ DMC","og_description":"Tailor-made services for unforgettable experiences in Andalusia and beyond. Contact us or design your own bespoke experience.","og_url":"https:\/\/abaqdmc.com\/es\/servicios\/","og_site_name":"ABAQ","article_modified_time":"2026-04-14T08:33:16+00:00","og_image":[{"url":"https:\/\/abaqdmc.com\/wp-content\/uploads\/2023\/03\/img-1.png","type":"","width":"","height":""}],"twitter_card":"summary_large_image","twitter_misc":{"Tiempo de lectura":"9 minutos"},"schema":{"@context":"https:\/\/schema.org","@graph":[{"@type":"WebPage","@id":"https:\/\/abaqdmc.com\/services\/","url":"https:\/\/abaqdmc.com\/services\/","name":"Servicios - ABAQ DMC","isPartOf":{"@id":"https:\/\/abaqdmc.com\/#website"},"primaryImageOfPage":{"@id":"https:\/\/abaqdmc.com\/services\/#primaryimage"},"image":{"@id":"https:\/\/abaqdmc.com\/services\/#primaryimage"},"thumbnailUrl":"https:\/\/abaqdmc.com\/wp-content\/uploads\/2023\/03\/img-1.png","datePublished":"2023-03-29T12:14:52+00:00","dateModified":"2026-04-14T08:33:16+00:00","description":"Servicios a medida para experiencias inolvidables en Andaluc\u00eda y m\u00e1s all\u00e1. Ponte en contacto con nosotros o dise\u00f1a tu propia experiencia a medida.","breadcrumb":{"@id":"https:\/\/abaqdmc.com\/services\/#breadcrumb"},"inLanguage":"es","potentialAction":[{"@type":"ReadAction","target":["https:\/\/abaqdmc.com\/services\/"]}]},{"@type":"ImageObject","inLanguage":"es","@id":"https:\/\/abaqdmc.com\/services\/#primaryimage","url":"https:\/\/abaqdmc.com\/wp-content\/uploads\/2023\/03\/img-1.png","contentUrl":"https:\/\/abaqdmc.com\/wp-content\/uploads\/2023\/03\/img-1.png"},{"@type":"BreadcrumbList","@id":"https:\/\/abaqdmc.com\/services\/#breadcrumb","itemListElement":[{"@type":"ListItem","position":1,"name":"Portada","item":"https:\/\/abaqdmc.com\/"},{"@type":"ListItem","position":2,"name":"Services"}]},{"@type":"WebSite","@id":"https:\/\/abaqdmc.com\/#website","url":"https:\/\/abaqdmc.com\/","name":"ABAQ DMC","description":"ABAQ DMC es una empresa de gesti\u00f3n de destinos con sede en Granada, Espa\u00f1a.","publisher":{"@id":"https:\/\/abaqdmc.com\/#organization"},"alternateName":"ABAQ Destination Management Company","potentialAction":[{"@type":"SearchAction","target":{"@type":"EntryPoint","urlTemplate":"https:\/\/abaqdmc.com\/?s={search_term_string}"},"query-input":{"@type":"PropertyValueSpecification","valueRequired":true,"valueName":"search_term_string"}}],"inLanguage":"es"},{"@type":"Organization","@id":"https:\/\/abaqdmc.com\/#organization","name":"ABAQ","alternateName":"ABAQ Destination Management Company","url":"https:\/\/abaqdmc.com\/","logo":{"@type":"ImageObject","inLanguage":"es","@id":"https:\/\/abaqdmc.com\/#\/schema\/logo\/image\/","url":"https:\/\/abaqdmc.com\/wp-content\/uploads\/2023\/04\/abaq-black-1.png","contentUrl":"https:\/\/abaqdmc.com\/wp-content\/uploads\/2023\/04\/abaq-black-1.png","width":100,"height":42,"caption":"ABAQ"},"image":{"@id":"https:\/\/abaqdmc.com\/#\/schema\/logo\/image\/"}}]}},"_links":{"self":[{"href":"https:\/\/abaqdmc.com\/es\/wp-json\/wp\/v2\/pages\/98","targetHints":{"allow":["GET"]}}],"collection":[{"href":"https:\/\/abaqdmc.com\/es\/wp-json\/wp\/v2\/pages"}],"about":[{"href":"https:\/\/abaqdmc.com\/es\/wp-json\/wp\/v2\/types\/page"}],"author":[{"embeddable":true,"href":"https:\/\/abaqdmc.com\/es\/wp-json\/wp\/v2\/users\/8"}],"replies":[{"embeddable":true,"href":"https:\/\/abaqdmc.com\/es\/wp-json\/wp\/v2\/comments?post=98"}],"version-history":[{"count":15,"href":"https:\/\/abaqdmc.com\/es\/wp-json\/wp\/v2\/pages\/98\/revisions"}],"predecessor-version":[{"id":2144,"href":"https:\/\/abaqdmc.com\/es\/wp-json\/wp\/v2\/pages\/98\/revisions\/2144"}],"wp:attachment":[{"href":"https:\/\/abaqdmc.com\/es\/wp-json\/wp\/v2\/media?parent=98"}],"curies":[{"name":"wp","href":"https:\/\/api.w.org\/{rel}","templated":true}]}}